{"id":9099,"date":"2025-06-27T09:31:43","date_gmt":"2025-06-27T07:31:43","guid":{"rendered":"https:\/\/doctorquality.it\/staging\/?post_type=product&#038;p=9099"},"modified":"2026-04-15T10:47:43","modified_gmt":"2026-04-15T08:47:43","slug":"hugo-boss-bottled-eau-de-toilette-spray-30-ml","status":"publish","type":"product","link":"https:\/\/doctorquality.it\/staging\/prodotto\/hugo-boss-bottled-eau-de-toilette-spray-30-ml\/","title":{"rendered":"Hugo Boss Bottled Eau de Toilette Spray 30 ml"},"content":{"rendered":"<h2>Hugo Boss Bottled Eau de Toilette Spray 30 ml: L&#8217;Essenza dell&#8217;Uomo Moderno<\/h2>\n<p>&nbsp;<\/p>\n<p>Scopri <b>Hugo Boss Bottled Eau de Toilette Spray 30 ml<\/b>, la fragranza iconica che definisce l&#8217;uomo di oggi: sicuro di s\u00e9, dinamico ed elegante. Questo formato da <b>30 ml<\/b> \u00e8 perfetto per chi \u00e8 sempre in movimento, ideale da portare con s\u00e9 per un tocco di freschezza e raffinatezza in ogni momento.<\/p>\n<p><b>Boss Bottled<\/b> si apre con note vivaci e fruttate di mela e agrumi, che lasciano il posto a un cuore caldo e speziato di geranio, cannella e chiodi di garofano. Il fondo, ricco e legnoso, con sandalo, vetiver e legno di cedro, conferisce alla <b>fragranza Boss Bottled<\/b> una scia maschile e sofisticata che dura a lungo.<\/p>\n<p>Sia per l&#8217;ufficio, per una serata speciale o per l&#8217;uso quotidiano, questo <b>profumo Hugo Boss Bottled<\/b> \u00e8 la scelta perfetta per l&#8217;uomo che non rinuncia mai al suo stile. Acquista l&#8217;originale <b>Hugo Boss Bottled EDT 30 ml<\/b> e avvolgiti in un&#8217;aura di inconfondibile carisma.<\/p>\n<p>Hugo Boss Bottled 30 ml, Boss Bottled, Eau de Toilette uomo, profumo Hugo Boss, fragranza maschile, Boss Bottled originale, EDT 30 ml, profumo uomo Hugo Boss Bottled, Boss Bottled piccolo formato, acquista Boss Bottled.<\/p>\n","protected":false},"excerpt":{"rendered":"<p><b>Hugo Boss Bottled 30 ml<\/b> \u00e8 l&#8217;<b>Eau de Toilette<\/b> essenziale per l&#8217;uomo contemporaneo. Questa <b>fragranza maschile<\/b> iconica cattura l&#8217;essenza della sicurezza di s\u00e9 e dell&#8217;eleganza, con le sue note fresche di mela, un cuore speziato e un fondo legnoso. \u00c8 il formato perfetto per avere sempre con te il tuo profumo distintivo.<\/p>\n","protected":false},"featured_media":9101,"comment_status":"open","ping_status":"closed","template":"","meta":{"_acf_changed":false},"product_cat":[111],"product_tag":[],"class_list":{"0":"post-9099","1":"product","2":"type-product","3":"status-publish","4":"has-post-thumbnail","6":"product_brand-hugo-boss","7":"product_cat-profumi","9":"first","10":"outofstock","11":"taxable","12":"shipping-taxable","13":"purchasable","14":"product-type-simple"},"supplier_id":null,"supplier_sku":"","barcode":null,"atum_controlled":true,"out_stock_date":null,"out_stock_threshold":null,"inheritable":false,"inbound_stock":0,"stock_on_hold":0,"sold_today":0,"sales_last_days":0,"reserved_stock":0,"customer_returns":0,"warehouse_damage":0,"lost_in_post":0,"other_logs":0,"out_stock_days":0,"lost_sales":0,"has_location":false,"update_date":"2026-04-27T01:15:08","atum_locations":[],"atum_stock_status":"outofstock","restock_status":false,"low_stock_amount":"","sales_update_date":"2026-04-27T01:15:08","calc_backorders":null,"acf":[],"yoast_head":"<!-- This site is optimized with the Yoast SEO plugin v27.4 - https:\/\/yoast.com\/product\/yoast-seo-wordpress\/ -->\n<title>Hugo Boss Bottled Eau de Toilette Spray 30 ml - Doctor Quality - Staging<\/title>\n<meta name=\"robots\" content=\"noindex, follow, max-snippet:-1, max-image-preview:large, max-video-preview:-1\" \/>\n<meta property=\"og:locale\" content=\"it_IT\" \/>\n<meta property=\"og:type\" content=\"article\" \/>\n<meta property=\"og:title\" content=\"Hugo Boss Bottled Eau de Toilette Spray 30 ml - Doctor Quality - Staging\" \/>\n<meta property=\"og:description\" content=\"Hugo Boss Bottled 30 ml \u00e8 l&#039;Eau de Toilette essenziale per l&#039;uomo contemporaneo. Questa fragranza maschile iconica cattura l&#039;essenza della sicurezza di s\u00e9 e dell&#039;eleganza, con le sue note fresche di mela, un cuore speziato e un fondo legnoso. \u00c8 il formato perfetto per avere sempre con te il tuo profumo distintivo.\" \/>\n<meta property=\"og:url\" content=\"https:\/\/doctorquality.it\/staging\/prodotto\/hugo-boss-bottled-eau-de-toilette-spray-30-ml\/\" \/>\n<meta property=\"og:site_name\" content=\"Doctor Quality - Staging\" \/>\n<meta property=\"article:modified_time\" content=\"2026-04-15T08:47:43+00:00\" \/>\n<meta property=\"og:image\" content=\"https:\/\/doctorquality.it\/staging\/wp-content\/uploads\/2025\/06\/hugo-boss-boss-bottled-eau-de-toilette-uomo-30-ml-226021.jpg\" \/>\n\t<meta property=\"og:image:width\" content=\"1000\" \/>\n\t<meta property=\"og:image:height\" content=\"1000\" \/>\n\t<meta property=\"og:image:type\" content=\"image\/jpeg\" \/>\n<meta name=\"twitter:card\" content=\"summary_large_image\" \/>\n<meta name=\"twitter:label1\" content=\"Tempo di lettura stimato\" \/>\n\t<meta name=\"twitter:data1\" content=\"2 minuti\" \/>\n<script type=\"application\/ld+json\" class=\"yoast-schema-graph\">{\"@context\":\"https:\\\/\\\/schema.org\",\"@graph\":[{\"@type\":\"WebPage\",\"@id\":\"https:\\\/\\\/doctorquality.it\\\/staging\\\/prodotto\\\/hugo-boss-bottled-eau-de-toilette-spray-30-ml\\\/\",\"url\":\"https:\\\/\\\/doctorquality.it\\\/staging\\\/prodotto\\\/hugo-boss-bottled-eau-de-toilette-spray-30-ml\\\/\",\"name\":\"Hugo Boss Bottled Eau de Toilette Spray 30 ml - Doctor Quality - Staging\",\"isPartOf\":{\"@id\":\"https:\\\/\\\/doctorquality.it\\\/staging\\\/#website\"},\"primaryImageOfPage\":{\"@id\":\"https:\\\/\\\/doctorquality.it\\\/staging\\\/prodotto\\\/hugo-boss-bottled-eau-de-toilette-spray-30-ml\\\/#primaryimage\"},\"image\":{\"@id\":\"https:\\\/\\\/doctorquality.it\\\/staging\\\/prodotto\\\/hugo-boss-bottled-eau-de-toilette-spray-30-ml\\\/#primaryimage\"},\"thumbnailUrl\":\"https:\\\/\\\/doctorquality.it\\\/staging\\\/wp-content\\\/uploads\\\/2025\\\/06\\\/hugo-boss-boss-bottled-eau-de-toilette-uomo-30-ml-226021.jpg\",\"datePublished\":\"2025-06-27T07:31:43+00:00\",\"dateModified\":\"2026-04-15T08:47:43+00:00\",\"breadcrumb\":{\"@id\":\"https:\\\/\\\/doctorquality.it\\\/staging\\\/prodotto\\\/hugo-boss-bottled-eau-de-toilette-spray-30-ml\\\/#breadcrumb\"},\"inLanguage\":\"it-IT\",\"potentialAction\":[{\"@type\":\"ReadAction\",\"target\":[\"https:\\\/\\\/doctorquality.it\\\/staging\\\/prodotto\\\/hugo-boss-bottled-eau-de-toilette-spray-30-ml\\\/\"]}]},{\"@type\":\"ImageObject\",\"inLanguage\":\"it-IT\",\"@id\":\"https:\\\/\\\/doctorquality.it\\\/staging\\\/prodotto\\\/hugo-boss-bottled-eau-de-toilette-spray-30-ml\\\/#primaryimage\",\"url\":\"https:\\\/\\\/doctorquality.it\\\/staging\\\/wp-content\\\/uploads\\\/2025\\\/06\\\/hugo-boss-boss-bottled-eau-de-toilette-uomo-30-ml-226021.jpg\",\"contentUrl\":\"https:\\\/\\\/doctorquality.it\\\/staging\\\/wp-content\\\/uploads\\\/2025\\\/06\\\/hugo-boss-boss-bottled-eau-de-toilette-uomo-30-ml-226021.jpg\",\"width\":1000,\"height\":1000},{\"@type\":\"BreadcrumbList\",\"@id\":\"https:\\\/\\\/doctorquality.it\\\/staging\\\/prodotto\\\/hugo-boss-bottled-eau-de-toilette-spray-30-ml\\\/#breadcrumb\",\"itemListElement\":[{\"@type\":\"ListItem\",\"position\":1,\"name\":\"Home\",\"item\":\"https:\\\/\\\/doctorquality.it\\\/staging\\\/\"},{\"@type\":\"ListItem\",\"position\":2,\"name\":\"Shop\",\"item\":\"https:\\\/\\\/doctorquality.it\\\/staging\\\/shop\\\/\"},{\"@type\":\"ListItem\",\"position\":3,\"name\":\"Hugo Boss Bottled Eau de Toilette Spray 30 ml\"}]},{\"@type\":\"WebSite\",\"@id\":\"https:\\\/\\\/doctorquality.it\\\/staging\\\/#website\",\"url\":\"https:\\\/\\\/doctorquality.it\\\/staging\\\/\",\"name\":\"Doctor Quality - Staging\",\"description\":\"I migliori Integratori e Medicinali al miglior prezzo online.\",\"publisher\":{\"@id\":\"https:\\\/\\\/doctorquality.it\\\/staging\\\/#organization\"},\"potentialAction\":[{\"@type\":\"SearchAction\",\"target\":{\"@type\":\"EntryPoint\",\"urlTemplate\":\"https:\\\/\\\/doctorquality.it\\\/staging\\\/?s={search_term_string}\"},\"query-input\":{\"@type\":\"PropertyValueSpecification\",\"valueRequired\":true,\"valueName\":\"search_term_string\"}}],\"inLanguage\":\"it-IT\"},{\"@type\":\"Organization\",\"@id\":\"https:\\\/\\\/doctorquality.it\\\/staging\\\/#organization\",\"name\":\"Doctor Quality - Staging\",\"url\":\"https:\\\/\\\/doctorquality.it\\\/staging\\\/\",\"logo\":{\"@type\":\"ImageObject\",\"inLanguage\":\"it-IT\",\"@id\":\"https:\\\/\\\/doctorquality.it\\\/staging\\\/#\\\/schema\\\/logo\\\/image\\\/\",\"url\":\"https:\\\/\\\/doctorquality.it\\\/staging\\\/wp-content\\\/uploads\\\/2022\\\/04\\\/Doctor-Quality-Logo-1.png\",\"contentUrl\":\"https:\\\/\\\/doctorquality.it\\\/staging\\\/wp-content\\\/uploads\\\/2022\\\/04\\\/Doctor-Quality-Logo-1.png\",\"width\":1000,\"height\":200,\"caption\":\"Doctor Quality - Staging\"},\"image\":{\"@id\":\"https:\\\/\\\/doctorquality.it\\\/staging\\\/#\\\/schema\\\/logo\\\/image\\\/\"}}]}<\/script>\n<!-- \/ Yoast SEO plugin. -->","yoast_head_json":{"title":"Hugo Boss Bottled Eau de Toilette Spray 30 ml - Doctor Quality - Staging","robots":{"index":"noindex","follow":"follow","max-snippet":"max-snippet:-1","max-image-preview":"max-image-preview:large","max-video-preview":"max-video-preview:-1"},"og_locale":"it_IT","og_type":"article","og_title":"Hugo Boss Bottled Eau de Toilette Spray 30 ml - Doctor Quality - Staging","og_description":"Hugo Boss Bottled 30 ml \u00e8 l'Eau de Toilette essenziale per l'uomo contemporaneo. Questa fragranza maschile iconica cattura l'essenza della sicurezza di s\u00e9 e dell'eleganza, con le sue note fresche di mela, un cuore speziato e un fondo legnoso. \u00c8 il formato perfetto per avere sempre con te il tuo profumo distintivo.","og_url":"https:\/\/doctorquality.it\/staging\/prodotto\/hugo-boss-bottled-eau-de-toilette-spray-30-ml\/","og_site_name":"Doctor Quality - Staging","article_modified_time":"2026-04-15T08:47:43+00:00","og_image":[{"width":1000,"height":1000,"url":"https:\/\/doctorquality.it\/staging\/wp-content\/uploads\/2025\/06\/hugo-boss-boss-bottled-eau-de-toilette-uomo-30-ml-226021.jpg","type":"image\/jpeg"}],"twitter_card":"summary_large_image","twitter_misc":{"Tempo di lettura stimato":"2 minuti"},"schema":{"@context":"https:\/\/schema.org","@graph":[{"@type":"WebPage","@id":"https:\/\/doctorquality.it\/staging\/prodotto\/hugo-boss-bottled-eau-de-toilette-spray-30-ml\/","url":"https:\/\/doctorquality.it\/staging\/prodotto\/hugo-boss-bottled-eau-de-toilette-spray-30-ml\/","name":"Hugo Boss Bottled Eau de Toilette Spray 30 ml - Doctor Quality - Staging","isPartOf":{"@id":"https:\/\/doctorquality.it\/staging\/#website"},"primaryImageOfPage":{"@id":"https:\/\/doctorquality.it\/staging\/prodotto\/hugo-boss-bottled-eau-de-toilette-spray-30-ml\/#primaryimage"},"image":{"@id":"https:\/\/doctorquality.it\/staging\/prodotto\/hugo-boss-bottled-eau-de-toilette-spray-30-ml\/#primaryimage"},"thumbnailUrl":"https:\/\/doctorquality.it\/staging\/wp-content\/uploads\/2025\/06\/hugo-boss-boss-bottled-eau-de-toilette-uomo-30-ml-226021.jpg","datePublished":"2025-06-27T07:31:43+00:00","dateModified":"2026-04-15T08:47:43+00:00","breadcrumb":{"@id":"https:\/\/doctorquality.it\/staging\/prodotto\/hugo-boss-bottled-eau-de-toilette-spray-30-ml\/#breadcrumb"},"inLanguage":"it-IT","potentialAction":[{"@type":"ReadAction","target":["https:\/\/doctorquality.it\/staging\/prodotto\/hugo-boss-bottled-eau-de-toilette-spray-30-ml\/"]}]},{"@type":"ImageObject","inLanguage":"it-IT","@id":"https:\/\/doctorquality.it\/staging\/prodotto\/hugo-boss-bottled-eau-de-toilette-spray-30-ml\/#primaryimage","url":"https:\/\/doctorquality.it\/staging\/wp-content\/uploads\/2025\/06\/hugo-boss-boss-bottled-eau-de-toilette-uomo-30-ml-226021.jpg","contentUrl":"https:\/\/doctorquality.it\/staging\/wp-content\/uploads\/2025\/06\/hugo-boss-boss-bottled-eau-de-toilette-uomo-30-ml-226021.jpg","width":1000,"height":1000},{"@type":"BreadcrumbList","@id":"https:\/\/doctorquality.it\/staging\/prodotto\/hugo-boss-bottled-eau-de-toilette-spray-30-ml\/#breadcrumb","itemListElement":[{"@type":"ListItem","position":1,"name":"Home","item":"https:\/\/doctorquality.it\/staging\/"},{"@type":"ListItem","position":2,"name":"Shop","item":"https:\/\/doctorquality.it\/staging\/shop\/"},{"@type":"ListItem","position":3,"name":"Hugo Boss Bottled Eau de Toilette Spray 30 ml"}]},{"@type":"WebSite","@id":"https:\/\/doctorquality.it\/staging\/#website","url":"https:\/\/doctorquality.it\/staging\/","name":"Doctor Quality - Staging","description":"I migliori Integratori e Medicinali al miglior prezzo online.","publisher":{"@id":"https:\/\/doctorquality.it\/staging\/#organization"},"potentialAction":[{"@type":"SearchAction","target":{"@type":"EntryPoint","urlTemplate":"https:\/\/doctorquality.it\/staging\/?s={search_term_string}"},"query-input":{"@type":"PropertyValueSpecification","valueRequired":true,"valueName":"search_term_string"}}],"inLanguage":"it-IT"},{"@type":"Organization","@id":"https:\/\/doctorquality.it\/staging\/#organization","name":"Doctor Quality - Staging","url":"https:\/\/doctorquality.it\/staging\/","logo":{"@type":"ImageObject","inLanguage":"it-IT","@id":"https:\/\/doctorquality.it\/staging\/#\/schema\/logo\/image\/","url":"https:\/\/doctorquality.it\/staging\/wp-content\/uploads\/2022\/04\/Doctor-Quality-Logo-1.png","contentUrl":"https:\/\/doctorquality.it\/staging\/wp-content\/uploads\/2022\/04\/Doctor-Quality-Logo-1.png","width":1000,"height":200,"caption":"Doctor Quality - Staging"},"image":{"@id":"https:\/\/doctorquality.it\/staging\/#\/schema\/logo\/image\/"}}]}},"tiered_pricing_type":"fixed","tiered_pricing_fixed_rules":[],"tiered_pricing_product_settings":{"layout":"default","base_unit_name":{"singular":null,"plural":null},"default_variation":null},"tiered_pricing_minimum_quantity":null,"tiered_pricing_roles_data":[],"tiered_pricing_percentage_rules":[],"_links":{"self":[{"href":"https:\/\/doctorquality.it\/staging\/wp-json\/wp\/v2\/product\/9099","targetHints":{"allow":["GET"]}}],"collection":[{"href":"https:\/\/doctorquality.it\/staging\/wp-json\/wp\/v2\/product"}],"about":[{"href":"https:\/\/doctorquality.it\/staging\/wp-json\/wp\/v2\/types\/product"}],"replies":[{"embeddable":true,"href":"https:\/\/doctorquality.it\/staging\/wp-json\/wp\/v2\/comments?post=9099"}],"wp:featuredmedia":[{"embeddable":true,"href":"https:\/\/doctorquality.it\/staging\/wp-json\/wp\/v2\/media\/9101"}],"wp:attachment":[{"href":"https:\/\/doctorquality.it\/staging\/wp-json\/wp\/v2\/media?parent=9099"}],"wp:term":[{"taxonomy":"product_cat","embeddable":true,"href":"https:\/\/doctorquality.it\/staging\/wp-json\/wp\/v2\/product_cat?post=9099"},{"taxonomy":"product_tag","embeddable":true,"href":"https:\/\/doctorquality.it\/staging\/wp-json\/wp\/v2\/product_tag?post=9099"}],"curies":[{"name":"wp","href":"https:\/\/api.w.org\/{rel}","templated":true}]}}