{"id":38678,"date":"2026-03-19T16:59:26","date_gmt":"2026-03-19T15:59:26","guid":{"rendered":"https:\/\/doctorquality.it\/staging\/prodotto\/retinol-complex-capelli-spray-pre-piastra-effetto-seta-100ml\/"},"modified":"2026-04-27T14:34:17","modified_gmt":"2026-04-27T12:34:17","slug":"retinol-complex-capelli-spray-pre-piastra-effetto-seta-100ml","status":"publish","type":"product","link":"https:\/\/doctorquality.it\/staging\/prodotto\/retinol-complex-capelli-spray-pre-piastra-effetto-seta-100ml\/","title":{"rendered":"Retinol complex capelli spray pre piastra effetto seta 100ml"},"content":{"rendered":"<p>Spray lucidante effetto seta liscia e lucida con facilit\u00e0 garantendo un effetto anticrespo. <br \/>Rende i capelli lisci, protegge dagli effetti dannosi di spazzola e phon e dagli agenti atmosferici che elettrizzano e increspano il capello. Consigliato per chi usa soventemente la piastra per i capelli. <br \/>Gli oli essenziali presenti in formula contengono validi principi nutritivi come proteine, minerali e vitamine, e svolgono un\u2019azione ammorbidente e nutriente sul capello tale da renderlo pi\u00f9 robusto e docile al pettine, donano luce e vitalit\u00e0 alle chiome pi\u00f9 spente, ha una buona affinit\u00e0 con il cuoio capelluto. <br \/>Possiede propriet\u00e0 emollienti e lubrificanti e a contatto con i capelli ne asporta le impurit\u00e0, agisce sul cuoio capelluto con una progressiva azione riequilibrante.<\/p>\n<p>Con Pantenolo e Cheratina Idrolizzata<\/p>\n<p>I capelli sono morbidi, docili al pettine ed estremamente luminosi.<\/p>\n<p>Inoltre possiede propriet\u00e0 lubrificanti che asporta le impurit\u00e0 dai capelli ed agisce sul cuoio capelluto con una progressiva azione riequilibrante.<\/p>\n<p>Modo d\u2019uso<\/p>\n<p>Vaporizzare Spray Pre Piastra sui capelli lavati e tamponati e distribuite uniformemente su tutta la lunghezza, non risciacquare. Procedere all\u2019asciugatura con il phon e piastra.<\/p>\n<p>Formato: flacone spray 100ml<\/p>\n<p><strong>Contenuto del pacco:<\/strong><\/p>\n<p>Nr.1 Flacone Retinol spray<\/p>\n","protected":false},"excerpt":{"rendered":"<p>Spray lucidante effetto seta liscia e lucida con facilit\u00e0 garantendo un effetto anticrespo. Rende i capelli lisci, protegge dagli effetti dannosi di spazzola e phon e dagli agenti atmosferici che elettrizzano e increspano il capello. Consigliato per chi usa soventemente la piastra per i capelli. Gli oli essenziali presenti in formula contengono validi principi nutritivi [&hellip;]<\/p>\n","protected":false},"featured_media":38677,"comment_status":"open","ping_status":"closed","template":"","meta":{"_acf_changed":false},"product_cat":[47],"product_tag":[],"class_list":{"0":"post-38678","1":"product","2":"type-product","3":"status-publish","4":"has-post-thumbnail","6":"product_cat-varie","8":"first","9":"instock","10":"taxable","11":"shipping-taxable","12":"purchasable","13":"product-type-simple"},"supplier_id":null,"supplier_sku":"","barcode":null,"atum_controlled":false,"out_stock_date":null,"out_stock_threshold":null,"inheritable":false,"inbound_stock":null,"stock_on_hold":0,"sold_today":0,"sales_last_days":0,"reserved_stock":null,"customer_returns":null,"warehouse_damage":null,"lost_in_post":null,"other_logs":null,"out_stock_days":0,"lost_sales":0,"has_location":null,"update_date":"2026-04-27T12:34:23","atum_locations":[],"atum_stock_status":"instock","restock_status":false,"low_stock_amount":"","sales_update_date":"2026-04-27T01:14:05","calc_backorders":null,"acf":[],"yoast_head":"<!-- This site is optimized with the Yoast SEO plugin v27.4 - https:\/\/yoast.com\/product\/yoast-seo-wordpress\/ -->\n<title>Retinol complex capelli spray pre piastra effetto seta 100ml - Doctor Quality - Staging<\/title>\n<meta name=\"robots\" content=\"noindex, follow, max-snippet:-1, max-image-preview:large, max-video-preview:-1\" \/>\n<meta property=\"og:locale\" content=\"it_IT\" \/>\n<meta property=\"og:type\" content=\"article\" \/>\n<meta property=\"og:title\" content=\"Retinol complex capelli spray pre piastra effetto seta 100ml - Doctor Quality - Staging\" \/>\n<meta property=\"og:description\" content=\"Spray lucidante effetto seta liscia e lucida con facilit\u00e0 garantendo un effetto anticrespo. Rende i capelli lisci, protegge dagli effetti dannosi di spazzola e phon e dagli agenti atmosferici che elettrizzano e increspano il capello. Consigliato per chi usa soventemente la piastra per i capelli. Gli oli essenziali presenti in formula contengono validi principi nutritivi [&hellip;]\" \/>\n<meta property=\"og:url\" content=\"https:\/\/doctorquality.it\/staging\/prodotto\/retinol-complex-capelli-spray-pre-piastra-effetto-seta-100ml\/\" \/>\n<meta property=\"og:site_name\" content=\"Doctor Quality - Staging\" \/>\n<meta property=\"article:modified_time\" content=\"2026-04-27T12:34:17+00:00\" \/>\n<meta name=\"twitter:card\" content=\"summary_large_image\" \/>\n<meta name=\"twitter:label1\" content=\"Tempo di lettura stimato\" \/>\n\t<meta name=\"twitter:data1\" content=\"1 minuto\" \/>\n<script type=\"application\/ld+json\" class=\"yoast-schema-graph\">{\"@context\":\"https:\\\/\\\/schema.org\",\"@graph\":[{\"@type\":\"WebPage\",\"@id\":\"https:\\\/\\\/doctorquality.it\\\/staging\\\/prodotto\\\/retinol-complex-capelli-spray-pre-piastra-effetto-seta-100ml\\\/\",\"url\":\"https:\\\/\\\/doctorquality.it\\\/staging\\\/prodotto\\\/retinol-complex-capelli-spray-pre-piastra-effetto-seta-100ml\\\/\",\"name\":\"Retinol complex capelli spray pre piastra effetto seta 100ml - Doctor Quality - Staging\",\"isPartOf\":{\"@id\":\"https:\\\/\\\/doctorquality.it\\\/staging\\\/#website\"},\"primaryImageOfPage\":{\"@id\":\"https:\\\/\\\/doctorquality.it\\\/staging\\\/prodotto\\\/retinol-complex-capelli-spray-pre-piastra-effetto-seta-100ml\\\/#primaryimage\"},\"image\":{\"@id\":\"https:\\\/\\\/doctorquality.it\\\/staging\\\/prodotto\\\/retinol-complex-capelli-spray-pre-piastra-effetto-seta-100ml\\\/#primaryimage\"},\"thumbnailUrl\":\"https:\\\/\\\/doctorquality.it\\\/staging\\\/wp-content\\\/uploads\\\/2026\\\/03\\\/sf1bs51f98s51.jpg\",\"datePublished\":\"2026-03-19T15:59:26+00:00\",\"dateModified\":\"2026-04-27T12:34:17+00:00\",\"breadcrumb\":{\"@id\":\"https:\\\/\\\/doctorquality.it\\\/staging\\\/prodotto\\\/retinol-complex-capelli-spray-pre-piastra-effetto-seta-100ml\\\/#breadcrumb\"},\"inLanguage\":\"it-IT\",\"potentialAction\":[{\"@type\":\"ReadAction\",\"target\":[\"https:\\\/\\\/doctorquality.it\\\/staging\\\/prodotto\\\/retinol-complex-capelli-spray-pre-piastra-effetto-seta-100ml\\\/\"]}]},{\"@type\":\"ImageObject\",\"inLanguage\":\"it-IT\",\"@id\":\"https:\\\/\\\/doctorquality.it\\\/staging\\\/prodotto\\\/retinol-complex-capelli-spray-pre-piastra-effetto-seta-100ml\\\/#primaryimage\",\"url\":\"https:\\\/\\\/doctorquality.it\\\/staging\\\/wp-content\\\/uploads\\\/2026\\\/03\\\/sf1bs51f98s51.jpg\",\"contentUrl\":\"https:\\\/\\\/doctorquality.it\\\/staging\\\/wp-content\\\/uploads\\\/2026\\\/03\\\/sf1bs51f98s51.jpg\",\"width\":1000,\"height\":1000},{\"@type\":\"BreadcrumbList\",\"@id\":\"https:\\\/\\\/doctorquality.it\\\/staging\\\/prodotto\\\/retinol-complex-capelli-spray-pre-piastra-effetto-seta-100ml\\\/#breadcrumb\",\"itemListElement\":[{\"@type\":\"ListItem\",\"position\":1,\"name\":\"Home\",\"item\":\"https:\\\/\\\/doctorquality.it\\\/staging\\\/\"},{\"@type\":\"ListItem\",\"position\":2,\"name\":\"Shop\",\"item\":\"https:\\\/\\\/doctorquality.it\\\/staging\\\/shop\\\/\"},{\"@type\":\"ListItem\",\"position\":3,\"name\":\"Retinol complex capelli spray pre piastra effetto seta 100ml\"}]},{\"@type\":\"WebSite\",\"@id\":\"https:\\\/\\\/doctorquality.it\\\/staging\\\/#website\",\"url\":\"https:\\\/\\\/doctorquality.it\\\/staging\\\/\",\"name\":\"Doctor Quality - Staging\",\"description\":\"I migliori Integratori e Medicinali al miglior prezzo online.\",\"publisher\":{\"@id\":\"https:\\\/\\\/doctorquality.it\\\/staging\\\/#organization\"},\"potentialAction\":[{\"@type\":\"SearchAction\",\"target\":{\"@type\":\"EntryPoint\",\"urlTemplate\":\"https:\\\/\\\/doctorquality.it\\\/staging\\\/?s={search_term_string}\"},\"query-input\":{\"@type\":\"PropertyValueSpecification\",\"valueRequired\":true,\"valueName\":\"search_term_string\"}}],\"inLanguage\":\"it-IT\"},{\"@type\":\"Organization\",\"@id\":\"https:\\\/\\\/doctorquality.it\\\/staging\\\/#organization\",\"name\":\"Doctor Quality - Staging\",\"url\":\"https:\\\/\\\/doctorquality.it\\\/staging\\\/\",\"logo\":{\"@type\":\"ImageObject\",\"inLanguage\":\"it-IT\",\"@id\":\"https:\\\/\\\/doctorquality.it\\\/staging\\\/#\\\/schema\\\/logo\\\/image\\\/\",\"url\":\"https:\\\/\\\/doctorquality.it\\\/staging\\\/wp-content\\\/uploads\\\/2022\\\/04\\\/Doctor-Quality-Logo-1.png\",\"contentUrl\":\"https:\\\/\\\/doctorquality.it\\\/staging\\\/wp-content\\\/uploads\\\/2022\\\/04\\\/Doctor-Quality-Logo-1.png\",\"width\":1000,\"height\":200,\"caption\":\"Doctor Quality - Staging\"},\"image\":{\"@id\":\"https:\\\/\\\/doctorquality.it\\\/staging\\\/#\\\/schema\\\/logo\\\/image\\\/\"}}]}<\/script>\n<!-- \/ Yoast SEO plugin. -->","yoast_head_json":{"title":"Retinol complex capelli spray pre piastra effetto seta 100ml - Doctor Quality - Staging","robots":{"index":"noindex","follow":"follow","max-snippet":"max-snippet:-1","max-image-preview":"max-image-preview:large","max-video-preview":"max-video-preview:-1"},"og_locale":"it_IT","og_type":"article","og_title":"Retinol complex capelli spray pre piastra effetto seta 100ml - Doctor Quality - Staging","og_description":"Spray lucidante effetto seta liscia e lucida con facilit\u00e0 garantendo un effetto anticrespo. Rende i capelli lisci, protegge dagli effetti dannosi di spazzola e phon e dagli agenti atmosferici che elettrizzano e increspano il capello. Consigliato per chi usa soventemente la piastra per i capelli. Gli oli essenziali presenti in formula contengono validi principi nutritivi [&hellip;]","og_url":"https:\/\/doctorquality.it\/staging\/prodotto\/retinol-complex-capelli-spray-pre-piastra-effetto-seta-100ml\/","og_site_name":"Doctor Quality - Staging","article_modified_time":"2026-04-27T12:34:17+00:00","twitter_card":"summary_large_image","twitter_misc":{"Tempo di lettura stimato":"1 minuto"},"schema":{"@context":"https:\/\/schema.org","@graph":[{"@type":"WebPage","@id":"https:\/\/doctorquality.it\/staging\/prodotto\/retinol-complex-capelli-spray-pre-piastra-effetto-seta-100ml\/","url":"https:\/\/doctorquality.it\/staging\/prodotto\/retinol-complex-capelli-spray-pre-piastra-effetto-seta-100ml\/","name":"Retinol complex capelli spray pre piastra effetto seta 100ml - Doctor Quality - Staging","isPartOf":{"@id":"https:\/\/doctorquality.it\/staging\/#website"},"primaryImageOfPage":{"@id":"https:\/\/doctorquality.it\/staging\/prodotto\/retinol-complex-capelli-spray-pre-piastra-effetto-seta-100ml\/#primaryimage"},"image":{"@id":"https:\/\/doctorquality.it\/staging\/prodotto\/retinol-complex-capelli-spray-pre-piastra-effetto-seta-100ml\/#primaryimage"},"thumbnailUrl":"https:\/\/doctorquality.it\/staging\/wp-content\/uploads\/2026\/03\/sf1bs51f98s51.jpg","datePublished":"2026-03-19T15:59:26+00:00","dateModified":"2026-04-27T12:34:17+00:00","breadcrumb":{"@id":"https:\/\/doctorquality.it\/staging\/prodotto\/retinol-complex-capelli-spray-pre-piastra-effetto-seta-100ml\/#breadcrumb"},"inLanguage":"it-IT","potentialAction":[{"@type":"ReadAction","target":["https:\/\/doctorquality.it\/staging\/prodotto\/retinol-complex-capelli-spray-pre-piastra-effetto-seta-100ml\/"]}]},{"@type":"ImageObject","inLanguage":"it-IT","@id":"https:\/\/doctorquality.it\/staging\/prodotto\/retinol-complex-capelli-spray-pre-piastra-effetto-seta-100ml\/#primaryimage","url":"https:\/\/doctorquality.it\/staging\/wp-content\/uploads\/2026\/03\/sf1bs51f98s51.jpg","contentUrl":"https:\/\/doctorquality.it\/staging\/wp-content\/uploads\/2026\/03\/sf1bs51f98s51.jpg","width":1000,"height":1000},{"@type":"BreadcrumbList","@id":"https:\/\/doctorquality.it\/staging\/prodotto\/retinol-complex-capelli-spray-pre-piastra-effetto-seta-100ml\/#breadcrumb","itemListElement":[{"@type":"ListItem","position":1,"name":"Home","item":"https:\/\/doctorquality.it\/staging\/"},{"@type":"ListItem","position":2,"name":"Shop","item":"https:\/\/doctorquality.it\/staging\/shop\/"},{"@type":"ListItem","position":3,"name":"Retinol complex capelli spray pre piastra effetto seta 100ml"}]},{"@type":"WebSite","@id":"https:\/\/doctorquality.it\/staging\/#website","url":"https:\/\/doctorquality.it\/staging\/","name":"Doctor Quality - Staging","description":"I migliori Integratori e Medicinali al miglior prezzo online.","publisher":{"@id":"https:\/\/doctorquality.it\/staging\/#organization"},"potentialAction":[{"@type":"SearchAction","target":{"@type":"EntryPoint","urlTemplate":"https:\/\/doctorquality.it\/staging\/?s={search_term_string}"},"query-input":{"@type":"PropertyValueSpecification","valueRequired":true,"valueName":"search_term_string"}}],"inLanguage":"it-IT"},{"@type":"Organization","@id":"https:\/\/doctorquality.it\/staging\/#organization","name":"Doctor Quality - Staging","url":"https:\/\/doctorquality.it\/staging\/","logo":{"@type":"ImageObject","inLanguage":"it-IT","@id":"https:\/\/doctorquality.it\/staging\/#\/schema\/logo\/image\/","url":"https:\/\/doctorquality.it\/staging\/wp-content\/uploads\/2022\/04\/Doctor-Quality-Logo-1.png","contentUrl":"https:\/\/doctorquality.it\/staging\/wp-content\/uploads\/2022\/04\/Doctor-Quality-Logo-1.png","width":1000,"height":200,"caption":"Doctor Quality - Staging"},"image":{"@id":"https:\/\/doctorquality.it\/staging\/#\/schema\/logo\/image\/"}}]}},"tiered_pricing_type":"fixed","tiered_pricing_fixed_rules":[],"tiered_pricing_product_settings":{"layout":"default","base_unit_name":{"singular":null,"plural":null},"default_variation":null},"tiered_pricing_minimum_quantity":null,"tiered_pricing_roles_data":[],"tiered_pricing_percentage_rules":[],"_links":{"self":[{"href":"https:\/\/doctorquality.it\/staging\/wp-json\/wp\/v2\/product\/38678","targetHints":{"allow":["GET"]}}],"collection":[{"href":"https:\/\/doctorquality.it\/staging\/wp-json\/wp\/v2\/product"}],"about":[{"href":"https:\/\/doctorquality.it\/staging\/wp-json\/wp\/v2\/types\/product"}],"replies":[{"embeddable":true,"href":"https:\/\/doctorquality.it\/staging\/wp-json\/wp\/v2\/comments?post=38678"}],"wp:featuredmedia":[{"embeddable":true,"href":"https:\/\/doctorquality.it\/staging\/wp-json\/wp\/v2\/media\/38677"}],"wp:attachment":[{"href":"https:\/\/doctorquality.it\/staging\/wp-json\/wp\/v2\/media?parent=38678"}],"wp:term":[{"taxonomy":"product_cat","embeddable":true,"href":"https:\/\/doctorquality.it\/staging\/wp-json\/wp\/v2\/product_cat?post=38678"},{"taxonomy":"product_tag","embeddable":true,"href":"https:\/\/doctorquality.it\/staging\/wp-json\/wp\/v2\/product_tag?post=38678"}],"curies":[{"name":"wp","href":"https:\/\/api.w.org\/{rel}","templated":true}]}}