{"id":32315,"date":"2025-10-01T17:56:57","date_gmt":"2025-10-01T15:56:57","guid":{"rendered":"https:\/\/doctorquality.it\/staging\/prodotto\/solette-in-gel-per-scarpe-con-tacco\/"},"modified":"2026-04-27T11:21:46","modified_gmt":"2026-04-27T09:21:46","slug":"solette-in-gel-per-scarpe-con-tacco","status":"publish","type":"product","link":"https:\/\/doctorquality.it\/staging\/prodotto\/solette-in-gel-per-scarpe-con-tacco\/","title":{"rendered":"Solette in gel per scarpe con tacco"},"content":{"rendered":"<p>Niente male quel d\u00e9collet\u00e9 con tacco vertiginoso, che ti slancia la gamba e risalta la tua eleganza. Per\u00f2&#8230; che male ai piedi! Per non ritrovarti con i piedi doloranti a passare il sabato sera in compagnia di un pediluvio, arrivano in tuo soccorso queste fantastiche solette con supporto in gel, ideali proprio all&#8217;interno di scarpe con tacchi alti! Grazie alla loro composizione, infatti, donano sollievo e forniscono un ottimo comfort.<br \/>Sviluppate con un design ergonomico, offrono anche maggiore stabilit\u00e0 al piede. Il materiale aderente e i pallini sulla superficie impediscono ai piedi di scivolare, mentre la morbidezza del gel aiuta a ridurre la pressione sulla pianta del piede! Misura universale, dim. 20,5 x 6,5 x 1 cm.<\/p>\n<p><strong>Specifiche tecniche:<\/strong><\/p>\n<p>Un supporto per l&#8217;arco plantare<br \/>Aiutano a prevenire i classici dolori da scarpa con il tacco!<br \/>Con cuscinetti in gel<br \/>Misura universale, dim. 20,5 x 6,5 x 1 cm<\/p>\n<p><strong>Contenuto del pacco:<\/strong><\/p>\n<p>Nr.2 Plantarini in gel<\/p>\n","protected":false},"excerpt":{"rendered":"<p>Niente male quel d\u00e9collet\u00e9 con tacco vertiginoso, che ti slancia la gamba e risalta la tua eleganza. Per\u00f2&#8230; che male ai piedi! Per non ritrovarti con i piedi doloranti a passare il sabato sera in compagnia di un pediluvio, arrivano in tuo soccorso queste fantastiche solette con supporto in gel, ideali proprio all&#8217;interno di scarpe [&hellip;]<\/p>\n","protected":false},"featured_media":32313,"comment_status":"open","ping_status":"closed","template":"","meta":{"_acf_changed":false},"product_cat":[47],"product_tag":[],"class_list":{"0":"post-32315","1":"product","2":"type-product","3":"status-publish","4":"has-post-thumbnail","6":"product_cat-varie","8":"first","9":"instock","10":"taxable","11":"shipping-taxable","12":"purchasable","13":"product-type-simple"},"supplier_id":null,"supplier_sku":"","barcode":null,"atum_controlled":false,"out_stock_date":null,"out_stock_threshold":null,"inheritable":false,"inbound_stock":null,"stock_on_hold":0,"sold_today":0,"sales_last_days":0,"reserved_stock":null,"customer_returns":null,"warehouse_damage":null,"lost_in_post":null,"other_logs":null,"out_stock_days":0,"lost_sales":0,"has_location":null,"update_date":"2026-04-27T09:22:06","atum_locations":[],"atum_stock_status":"instock","restock_status":false,"low_stock_amount":"","sales_update_date":"2026-04-27T01:13:17","calc_backorders":null,"acf":[],"yoast_head":"<!-- This site is optimized with the Yoast SEO plugin v27.4 - https:\/\/yoast.com\/product\/yoast-seo-wordpress\/ -->\n<title>Solette in gel per scarpe con tacco - Doctor Quality - Staging<\/title>\n<meta name=\"robots\" content=\"noindex, follow, max-snippet:-1, max-image-preview:large, max-video-preview:-1\" \/>\n<meta property=\"og:locale\" content=\"it_IT\" \/>\n<meta property=\"og:type\" content=\"article\" \/>\n<meta property=\"og:title\" content=\"Solette in gel per scarpe con tacco - Doctor Quality - Staging\" \/>\n<meta property=\"og:description\" content=\"Niente male quel d\u00e9collet\u00e9 con tacco vertiginoso, che ti slancia la gamba e risalta la tua eleganza. Per\u00f2&#8230; che male ai piedi! Per non ritrovarti con i piedi doloranti a passare il sabato sera in compagnia di un pediluvio, arrivano in tuo soccorso queste fantastiche solette con supporto in gel, ideali proprio all&#8217;interno di scarpe [&hellip;]\" \/>\n<meta property=\"og:url\" content=\"https:\/\/doctorquality.it\/staging\/prodotto\/solette-in-gel-per-scarpe-con-tacco\/\" \/>\n<meta property=\"og:site_name\" content=\"Doctor Quality - Staging\" \/>\n<meta property=\"article:modified_time\" content=\"2026-04-27T09:21:46+00:00\" \/>\n<meta property=\"og:image\" content=\"https:\/\/doctorquality.it\/staging\/wp-content\/uploads\/2025\/10\/8027148271392_0_1_464_0_75_1.jpg\" \/>\n\t<meta property=\"og:image:width\" content=\"1200\" \/>\n\t<meta property=\"og:image:height\" content=\"1200\" \/>\n\t<meta property=\"og:image:type\" content=\"image\/jpeg\" \/>\n<meta name=\"twitter:card\" content=\"summary_large_image\" \/>\n<meta name=\"twitter:label1\" content=\"Tempo di lettura stimato\" \/>\n\t<meta name=\"twitter:data1\" content=\"1 minuto\" \/>\n<script type=\"application\/ld+json\" class=\"yoast-schema-graph\">{\"@context\":\"https:\\\/\\\/schema.org\",\"@graph\":[{\"@type\":\"WebPage\",\"@id\":\"https:\\\/\\\/doctorquality.it\\\/staging\\\/prodotto\\\/solette-in-gel-per-scarpe-con-tacco\\\/\",\"url\":\"https:\\\/\\\/doctorquality.it\\\/staging\\\/prodotto\\\/solette-in-gel-per-scarpe-con-tacco\\\/\",\"name\":\"Solette in gel per scarpe con tacco - Doctor Quality - Staging\",\"isPartOf\":{\"@id\":\"https:\\\/\\\/doctorquality.it\\\/staging\\\/#website\"},\"primaryImageOfPage\":{\"@id\":\"https:\\\/\\\/doctorquality.it\\\/staging\\\/prodotto\\\/solette-in-gel-per-scarpe-con-tacco\\\/#primaryimage\"},\"image\":{\"@id\":\"https:\\\/\\\/doctorquality.it\\\/staging\\\/prodotto\\\/solette-in-gel-per-scarpe-con-tacco\\\/#primaryimage\"},\"thumbnailUrl\":\"https:\\\/\\\/doctorquality.it\\\/staging\\\/wp-content\\\/uploads\\\/2025\\\/10\\\/8027148271392_0_1_464_0_75_1.jpg\",\"datePublished\":\"2025-10-01T15:56:57+00:00\",\"dateModified\":\"2026-04-27T09:21:46+00:00\",\"breadcrumb\":{\"@id\":\"https:\\\/\\\/doctorquality.it\\\/staging\\\/prodotto\\\/solette-in-gel-per-scarpe-con-tacco\\\/#breadcrumb\"},\"inLanguage\":\"it-IT\",\"potentialAction\":[{\"@type\":\"ReadAction\",\"target\":[\"https:\\\/\\\/doctorquality.it\\\/staging\\\/prodotto\\\/solette-in-gel-per-scarpe-con-tacco\\\/\"]}]},{\"@type\":\"ImageObject\",\"inLanguage\":\"it-IT\",\"@id\":\"https:\\\/\\\/doctorquality.it\\\/staging\\\/prodotto\\\/solette-in-gel-per-scarpe-con-tacco\\\/#primaryimage\",\"url\":\"https:\\\/\\\/doctorquality.it\\\/staging\\\/wp-content\\\/uploads\\\/2025\\\/10\\\/8027148271392_0_1_464_0_75_1.jpg\",\"contentUrl\":\"https:\\\/\\\/doctorquality.it\\\/staging\\\/wp-content\\\/uploads\\\/2025\\\/10\\\/8027148271392_0_1_464_0_75_1.jpg\",\"width\":1200,\"height\":1200},{\"@type\":\"BreadcrumbList\",\"@id\":\"https:\\\/\\\/doctorquality.it\\\/staging\\\/prodotto\\\/solette-in-gel-per-scarpe-con-tacco\\\/#breadcrumb\",\"itemListElement\":[{\"@type\":\"ListItem\",\"position\":1,\"name\":\"Home\",\"item\":\"https:\\\/\\\/doctorquality.it\\\/staging\\\/\"},{\"@type\":\"ListItem\",\"position\":2,\"name\":\"Shop\",\"item\":\"https:\\\/\\\/doctorquality.it\\\/staging\\\/shop\\\/\"},{\"@type\":\"ListItem\",\"position\":3,\"name\":\"Solette in gel per scarpe con tacco\"}]},{\"@type\":\"WebSite\",\"@id\":\"https:\\\/\\\/doctorquality.it\\\/staging\\\/#website\",\"url\":\"https:\\\/\\\/doctorquality.it\\\/staging\\\/\",\"name\":\"Doctor Quality - Staging\",\"description\":\"I migliori Integratori e Medicinali al miglior prezzo online.\",\"publisher\":{\"@id\":\"https:\\\/\\\/doctorquality.it\\\/staging\\\/#organization\"},\"potentialAction\":[{\"@type\":\"SearchAction\",\"target\":{\"@type\":\"EntryPoint\",\"urlTemplate\":\"https:\\\/\\\/doctorquality.it\\\/staging\\\/?s={search_term_string}\"},\"query-input\":{\"@type\":\"PropertyValueSpecification\",\"valueRequired\":true,\"valueName\":\"search_term_string\"}}],\"inLanguage\":\"it-IT\"},{\"@type\":\"Organization\",\"@id\":\"https:\\\/\\\/doctorquality.it\\\/staging\\\/#organization\",\"name\":\"Doctor Quality - Staging\",\"url\":\"https:\\\/\\\/doctorquality.it\\\/staging\\\/\",\"logo\":{\"@type\":\"ImageObject\",\"inLanguage\":\"it-IT\",\"@id\":\"https:\\\/\\\/doctorquality.it\\\/staging\\\/#\\\/schema\\\/logo\\\/image\\\/\",\"url\":\"https:\\\/\\\/doctorquality.it\\\/staging\\\/wp-content\\\/uploads\\\/2022\\\/04\\\/Doctor-Quality-Logo-1.png\",\"contentUrl\":\"https:\\\/\\\/doctorquality.it\\\/staging\\\/wp-content\\\/uploads\\\/2022\\\/04\\\/Doctor-Quality-Logo-1.png\",\"width\":1000,\"height\":200,\"caption\":\"Doctor Quality - Staging\"},\"image\":{\"@id\":\"https:\\\/\\\/doctorquality.it\\\/staging\\\/#\\\/schema\\\/logo\\\/image\\\/\"}}]}<\/script>\n<!-- \/ Yoast SEO plugin. -->","yoast_head_json":{"title":"Solette in gel per scarpe con tacco - Doctor Quality - Staging","robots":{"index":"noindex","follow":"follow","max-snippet":"max-snippet:-1","max-image-preview":"max-image-preview:large","max-video-preview":"max-video-preview:-1"},"og_locale":"it_IT","og_type":"article","og_title":"Solette in gel per scarpe con tacco - Doctor Quality - Staging","og_description":"Niente male quel d\u00e9collet\u00e9 con tacco vertiginoso, che ti slancia la gamba e risalta la tua eleganza. Per\u00f2&#8230; che male ai piedi! Per non ritrovarti con i piedi doloranti a passare il sabato sera in compagnia di un pediluvio, arrivano in tuo soccorso queste fantastiche solette con supporto in gel, ideali proprio all&#8217;interno di scarpe [&hellip;]","og_url":"https:\/\/doctorquality.it\/staging\/prodotto\/solette-in-gel-per-scarpe-con-tacco\/","og_site_name":"Doctor Quality - Staging","article_modified_time":"2026-04-27T09:21:46+00:00","og_image":[{"width":1200,"height":1200,"url":"https:\/\/doctorquality.it\/staging\/wp-content\/uploads\/2025\/10\/8027148271392_0_1_464_0_75_1.jpg","type":"image\/jpeg"}],"twitter_card":"summary_large_image","twitter_misc":{"Tempo di lettura stimato":"1 minuto"},"schema":{"@context":"https:\/\/schema.org","@graph":[{"@type":"WebPage","@id":"https:\/\/doctorquality.it\/staging\/prodotto\/solette-in-gel-per-scarpe-con-tacco\/","url":"https:\/\/doctorquality.it\/staging\/prodotto\/solette-in-gel-per-scarpe-con-tacco\/","name":"Solette in gel per scarpe con tacco - Doctor Quality - Staging","isPartOf":{"@id":"https:\/\/doctorquality.it\/staging\/#website"},"primaryImageOfPage":{"@id":"https:\/\/doctorquality.it\/staging\/prodotto\/solette-in-gel-per-scarpe-con-tacco\/#primaryimage"},"image":{"@id":"https:\/\/doctorquality.it\/staging\/prodotto\/solette-in-gel-per-scarpe-con-tacco\/#primaryimage"},"thumbnailUrl":"https:\/\/doctorquality.it\/staging\/wp-content\/uploads\/2025\/10\/8027148271392_0_1_464_0_75_1.jpg","datePublished":"2025-10-01T15:56:57+00:00","dateModified":"2026-04-27T09:21:46+00:00","breadcrumb":{"@id":"https:\/\/doctorquality.it\/staging\/prodotto\/solette-in-gel-per-scarpe-con-tacco\/#breadcrumb"},"inLanguage":"it-IT","potentialAction":[{"@type":"ReadAction","target":["https:\/\/doctorquality.it\/staging\/prodotto\/solette-in-gel-per-scarpe-con-tacco\/"]}]},{"@type":"ImageObject","inLanguage":"it-IT","@id":"https:\/\/doctorquality.it\/staging\/prodotto\/solette-in-gel-per-scarpe-con-tacco\/#primaryimage","url":"https:\/\/doctorquality.it\/staging\/wp-content\/uploads\/2025\/10\/8027148271392_0_1_464_0_75_1.jpg","contentUrl":"https:\/\/doctorquality.it\/staging\/wp-content\/uploads\/2025\/10\/8027148271392_0_1_464_0_75_1.jpg","width":1200,"height":1200},{"@type":"BreadcrumbList","@id":"https:\/\/doctorquality.it\/staging\/prodotto\/solette-in-gel-per-scarpe-con-tacco\/#breadcrumb","itemListElement":[{"@type":"ListItem","position":1,"name":"Home","item":"https:\/\/doctorquality.it\/staging\/"},{"@type":"ListItem","position":2,"name":"Shop","item":"https:\/\/doctorquality.it\/staging\/shop\/"},{"@type":"ListItem","position":3,"name":"Solette in gel per scarpe con tacco"}]},{"@type":"WebSite","@id":"https:\/\/doctorquality.it\/staging\/#website","url":"https:\/\/doctorquality.it\/staging\/","name":"Doctor Quality - Staging","description":"I migliori Integratori e Medicinali al miglior prezzo online.","publisher":{"@id":"https:\/\/doctorquality.it\/staging\/#organization"},"potentialAction":[{"@type":"SearchAction","target":{"@type":"EntryPoint","urlTemplate":"https:\/\/doctorquality.it\/staging\/?s={search_term_string}"},"query-input":{"@type":"PropertyValueSpecification","valueRequired":true,"valueName":"search_term_string"}}],"inLanguage":"it-IT"},{"@type":"Organization","@id":"https:\/\/doctorquality.it\/staging\/#organization","name":"Doctor Quality - Staging","url":"https:\/\/doctorquality.it\/staging\/","logo":{"@type":"ImageObject","inLanguage":"it-IT","@id":"https:\/\/doctorquality.it\/staging\/#\/schema\/logo\/image\/","url":"https:\/\/doctorquality.it\/staging\/wp-content\/uploads\/2022\/04\/Doctor-Quality-Logo-1.png","contentUrl":"https:\/\/doctorquality.it\/staging\/wp-content\/uploads\/2022\/04\/Doctor-Quality-Logo-1.png","width":1000,"height":200,"caption":"Doctor Quality - Staging"},"image":{"@id":"https:\/\/doctorquality.it\/staging\/#\/schema\/logo\/image\/"}}]}},"tiered_pricing_type":"fixed","tiered_pricing_fixed_rules":[],"tiered_pricing_product_settings":{"layout":"default","base_unit_name":{"singular":null,"plural":null},"default_variation":null},"tiered_pricing_minimum_quantity":null,"tiered_pricing_roles_data":[],"tiered_pricing_percentage_rules":[],"_links":{"self":[{"href":"https:\/\/doctorquality.it\/staging\/wp-json\/wp\/v2\/product\/32315","targetHints":{"allow":["GET"]}}],"collection":[{"href":"https:\/\/doctorquality.it\/staging\/wp-json\/wp\/v2\/product"}],"about":[{"href":"https:\/\/doctorquality.it\/staging\/wp-json\/wp\/v2\/types\/product"}],"replies":[{"embeddable":true,"href":"https:\/\/doctorquality.it\/staging\/wp-json\/wp\/v2\/comments?post=32315"}],"wp:featuredmedia":[{"embeddable":true,"href":"https:\/\/doctorquality.it\/staging\/wp-json\/wp\/v2\/media\/32313"}],"wp:attachment":[{"href":"https:\/\/doctorquality.it\/staging\/wp-json\/wp\/v2\/media?parent=32315"}],"wp:term":[{"taxonomy":"product_cat","embeddable":true,"href":"https:\/\/doctorquality.it\/staging\/wp-json\/wp\/v2\/product_cat?post=32315"},{"taxonomy":"product_tag","embeddable":true,"href":"https:\/\/doctorquality.it\/staging\/wp-json\/wp\/v2\/product_tag?post=32315"}],"curies":[{"name":"wp","href":"https:\/\/api.w.org\/{rel}","templated":true}]}}