{"id":31947,"date":"2025-10-01T12:43:28","date_gmt":"2025-10-01T10:43:28","guid":{"rendered":"https:\/\/doctorquality.it\/staging\/prodotto\/friggitrice-ad-aria-digitale-10l-doppio-scomparto-con-display-touch-e-7-programmi\/"},"modified":"2026-04-27T11:04:29","modified_gmt":"2026-04-27T09:04:29","slug":"friggitrice-ad-aria-digitale-10l-doppio-scomparto-con-display-touch-e-7-programmi","status":"publish","type":"product","link":"https:\/\/doctorquality.it\/staging\/prodotto\/friggitrice-ad-aria-digitale-10l-doppio-scomparto-con-display-touch-e-7-programmi\/","title":{"rendered":"Friggitrice ad aria digitale 10L \u2013 Doppio Scomparto con Display Touch e 7 Programmi"},"content":{"rendered":"<p>Scopri il piacere di cucinare in modo sano e veloce con la Friggitrice ad aria Digital Max da 10 litri, dotata di doppio scomparto indipendente per preparare due pietanze diverse nello stesso momento. Grazie alla funzione SYNC FINISH, potrai sincronizzare la fine delle cotture, cos\u00ec da servire tutto caldo e pronto insieme.<br \/>Il display digitale touch intuitivo e moderno rende facile la selezione delle impostazioni, con 7 programmi automatici che garantiscono risultati perfetti per ogni ricetta. I cestelli antiaderenti, estraibili e dotati di manici ergonomici, assicurano praticit\u00e0 e pulizia rapida.<br \/>Costruita con materiali resistenti e sicuri, la friggitrice \u00e8 progettata per durare nel tempo ed \u00e8 dotata di protezione contro il surriscaldamento e piedini antiscivolo per la massima stabilit\u00e0.<\/p>\n<p><strong>Caratteristiche principali:<\/strong><\/p>\n<p>Capacit\u00e0 totale: 10 litri con scomparto singolo o doppio<\/p>\n<p>Temperatura regolabile da 80\u00b0C a 200\u00b0C<\/p>\n<p>Timer fino a 60 minuti<\/p>\n<p>Display digitale touch facile da usare<\/p>\n<p>7 programmi preimpostati per cucine automatiche<\/p>\n<p>Funzione SYNC FINISH: cotture pronte nello stesso momento<\/p>\n<p>Cestelli antiaderenti ed estraibili con manici ergonomici<\/p>\n<p>Sicurezza: protezione dal surriscaldamento e piedini antiscivolo<\/p>\n<p><strong>Materiali di qualit\u00e0:<\/strong><\/p>\n<p>Corpo in PP<\/p>\n<p>Manici in ABS e acciaio inox<\/p>\n<p>Vassoi e divisorio in acciaio con rivestimento in teflon<\/p>\n<p>Cavo di alimentazione: 80 cm<\/p>\n<p>Alimentazione: 220-240V ~ 50\/60Hz<\/p>\n<p>Potenza: 1700 Watt<\/p>\n<p><strong>Contenuto del pacco:<\/strong><\/p>\n<p>1 \u00d7 Friggitrice ad aria digitale 10L<\/p>\n<p>2 \u00d7 Vassoi antiaderenti<\/p>\n<p>1 \u00d7 Divisorio rimovibile<\/p>\n<p>1 \u00d7 Manuale d\u2019uso<\/p>\n","protected":false},"excerpt":{"rendered":"<p>Scopri il piacere di cucinare in modo sano e veloce con la Friggitrice ad aria Digital Max da 10 litri, dotata di doppio scomparto indipendente per preparare due pietanze diverse nello stesso momento. Grazie alla funzione SYNC FINISH, potrai sincronizzare la fine delle cotture, cos\u00ec da servire tutto caldo e pronto insieme.Il display digitale touch [&hellip;]<\/p>\n","protected":false},"featured_media":31944,"comment_status":"open","ping_status":"closed","template":"","meta":{"_acf_changed":false},"product_cat":[47],"product_tag":[],"class_list":{"0":"post-31947","1":"product","2":"type-product","3":"status-publish","4":"has-post-thumbnail","6":"product_cat-varie","8":"first","9":"instock","10":"taxable","11":"shipping-taxable","12":"purchasable","13":"product-type-simple"},"supplier_id":null,"supplier_sku":"","barcode":null,"atum_controlled":false,"out_stock_date":null,"out_stock_threshold":null,"inheritable":false,"inbound_stock":null,"stock_on_hold":0,"sold_today":0,"sales_last_days":0,"reserved_stock":null,"customer_returns":null,"warehouse_damage":null,"lost_in_post":null,"other_logs":null,"out_stock_days":0,"lost_sales":0,"has_location":null,"update_date":"2026-04-27T09:04:39","atum_locations":[],"atum_stock_status":"instock","restock_status":false,"low_stock_amount":"","sales_update_date":"2026-04-27T01:17:33","calc_backorders":null,"acf":[],"yoast_head":"<!-- This site is optimized with the Yoast SEO plugin v27.4 - https:\/\/yoast.com\/product\/yoast-seo-wordpress\/ -->\n<title>Friggitrice ad aria digitale 10L \u2013 Doppio Scomparto con Display Touch e 7 Programmi - Doctor Quality - Staging<\/title>\n<meta name=\"robots\" content=\"noindex, follow, max-snippet:-1, max-image-preview:large, max-video-preview:-1\" \/>\n<meta property=\"og:locale\" content=\"it_IT\" \/>\n<meta property=\"og:type\" content=\"article\" \/>\n<meta property=\"og:title\" content=\"Friggitrice ad aria digitale 10L \u2013 Doppio Scomparto con Display Touch e 7 Programmi - Doctor Quality - Staging\" \/>\n<meta property=\"og:description\" content=\"Scopri il piacere di cucinare in modo sano e veloce con la Friggitrice ad aria Digital Max da 10 litri, dotata di doppio scomparto indipendente per preparare due pietanze diverse nello stesso momento. Grazie alla funzione SYNC FINISH, potrai sincronizzare la fine delle cotture, cos\u00ec da servire tutto caldo e pronto insieme.Il display digitale touch [&hellip;]\" \/>\n<meta property=\"og:url\" content=\"https:\/\/doctorquality.it\/staging\/prodotto\/friggitrice-ad-aria-digitale-10l-doppio-scomparto-con-display-touch-e-7-programmi\/\" \/>\n<meta property=\"og:site_name\" content=\"Doctor Quality - Staging\" \/>\n<meta property=\"article:modified_time\" content=\"2026-04-27T09:04:29+00:00\" \/>\n<meta property=\"og:image\" content=\"https:\/\/doctorquality.it\/staging\/wp-content\/uploads\/2025\/10\/immagine_2025-10-01_115943.png\" \/>\n\t<meta property=\"og:image:width\" content=\"791\" \/>\n\t<meta property=\"og:image:height\" content=\"761\" \/>\n\t<meta property=\"og:image:type\" content=\"image\/png\" \/>\n<meta name=\"twitter:card\" content=\"summary_large_image\" \/>\n<meta name=\"twitter:label1\" content=\"Tempo di lettura stimato\" \/>\n\t<meta name=\"twitter:data1\" content=\"1 minuto\" \/>\n<script type=\"application\/ld+json\" class=\"yoast-schema-graph\">{\"@context\":\"https:\\\/\\\/schema.org\",\"@graph\":[{\"@type\":\"WebPage\",\"@id\":\"https:\\\/\\\/doctorquality.it\\\/staging\\\/prodotto\\\/friggitrice-ad-aria-digitale-10l-doppio-scomparto-con-display-touch-e-7-programmi\\\/\",\"url\":\"https:\\\/\\\/doctorquality.it\\\/staging\\\/prodotto\\\/friggitrice-ad-aria-digitale-10l-doppio-scomparto-con-display-touch-e-7-programmi\\\/\",\"name\":\"Friggitrice ad aria digitale 10L \u2013 Doppio Scomparto con Display Touch e 7 Programmi - Doctor Quality - Staging\",\"isPartOf\":{\"@id\":\"https:\\\/\\\/doctorquality.it\\\/staging\\\/#website\"},\"primaryImageOfPage\":{\"@id\":\"https:\\\/\\\/doctorquality.it\\\/staging\\\/prodotto\\\/friggitrice-ad-aria-digitale-10l-doppio-scomparto-con-display-touch-e-7-programmi\\\/#primaryimage\"},\"image\":{\"@id\":\"https:\\\/\\\/doctorquality.it\\\/staging\\\/prodotto\\\/friggitrice-ad-aria-digitale-10l-doppio-scomparto-con-display-touch-e-7-programmi\\\/#primaryimage\"},\"thumbnailUrl\":\"https:\\\/\\\/doctorquality.it\\\/staging\\\/wp-content\\\/uploads\\\/2025\\\/10\\\/immagine_2025-10-01_115943.png\",\"datePublished\":\"2025-10-01T10:43:28+00:00\",\"dateModified\":\"2026-04-27T09:04:29+00:00\",\"breadcrumb\":{\"@id\":\"https:\\\/\\\/doctorquality.it\\\/staging\\\/prodotto\\\/friggitrice-ad-aria-digitale-10l-doppio-scomparto-con-display-touch-e-7-programmi\\\/#breadcrumb\"},\"inLanguage\":\"it-IT\",\"potentialAction\":[{\"@type\":\"ReadAction\",\"target\":[\"https:\\\/\\\/doctorquality.it\\\/staging\\\/prodotto\\\/friggitrice-ad-aria-digitale-10l-doppio-scomparto-con-display-touch-e-7-programmi\\\/\"]}]},{\"@type\":\"ImageObject\",\"inLanguage\":\"it-IT\",\"@id\":\"https:\\\/\\\/doctorquality.it\\\/staging\\\/prodotto\\\/friggitrice-ad-aria-digitale-10l-doppio-scomparto-con-display-touch-e-7-programmi\\\/#primaryimage\",\"url\":\"https:\\\/\\\/doctorquality.it\\\/staging\\\/wp-content\\\/uploads\\\/2025\\\/10\\\/immagine_2025-10-01_115943.png\",\"contentUrl\":\"https:\\\/\\\/doctorquality.it\\\/staging\\\/wp-content\\\/uploads\\\/2025\\\/10\\\/immagine_2025-10-01_115943.png\",\"width\":791,\"height\":761},{\"@type\":\"BreadcrumbList\",\"@id\":\"https:\\\/\\\/doctorquality.it\\\/staging\\\/prodotto\\\/friggitrice-ad-aria-digitale-10l-doppio-scomparto-con-display-touch-e-7-programmi\\\/#breadcrumb\",\"itemListElement\":[{\"@type\":\"ListItem\",\"position\":1,\"name\":\"Home\",\"item\":\"https:\\\/\\\/doctorquality.it\\\/staging\\\/\"},{\"@type\":\"ListItem\",\"position\":2,\"name\":\"Shop\",\"item\":\"https:\\\/\\\/doctorquality.it\\\/staging\\\/shop\\\/\"},{\"@type\":\"ListItem\",\"position\":3,\"name\":\"Friggitrice ad aria digitale 10L \u2013 Doppio Scomparto con Display Touch e 7 Programmi\"}]},{\"@type\":\"WebSite\",\"@id\":\"https:\\\/\\\/doctorquality.it\\\/staging\\\/#website\",\"url\":\"https:\\\/\\\/doctorquality.it\\\/staging\\\/\",\"name\":\"Doctor Quality - Staging\",\"description\":\"I migliori Integratori e Medicinali al miglior prezzo online.\",\"publisher\":{\"@id\":\"https:\\\/\\\/doctorquality.it\\\/staging\\\/#organization\"},\"potentialAction\":[{\"@type\":\"SearchAction\",\"target\":{\"@type\":\"EntryPoint\",\"urlTemplate\":\"https:\\\/\\\/doctorquality.it\\\/staging\\\/?s={search_term_string}\"},\"query-input\":{\"@type\":\"PropertyValueSpecification\",\"valueRequired\":true,\"valueName\":\"search_term_string\"}}],\"inLanguage\":\"it-IT\"},{\"@type\":\"Organization\",\"@id\":\"https:\\\/\\\/doctorquality.it\\\/staging\\\/#organization\",\"name\":\"Doctor Quality - Staging\",\"url\":\"https:\\\/\\\/doctorquality.it\\\/staging\\\/\",\"logo\":{\"@type\":\"ImageObject\",\"inLanguage\":\"it-IT\",\"@id\":\"https:\\\/\\\/doctorquality.it\\\/staging\\\/#\\\/schema\\\/logo\\\/image\\\/\",\"url\":\"https:\\\/\\\/doctorquality.it\\\/staging\\\/wp-content\\\/uploads\\\/2022\\\/04\\\/Doctor-Quality-Logo-1.png\",\"contentUrl\":\"https:\\\/\\\/doctorquality.it\\\/staging\\\/wp-content\\\/uploads\\\/2022\\\/04\\\/Doctor-Quality-Logo-1.png\",\"width\":1000,\"height\":200,\"caption\":\"Doctor Quality - Staging\"},\"image\":{\"@id\":\"https:\\\/\\\/doctorquality.it\\\/staging\\\/#\\\/schema\\\/logo\\\/image\\\/\"}}]}<\/script>\n<!-- \/ Yoast SEO plugin. -->","yoast_head_json":{"title":"Friggitrice ad aria digitale 10L \u2013 Doppio Scomparto con Display Touch e 7 Programmi - Doctor Quality - Staging","robots":{"index":"noindex","follow":"follow","max-snippet":"max-snippet:-1","max-image-preview":"max-image-preview:large","max-video-preview":"max-video-preview:-1"},"og_locale":"it_IT","og_type":"article","og_title":"Friggitrice ad aria digitale 10L \u2013 Doppio Scomparto con Display Touch e 7 Programmi - Doctor Quality - Staging","og_description":"Scopri il piacere di cucinare in modo sano e veloce con la Friggitrice ad aria Digital Max da 10 litri, dotata di doppio scomparto indipendente per preparare due pietanze diverse nello stesso momento. Grazie alla funzione SYNC FINISH, potrai sincronizzare la fine delle cotture, cos\u00ec da servire tutto caldo e pronto insieme.Il display digitale touch [&hellip;]","og_url":"https:\/\/doctorquality.it\/staging\/prodotto\/friggitrice-ad-aria-digitale-10l-doppio-scomparto-con-display-touch-e-7-programmi\/","og_site_name":"Doctor Quality - Staging","article_modified_time":"2026-04-27T09:04:29+00:00","og_image":[{"width":791,"height":761,"url":"https:\/\/doctorquality.it\/staging\/wp-content\/uploads\/2025\/10\/immagine_2025-10-01_115943.png","type":"image\/png"}],"twitter_card":"summary_large_image","twitter_misc":{"Tempo di lettura stimato":"1 minuto"},"schema":{"@context":"https:\/\/schema.org","@graph":[{"@type":"WebPage","@id":"https:\/\/doctorquality.it\/staging\/prodotto\/friggitrice-ad-aria-digitale-10l-doppio-scomparto-con-display-touch-e-7-programmi\/","url":"https:\/\/doctorquality.it\/staging\/prodotto\/friggitrice-ad-aria-digitale-10l-doppio-scomparto-con-display-touch-e-7-programmi\/","name":"Friggitrice ad aria digitale 10L \u2013 Doppio Scomparto con Display Touch e 7 Programmi - Doctor Quality - Staging","isPartOf":{"@id":"https:\/\/doctorquality.it\/staging\/#website"},"primaryImageOfPage":{"@id":"https:\/\/doctorquality.it\/staging\/prodotto\/friggitrice-ad-aria-digitale-10l-doppio-scomparto-con-display-touch-e-7-programmi\/#primaryimage"},"image":{"@id":"https:\/\/doctorquality.it\/staging\/prodotto\/friggitrice-ad-aria-digitale-10l-doppio-scomparto-con-display-touch-e-7-programmi\/#primaryimage"},"thumbnailUrl":"https:\/\/doctorquality.it\/staging\/wp-content\/uploads\/2025\/10\/immagine_2025-10-01_115943.png","datePublished":"2025-10-01T10:43:28+00:00","dateModified":"2026-04-27T09:04:29+00:00","breadcrumb":{"@id":"https:\/\/doctorquality.it\/staging\/prodotto\/friggitrice-ad-aria-digitale-10l-doppio-scomparto-con-display-touch-e-7-programmi\/#breadcrumb"},"inLanguage":"it-IT","potentialAction":[{"@type":"ReadAction","target":["https:\/\/doctorquality.it\/staging\/prodotto\/friggitrice-ad-aria-digitale-10l-doppio-scomparto-con-display-touch-e-7-programmi\/"]}]},{"@type":"ImageObject","inLanguage":"it-IT","@id":"https:\/\/doctorquality.it\/staging\/prodotto\/friggitrice-ad-aria-digitale-10l-doppio-scomparto-con-display-touch-e-7-programmi\/#primaryimage","url":"https:\/\/doctorquality.it\/staging\/wp-content\/uploads\/2025\/10\/immagine_2025-10-01_115943.png","contentUrl":"https:\/\/doctorquality.it\/staging\/wp-content\/uploads\/2025\/10\/immagine_2025-10-01_115943.png","width":791,"height":761},{"@type":"BreadcrumbList","@id":"https:\/\/doctorquality.it\/staging\/prodotto\/friggitrice-ad-aria-digitale-10l-doppio-scomparto-con-display-touch-e-7-programmi\/#breadcrumb","itemListElement":[{"@type":"ListItem","position":1,"name":"Home","item":"https:\/\/doctorquality.it\/staging\/"},{"@type":"ListItem","position":2,"name":"Shop","item":"https:\/\/doctorquality.it\/staging\/shop\/"},{"@type":"ListItem","position":3,"name":"Friggitrice ad aria digitale 10L \u2013 Doppio Scomparto con Display Touch e 7 Programmi"}]},{"@type":"WebSite","@id":"https:\/\/doctorquality.it\/staging\/#website","url":"https:\/\/doctorquality.it\/staging\/","name":"Doctor Quality - Staging","description":"I migliori Integratori e Medicinali al miglior prezzo online.","publisher":{"@id":"https:\/\/doctorquality.it\/staging\/#organization"},"potentialAction":[{"@type":"SearchAction","target":{"@type":"EntryPoint","urlTemplate":"https:\/\/doctorquality.it\/staging\/?s={search_term_string}"},"query-input":{"@type":"PropertyValueSpecification","valueRequired":true,"valueName":"search_term_string"}}],"inLanguage":"it-IT"},{"@type":"Organization","@id":"https:\/\/doctorquality.it\/staging\/#organization","name":"Doctor Quality - Staging","url":"https:\/\/doctorquality.it\/staging\/","logo":{"@type":"ImageObject","inLanguage":"it-IT","@id":"https:\/\/doctorquality.it\/staging\/#\/schema\/logo\/image\/","url":"https:\/\/doctorquality.it\/staging\/wp-content\/uploads\/2022\/04\/Doctor-Quality-Logo-1.png","contentUrl":"https:\/\/doctorquality.it\/staging\/wp-content\/uploads\/2022\/04\/Doctor-Quality-Logo-1.png","width":1000,"height":200,"caption":"Doctor Quality - Staging"},"image":{"@id":"https:\/\/doctorquality.it\/staging\/#\/schema\/logo\/image\/"}}]}},"tiered_pricing_type":"fixed","tiered_pricing_fixed_rules":[],"tiered_pricing_product_settings":{"layout":"default","base_unit_name":{"singular":null,"plural":null},"default_variation":null},"tiered_pricing_minimum_quantity":null,"tiered_pricing_roles_data":[],"tiered_pricing_percentage_rules":[],"_links":{"self":[{"href":"https:\/\/doctorquality.it\/staging\/wp-json\/wp\/v2\/product\/31947","targetHints":{"allow":["GET"]}}],"collection":[{"href":"https:\/\/doctorquality.it\/staging\/wp-json\/wp\/v2\/product"}],"about":[{"href":"https:\/\/doctorquality.it\/staging\/wp-json\/wp\/v2\/types\/product"}],"replies":[{"embeddable":true,"href":"https:\/\/doctorquality.it\/staging\/wp-json\/wp\/v2\/comments?post=31947"}],"wp:featuredmedia":[{"embeddable":true,"href":"https:\/\/doctorquality.it\/staging\/wp-json\/wp\/v2\/media\/31944"}],"wp:attachment":[{"href":"https:\/\/doctorquality.it\/staging\/wp-json\/wp\/v2\/media?parent=31947"}],"wp:term":[{"taxonomy":"product_cat","embeddable":true,"href":"https:\/\/doctorquality.it\/staging\/wp-json\/wp\/v2\/product_cat?post=31947"},{"taxonomy":"product_tag","embeddable":true,"href":"https:\/\/doctorquality.it\/staging\/wp-json\/wp\/v2\/product_tag?post=31947"}],"curies":[{"name":"wp","href":"https:\/\/api.w.org\/{rel}","templated":true}]}}