{"id":31522,"date":"2025-09-28T12:23:35","date_gmt":"2025-09-28T10:23:35","guid":{"rendered":"https:\/\/doctorquality.it\/staging\/prodotto\/cuscino-cervicale-in-bambu-memory-foam-restform-ipoallergenico-8-in-1\/"},"modified":"2026-04-27T10:47:16","modified_gmt":"2026-04-27T08:47:16","slug":"cuscino-cervicale-in-bambu-memory-foam-restform-ipoallergenico-8-in-1","status":"publish","type":"product","link":"https:\/\/doctorquality.it\/staging\/prodotto\/cuscino-cervicale-in-bambu-memory-foam-restform-ipoallergenico-8-in-1\/","title":{"rendered":"Cuscino cervicale in bamb\u00f9 memory foam restform ipoallergenico 8 in 1"},"content":{"rendered":"<p>CUSCINO CERVICALE IN BAMB\u00d9 RESTFORM<\/p>\n<p>Dormire con il Cuscino in Bamb\u00f9 Restform sar\u00e0 come dormire con 8 cuscini in 1, gi\u00e0 che potr\u00e0 adattarla a la sua forma e all&#8217;altezza che necessita, grazie al suo interno in schiuma viscoelastica.<\/p>\n<p>Le consentir\u00e0 un sonno profondo nella posizione che preferisce grazie al suo disegno adattabile, il cuscino in bamb\u00f9 restform ti permette di mantenere una posizione ideale per dormire svolgendo una funzione di anti-russamento.<\/p>\n<p>Il cuscino restform si adatta alla forma del tuo collo, spalle e testa apportando una maggiore comodit\u00e0 e conciliando il sonno. In pi\u00f9, aiuta a libera la pressione del nervo sciatico e facilita il ciclo del flusso sanguigno, proporzionando una corretta postura.<\/p>\n<p>Caretteristiche :<br \/>&#8211; federa speciale in bamb\u00f9<br \/>&#8211; comodo e fresca<br \/>&#8211; soave al tatto<br \/>&#8211; ipoallergenico<br \/>&#8211; misure : 40&#215;65 cm<\/p>\n<p>Ci piace :<br \/>&#8211; Si adatti a tutte le forme<br \/>&#8211; Sia ipoallergenico<br \/>&#8211; Permette un riposo conciliatore<\/p>\n<p>IL MODELLO E GLI ACCESSORI POTREBBERO VARIARE IN BASE ALLA DISPONIBILITA&#8217; DI MAGAZZINO<\/p>\n","protected":false},"excerpt":{"rendered":"<p>CUSCINO CERVICALE IN BAMB\u00d9 RESTFORM Dormire con il Cuscino in Bamb\u00f9 Restform sar\u00e0 come dormire con 8 cuscini in 1, gi\u00e0 che potr\u00e0 adattarla a la sua forma e all&#8217;altezza che necessita, grazie al suo interno in schiuma viscoelastica. Le consentir\u00e0 un sonno profondo nella posizione che preferisce grazie al suo disegno adattabile, il cuscino [&hellip;]<\/p>\n","protected":false},"featured_media":31516,"comment_status":"open","ping_status":"closed","template":"","meta":{"_acf_changed":false},"product_cat":[47],"product_tag":[],"class_list":{"0":"post-31522","1":"product","2":"type-product","3":"status-publish","4":"has-post-thumbnail","6":"product_cat-varie","8":"first","9":"instock","10":"taxable","11":"shipping-taxable","12":"purchasable","13":"product-type-simple"},"supplier_id":null,"supplier_sku":"","barcode":null,"atum_controlled":false,"out_stock_date":null,"out_stock_threshold":null,"inheritable":false,"inbound_stock":null,"stock_on_hold":0,"sold_today":0,"sales_last_days":0,"reserved_stock":null,"customer_returns":null,"warehouse_damage":null,"lost_in_post":null,"other_logs":null,"out_stock_days":0,"lost_sales":0,"has_location":null,"update_date":"2026-04-27T08:47:23","atum_locations":[],"atum_stock_status":"instock","restock_status":false,"low_stock_amount":"","sales_update_date":"2026-04-26T01:20:00","calc_backorders":null,"acf":[],"yoast_head":"<!-- This site is optimized with the Yoast SEO plugin v27.4 - https:\/\/yoast.com\/product\/yoast-seo-wordpress\/ -->\n<title>Cuscino cervicale in bamb\u00f9 memory foam restform ipoallergenico 8 in 1 - Doctor Quality - Staging<\/title>\n<meta name=\"robots\" content=\"noindex, follow, max-snippet:-1, max-image-preview:large, max-video-preview:-1\" \/>\n<meta property=\"og:locale\" content=\"it_IT\" \/>\n<meta property=\"og:type\" content=\"article\" \/>\n<meta property=\"og:title\" content=\"Cuscino cervicale in bamb\u00f9 memory foam restform ipoallergenico 8 in 1 - Doctor Quality - Staging\" \/>\n<meta property=\"og:description\" content=\"CUSCINO CERVICALE IN BAMB\u00d9 RESTFORM Dormire con il Cuscino in Bamb\u00f9 Restform sar\u00e0 come dormire con 8 cuscini in 1, gi\u00e0 che potr\u00e0 adattarla a la sua forma e all&#8217;altezza che necessita, grazie al suo interno in schiuma viscoelastica. Le consentir\u00e0 un sonno profondo nella posizione che preferisce grazie al suo disegno adattabile, il cuscino [&hellip;]\" \/>\n<meta property=\"og:url\" content=\"https:\/\/doctorquality.it\/staging\/prodotto\/cuscino-cervicale-in-bambu-memory-foam-restform-ipoallergenico-8-in-1\/\" \/>\n<meta property=\"og:site_name\" content=\"Doctor Quality - Staging\" \/>\n<meta property=\"article:modified_time\" content=\"2026-04-27T08:47:16+00:00\" \/>\n<meta property=\"og:image\" content=\"https:\/\/doctorquality.it\/staging\/wp-content\/uploads\/2025\/09\/cuscino_bamboo_1_1.jpg\" \/>\n\t<meta property=\"og:image:width\" content=\"1000\" \/>\n\t<meta property=\"og:image:height\" content=\"1000\" \/>\n\t<meta property=\"og:image:type\" content=\"image\/jpeg\" \/>\n<meta name=\"twitter:card\" content=\"summary_large_image\" \/>\n<meta name=\"twitter:label1\" content=\"Tempo di lettura stimato\" \/>\n\t<meta name=\"twitter:data1\" content=\"1 minuto\" \/>\n<script type=\"application\/ld+json\" class=\"yoast-schema-graph\">{\"@context\":\"https:\\\/\\\/schema.org\",\"@graph\":[{\"@type\":\"WebPage\",\"@id\":\"https:\\\/\\\/doctorquality.it\\\/staging\\\/prodotto\\\/cuscino-cervicale-in-bambu-memory-foam-restform-ipoallergenico-8-in-1\\\/\",\"url\":\"https:\\\/\\\/doctorquality.it\\\/staging\\\/prodotto\\\/cuscino-cervicale-in-bambu-memory-foam-restform-ipoallergenico-8-in-1\\\/\",\"name\":\"Cuscino cervicale in bamb\u00f9 memory foam restform ipoallergenico 8 in 1 - Doctor Quality - Staging\",\"isPartOf\":{\"@id\":\"https:\\\/\\\/doctorquality.it\\\/staging\\\/#website\"},\"primaryImageOfPage\":{\"@id\":\"https:\\\/\\\/doctorquality.it\\\/staging\\\/prodotto\\\/cuscino-cervicale-in-bambu-memory-foam-restform-ipoallergenico-8-in-1\\\/#primaryimage\"},\"image\":{\"@id\":\"https:\\\/\\\/doctorquality.it\\\/staging\\\/prodotto\\\/cuscino-cervicale-in-bambu-memory-foam-restform-ipoallergenico-8-in-1\\\/#primaryimage\"},\"thumbnailUrl\":\"https:\\\/\\\/doctorquality.it\\\/staging\\\/wp-content\\\/uploads\\\/2025\\\/09\\\/cuscino_bamboo_1_1.jpg\",\"datePublished\":\"2025-09-28T10:23:35+00:00\",\"dateModified\":\"2026-04-27T08:47:16+00:00\",\"breadcrumb\":{\"@id\":\"https:\\\/\\\/doctorquality.it\\\/staging\\\/prodotto\\\/cuscino-cervicale-in-bambu-memory-foam-restform-ipoallergenico-8-in-1\\\/#breadcrumb\"},\"inLanguage\":\"it-IT\",\"potentialAction\":[{\"@type\":\"ReadAction\",\"target\":[\"https:\\\/\\\/doctorquality.it\\\/staging\\\/prodotto\\\/cuscino-cervicale-in-bambu-memory-foam-restform-ipoallergenico-8-in-1\\\/\"]}]},{\"@type\":\"ImageObject\",\"inLanguage\":\"it-IT\",\"@id\":\"https:\\\/\\\/doctorquality.it\\\/staging\\\/prodotto\\\/cuscino-cervicale-in-bambu-memory-foam-restform-ipoallergenico-8-in-1\\\/#primaryimage\",\"url\":\"https:\\\/\\\/doctorquality.it\\\/staging\\\/wp-content\\\/uploads\\\/2025\\\/09\\\/cuscino_bamboo_1_1.jpg\",\"contentUrl\":\"https:\\\/\\\/doctorquality.it\\\/staging\\\/wp-content\\\/uploads\\\/2025\\\/09\\\/cuscino_bamboo_1_1.jpg\",\"width\":1000,\"height\":1000},{\"@type\":\"BreadcrumbList\",\"@id\":\"https:\\\/\\\/doctorquality.it\\\/staging\\\/prodotto\\\/cuscino-cervicale-in-bambu-memory-foam-restform-ipoallergenico-8-in-1\\\/#breadcrumb\",\"itemListElement\":[{\"@type\":\"ListItem\",\"position\":1,\"name\":\"Home\",\"item\":\"https:\\\/\\\/doctorquality.it\\\/staging\\\/\"},{\"@type\":\"ListItem\",\"position\":2,\"name\":\"Shop\",\"item\":\"https:\\\/\\\/doctorquality.it\\\/staging\\\/shop\\\/\"},{\"@type\":\"ListItem\",\"position\":3,\"name\":\"Cuscino cervicale in bamb\u00f9 memory foam restform ipoallergenico 8 in 1\"}]},{\"@type\":\"WebSite\",\"@id\":\"https:\\\/\\\/doctorquality.it\\\/staging\\\/#website\",\"url\":\"https:\\\/\\\/doctorquality.it\\\/staging\\\/\",\"name\":\"Doctor Quality - Staging\",\"description\":\"I migliori Integratori e Medicinali al miglior prezzo online.\",\"publisher\":{\"@id\":\"https:\\\/\\\/doctorquality.it\\\/staging\\\/#organization\"},\"potentialAction\":[{\"@type\":\"SearchAction\",\"target\":{\"@type\":\"EntryPoint\",\"urlTemplate\":\"https:\\\/\\\/doctorquality.it\\\/staging\\\/?s={search_term_string}\"},\"query-input\":{\"@type\":\"PropertyValueSpecification\",\"valueRequired\":true,\"valueName\":\"search_term_string\"}}],\"inLanguage\":\"it-IT\"},{\"@type\":\"Organization\",\"@id\":\"https:\\\/\\\/doctorquality.it\\\/staging\\\/#organization\",\"name\":\"Doctor Quality - Staging\",\"url\":\"https:\\\/\\\/doctorquality.it\\\/staging\\\/\",\"logo\":{\"@type\":\"ImageObject\",\"inLanguage\":\"it-IT\",\"@id\":\"https:\\\/\\\/doctorquality.it\\\/staging\\\/#\\\/schema\\\/logo\\\/image\\\/\",\"url\":\"https:\\\/\\\/doctorquality.it\\\/staging\\\/wp-content\\\/uploads\\\/2022\\\/04\\\/Doctor-Quality-Logo-1.png\",\"contentUrl\":\"https:\\\/\\\/doctorquality.it\\\/staging\\\/wp-content\\\/uploads\\\/2022\\\/04\\\/Doctor-Quality-Logo-1.png\",\"width\":1000,\"height\":200,\"caption\":\"Doctor Quality - Staging\"},\"image\":{\"@id\":\"https:\\\/\\\/doctorquality.it\\\/staging\\\/#\\\/schema\\\/logo\\\/image\\\/\"}}]}<\/script>\n<!-- \/ Yoast SEO plugin. -->","yoast_head_json":{"title":"Cuscino cervicale in bamb\u00f9 memory foam restform ipoallergenico 8 in 1 - Doctor Quality - Staging","robots":{"index":"noindex","follow":"follow","max-snippet":"max-snippet:-1","max-image-preview":"max-image-preview:large","max-video-preview":"max-video-preview:-1"},"og_locale":"it_IT","og_type":"article","og_title":"Cuscino cervicale in bamb\u00f9 memory foam restform ipoallergenico 8 in 1 - Doctor Quality - Staging","og_description":"CUSCINO CERVICALE IN BAMB\u00d9 RESTFORM Dormire con il Cuscino in Bamb\u00f9 Restform sar\u00e0 come dormire con 8 cuscini in 1, gi\u00e0 che potr\u00e0 adattarla a la sua forma e all&#8217;altezza che necessita, grazie al suo interno in schiuma viscoelastica. Le consentir\u00e0 un sonno profondo nella posizione che preferisce grazie al suo disegno adattabile, il cuscino [&hellip;]","og_url":"https:\/\/doctorquality.it\/staging\/prodotto\/cuscino-cervicale-in-bambu-memory-foam-restform-ipoallergenico-8-in-1\/","og_site_name":"Doctor Quality - Staging","article_modified_time":"2026-04-27T08:47:16+00:00","og_image":[{"width":1000,"height":1000,"url":"https:\/\/doctorquality.it\/staging\/wp-content\/uploads\/2025\/09\/cuscino_bamboo_1_1.jpg","type":"image\/jpeg"}],"twitter_card":"summary_large_image","twitter_misc":{"Tempo di lettura stimato":"1 minuto"},"schema":{"@context":"https:\/\/schema.org","@graph":[{"@type":"WebPage","@id":"https:\/\/doctorquality.it\/staging\/prodotto\/cuscino-cervicale-in-bambu-memory-foam-restform-ipoallergenico-8-in-1\/","url":"https:\/\/doctorquality.it\/staging\/prodotto\/cuscino-cervicale-in-bambu-memory-foam-restform-ipoallergenico-8-in-1\/","name":"Cuscino cervicale in bamb\u00f9 memory foam restform ipoallergenico 8 in 1 - Doctor Quality - Staging","isPartOf":{"@id":"https:\/\/doctorquality.it\/staging\/#website"},"primaryImageOfPage":{"@id":"https:\/\/doctorquality.it\/staging\/prodotto\/cuscino-cervicale-in-bambu-memory-foam-restform-ipoallergenico-8-in-1\/#primaryimage"},"image":{"@id":"https:\/\/doctorquality.it\/staging\/prodotto\/cuscino-cervicale-in-bambu-memory-foam-restform-ipoallergenico-8-in-1\/#primaryimage"},"thumbnailUrl":"https:\/\/doctorquality.it\/staging\/wp-content\/uploads\/2025\/09\/cuscino_bamboo_1_1.jpg","datePublished":"2025-09-28T10:23:35+00:00","dateModified":"2026-04-27T08:47:16+00:00","breadcrumb":{"@id":"https:\/\/doctorquality.it\/staging\/prodotto\/cuscino-cervicale-in-bambu-memory-foam-restform-ipoallergenico-8-in-1\/#breadcrumb"},"inLanguage":"it-IT","potentialAction":[{"@type":"ReadAction","target":["https:\/\/doctorquality.it\/staging\/prodotto\/cuscino-cervicale-in-bambu-memory-foam-restform-ipoallergenico-8-in-1\/"]}]},{"@type":"ImageObject","inLanguage":"it-IT","@id":"https:\/\/doctorquality.it\/staging\/prodotto\/cuscino-cervicale-in-bambu-memory-foam-restform-ipoallergenico-8-in-1\/#primaryimage","url":"https:\/\/doctorquality.it\/staging\/wp-content\/uploads\/2025\/09\/cuscino_bamboo_1_1.jpg","contentUrl":"https:\/\/doctorquality.it\/staging\/wp-content\/uploads\/2025\/09\/cuscino_bamboo_1_1.jpg","width":1000,"height":1000},{"@type":"BreadcrumbList","@id":"https:\/\/doctorquality.it\/staging\/prodotto\/cuscino-cervicale-in-bambu-memory-foam-restform-ipoallergenico-8-in-1\/#breadcrumb","itemListElement":[{"@type":"ListItem","position":1,"name":"Home","item":"https:\/\/doctorquality.it\/staging\/"},{"@type":"ListItem","position":2,"name":"Shop","item":"https:\/\/doctorquality.it\/staging\/shop\/"},{"@type":"ListItem","position":3,"name":"Cuscino cervicale in bamb\u00f9 memory foam restform ipoallergenico 8 in 1"}]},{"@type":"WebSite","@id":"https:\/\/doctorquality.it\/staging\/#website","url":"https:\/\/doctorquality.it\/staging\/","name":"Doctor Quality - Staging","description":"I migliori Integratori e Medicinali al miglior prezzo online.","publisher":{"@id":"https:\/\/doctorquality.it\/staging\/#organization"},"potentialAction":[{"@type":"SearchAction","target":{"@type":"EntryPoint","urlTemplate":"https:\/\/doctorquality.it\/staging\/?s={search_term_string}"},"query-input":{"@type":"PropertyValueSpecification","valueRequired":true,"valueName":"search_term_string"}}],"inLanguage":"it-IT"},{"@type":"Organization","@id":"https:\/\/doctorquality.it\/staging\/#organization","name":"Doctor Quality - Staging","url":"https:\/\/doctorquality.it\/staging\/","logo":{"@type":"ImageObject","inLanguage":"it-IT","@id":"https:\/\/doctorquality.it\/staging\/#\/schema\/logo\/image\/","url":"https:\/\/doctorquality.it\/staging\/wp-content\/uploads\/2022\/04\/Doctor-Quality-Logo-1.png","contentUrl":"https:\/\/doctorquality.it\/staging\/wp-content\/uploads\/2022\/04\/Doctor-Quality-Logo-1.png","width":1000,"height":200,"caption":"Doctor Quality - Staging"},"image":{"@id":"https:\/\/doctorquality.it\/staging\/#\/schema\/logo\/image\/"}}]}},"tiered_pricing_type":"fixed","tiered_pricing_fixed_rules":[],"tiered_pricing_product_settings":{"layout":"default","base_unit_name":{"singular":null,"plural":null},"default_variation":null},"tiered_pricing_minimum_quantity":null,"tiered_pricing_roles_data":[],"tiered_pricing_percentage_rules":[],"_links":{"self":[{"href":"https:\/\/doctorquality.it\/staging\/wp-json\/wp\/v2\/product\/31522","targetHints":{"allow":["GET"]}}],"collection":[{"href":"https:\/\/doctorquality.it\/staging\/wp-json\/wp\/v2\/product"}],"about":[{"href":"https:\/\/doctorquality.it\/staging\/wp-json\/wp\/v2\/types\/product"}],"replies":[{"embeddable":true,"href":"https:\/\/doctorquality.it\/staging\/wp-json\/wp\/v2\/comments?post=31522"}],"wp:featuredmedia":[{"embeddable":true,"href":"https:\/\/doctorquality.it\/staging\/wp-json\/wp\/v2\/media\/31516"}],"wp:attachment":[{"href":"https:\/\/doctorquality.it\/staging\/wp-json\/wp\/v2\/media?parent=31522"}],"wp:term":[{"taxonomy":"product_cat","embeddable":true,"href":"https:\/\/doctorquality.it\/staging\/wp-json\/wp\/v2\/product_cat?post=31522"},{"taxonomy":"product_tag","embeddable":true,"href":"https:\/\/doctorquality.it\/staging\/wp-json\/wp\/v2\/product_tag?post=31522"}],"curies":[{"name":"wp","href":"https:\/\/api.w.org\/{rel}","templated":true}]}}