{"id":31283,"date":"2025-09-28T09:50:27","date_gmt":"2025-09-28T07:50:27","guid":{"rendered":"https:\/\/doctorquality.it\/staging\/prodotto\/taglia-capelli-regola-barba-basette-impermeabile-ricaricabile-2-velocita-gemei-gm-792\/"},"modified":"2026-05-14T07:55:49","modified_gmt":"2026-05-14T05:55:49","slug":"taglia-capelli-regola-barba-basette-impermeabile-ricaricabile-2-velocita-gemei-gm-792","status":"publish","type":"product","link":"https:\/\/doctorquality.it\/staging\/prodotto\/taglia-capelli-regola-barba-basette-impermeabile-ricaricabile-2-velocita-gemei-gm-792\/","title":{"rendered":"Taglia Capelli Regola Barba Basette Impermeabile Ricaricabile 2 Velocit\u00e0 Gemei GM-792"},"content":{"rendered":"<p>Il nuovo rasoio tagliacapelli Gemei GM-792, \u00e8 semplicemente superiore con la funzione totalmente resistente all&#8217;acqua \u00e8 dotato di guide per poter avere diverse lunghezze. Il suo design \u00e8 realizzato con la migliore tecnologia con indicatore di carica.<\/p>\n<p>CARATTERISTICHE<\/p>\n<p>Carica batteria indicatore LED<br \/>100% lavabile<br \/>4 guide per diverse lunghezze<br \/>Carica rapida in solo un&#8217;ora<br \/>Funzione Turbo<br \/>Il miglior trimmer con design superiore<\/p>\n","protected":false},"excerpt":{"rendered":"<p>Il nuovo rasoio tagliacapelli Gemei GM-792, \u00e8 semplicemente superiore con la funzione totalmente resistente all&#8217;acqua \u00e8 dotato di guide per poter avere diverse lunghezze. Il suo design \u00e8 realizzato con la migliore tecnologia con indicatore di carica. CARATTERISTICHE Carica batteria indicatore LED100% lavabile4 guide per diverse lunghezzeCarica rapida in solo un&#8217;oraFunzione TurboIl miglior trimmer con [&hellip;]<\/p>\n","protected":false},"featured_media":31280,"comment_status":"open","ping_status":"closed","template":"","meta":[],"product_cat":[47],"product_tag":[],"class_list":{"0":"post-31283","1":"product","2":"type-product","3":"status-publish","4":"has-post-thumbnail","6":"product_cat-varie","8":"first","9":"instock","10":"taxable","11":"shipping-taxable","12":"purchasable","13":"product-type-simple"},"yoast_head":"<!-- This site is optimized with the Yoast SEO plugin v27.5 - https:\/\/yoast.com\/product\/yoast-seo-wordpress\/ -->\n<title>Taglia Capelli Regola Barba Basette Impermeabile Ricaricabile 2 Velocit\u00e0 Gemei GM-792 - Doctor Quality - Staging<\/title>\n<meta name=\"robots\" content=\"noindex, follow, max-snippet:-1, max-image-preview:large, max-video-preview:-1\" \/>\n<meta property=\"og:locale\" content=\"it_IT\" \/>\n<meta property=\"og:type\" content=\"article\" \/>\n<meta property=\"og:title\" content=\"Taglia Capelli Regola Barba Basette Impermeabile Ricaricabile 2 Velocit\u00e0 Gemei GM-792 - Doctor Quality - Staging\" \/>\n<meta property=\"og:description\" content=\"Il nuovo rasoio tagliacapelli Gemei GM-792, \u00e8 semplicemente superiore con la funzione totalmente resistente all&#8217;acqua \u00e8 dotato di guide per poter avere diverse lunghezze. Il suo design \u00e8 realizzato con la migliore tecnologia con indicatore di carica. CARATTERISTICHE Carica batteria indicatore LED100% lavabile4 guide per diverse lunghezzeCarica rapida in solo un&#8217;oraFunzione TurboIl miglior trimmer con [&hellip;]\" \/>\n<meta property=\"og:url\" content=\"https:\/\/doctorquality.it\/staging\/prodotto\/taglia-capelli-regola-barba-basette-impermeabile-ricaricabile-2-velocita-gemei-gm-792\/\" \/>\n<meta property=\"og:site_name\" content=\"Doctor Quality - Staging\" \/>\n<meta property=\"article:modified_time\" content=\"2026-05-14T05:55:49+00:00\" \/>\n<meta property=\"og:image\" content=\"https:\/\/doctorquality.it\/staging\/wp-content\/uploads\/2025\/09\/gemei_gm-792_1.jpg\" \/>\n\t<meta property=\"og:image:width\" content=\"800\" \/>\n\t<meta property=\"og:image:height\" content=\"800\" \/>\n\t<meta property=\"og:image:type\" content=\"image\/jpeg\" \/>\n<meta name=\"twitter:card\" content=\"summary_large_image\" \/>\n<script type=\"application\/ld+json\" class=\"yoast-schema-graph\">{\"@context\":\"https:\\\/\\\/schema.org\",\"@graph\":[{\"@type\":\"WebPage\",\"@id\":\"https:\\\/\\\/doctorquality.it\\\/staging\\\/prodotto\\\/taglia-capelli-regola-barba-basette-impermeabile-ricaricabile-2-velocita-gemei-gm-792\\\/\",\"url\":\"https:\\\/\\\/doctorquality.it\\\/staging\\\/prodotto\\\/taglia-capelli-regola-barba-basette-impermeabile-ricaricabile-2-velocita-gemei-gm-792\\\/\",\"name\":\"Taglia Capelli Regola Barba Basette Impermeabile Ricaricabile 2 Velocit\u00e0 Gemei GM-792 - Doctor Quality - Staging\",\"isPartOf\":{\"@id\":\"https:\\\/\\\/doctorquality.it\\\/staging\\\/#website\"},\"primaryImageOfPage\":{\"@id\":\"https:\\\/\\\/doctorquality.it\\\/staging\\\/prodotto\\\/taglia-capelli-regola-barba-basette-impermeabile-ricaricabile-2-velocita-gemei-gm-792\\\/#primaryimage\"},\"image\":{\"@id\":\"https:\\\/\\\/doctorquality.it\\\/staging\\\/prodotto\\\/taglia-capelli-regola-barba-basette-impermeabile-ricaricabile-2-velocita-gemei-gm-792\\\/#primaryimage\"},\"thumbnailUrl\":\"https:\\\/\\\/doctorquality.it\\\/staging\\\/wp-content\\\/uploads\\\/2025\\\/09\\\/gemei_gm-792_1.jpg\",\"datePublished\":\"2025-09-28T07:50:27+00:00\",\"dateModified\":\"2026-05-14T05:55:49+00:00\",\"breadcrumb\":{\"@id\":\"https:\\\/\\\/doctorquality.it\\\/staging\\\/prodotto\\\/taglia-capelli-regola-barba-basette-impermeabile-ricaricabile-2-velocita-gemei-gm-792\\\/#breadcrumb\"},\"inLanguage\":\"it-IT\",\"potentialAction\":[{\"@type\":\"ReadAction\",\"target\":[\"https:\\\/\\\/doctorquality.it\\\/staging\\\/prodotto\\\/taglia-capelli-regola-barba-basette-impermeabile-ricaricabile-2-velocita-gemei-gm-792\\\/\"]}]},{\"@type\":\"ImageObject\",\"inLanguage\":\"it-IT\",\"@id\":\"https:\\\/\\\/doctorquality.it\\\/staging\\\/prodotto\\\/taglia-capelli-regola-barba-basette-impermeabile-ricaricabile-2-velocita-gemei-gm-792\\\/#primaryimage\",\"url\":\"https:\\\/\\\/doctorquality.it\\\/staging\\\/wp-content\\\/uploads\\\/2025\\\/09\\\/gemei_gm-792_1.jpg\",\"contentUrl\":\"https:\\\/\\\/doctorquality.it\\\/staging\\\/wp-content\\\/uploads\\\/2025\\\/09\\\/gemei_gm-792_1.jpg\",\"width\":800,\"height\":800},{\"@type\":\"BreadcrumbList\",\"@id\":\"https:\\\/\\\/doctorquality.it\\\/staging\\\/prodotto\\\/taglia-capelli-regola-barba-basette-impermeabile-ricaricabile-2-velocita-gemei-gm-792\\\/#breadcrumb\",\"itemListElement\":[{\"@type\":\"ListItem\",\"position\":1,\"name\":\"Home\",\"item\":\"https:\\\/\\\/doctorquality.it\\\/staging\\\/\"},{\"@type\":\"ListItem\",\"position\":2,\"name\":\"Shop\",\"item\":\"https:\\\/\\\/doctorquality.it\\\/staging\\\/shop\\\/\"},{\"@type\":\"ListItem\",\"position\":3,\"name\":\"Taglia Capelli Regola Barba Basette Impermeabile Ricaricabile 2 Velocit\u00e0 Gemei GM-792\"}]},{\"@type\":\"WebSite\",\"@id\":\"https:\\\/\\\/doctorquality.it\\\/staging\\\/#website\",\"url\":\"https:\\\/\\\/doctorquality.it\\\/staging\\\/\",\"name\":\"Doctor Quality - Staging\",\"description\":\"I migliori Integratori e Medicinali al miglior prezzo online.\",\"publisher\":{\"@id\":\"https:\\\/\\\/doctorquality.it\\\/staging\\\/#organization\"},\"potentialAction\":[{\"@type\":\"SearchAction\",\"target\":{\"@type\":\"EntryPoint\",\"urlTemplate\":\"https:\\\/\\\/doctorquality.it\\\/staging\\\/?s={search_term_string}\"},\"query-input\":{\"@type\":\"PropertyValueSpecification\",\"valueRequired\":true,\"valueName\":\"search_term_string\"}}],\"inLanguage\":\"it-IT\"},{\"@type\":\"Organization\",\"@id\":\"https:\\\/\\\/doctorquality.it\\\/staging\\\/#organization\",\"name\":\"Doctor Quality - Staging\",\"url\":\"https:\\\/\\\/doctorquality.it\\\/staging\\\/\",\"logo\":{\"@type\":\"ImageObject\",\"inLanguage\":\"it-IT\",\"@id\":\"https:\\\/\\\/doctorquality.it\\\/staging\\\/#\\\/schema\\\/logo\\\/image\\\/\",\"url\":\"https:\\\/\\\/doctorquality.it\\\/staging\\\/wp-content\\\/uploads\\\/2022\\\/04\\\/Doctor-Quality-Logo-1.png\",\"contentUrl\":\"https:\\\/\\\/doctorquality.it\\\/staging\\\/wp-content\\\/uploads\\\/2022\\\/04\\\/Doctor-Quality-Logo-1.png\",\"width\":1000,\"height\":200,\"caption\":\"Doctor Quality - Staging\"},\"image\":{\"@id\":\"https:\\\/\\\/doctorquality.it\\\/staging\\\/#\\\/schema\\\/logo\\\/image\\\/\"}}]}<\/script>\n<!-- \/ Yoast SEO plugin. -->","yoast_head_json":{"title":"Taglia Capelli Regola Barba Basette Impermeabile Ricaricabile 2 Velocit\u00e0 Gemei GM-792 - Doctor Quality - Staging","robots":{"index":"noindex","follow":"follow","max-snippet":"max-snippet:-1","max-image-preview":"max-image-preview:large","max-video-preview":"max-video-preview:-1"},"og_locale":"it_IT","og_type":"article","og_title":"Taglia Capelli Regola Barba Basette Impermeabile Ricaricabile 2 Velocit\u00e0 Gemei GM-792 - Doctor Quality - Staging","og_description":"Il nuovo rasoio tagliacapelli Gemei GM-792, \u00e8 semplicemente superiore con la funzione totalmente resistente all&#8217;acqua \u00e8 dotato di guide per poter avere diverse lunghezze. Il suo design \u00e8 realizzato con la migliore tecnologia con indicatore di carica. CARATTERISTICHE Carica batteria indicatore LED100% lavabile4 guide per diverse lunghezzeCarica rapida in solo un&#8217;oraFunzione TurboIl miglior trimmer con [&hellip;]","og_url":"https:\/\/doctorquality.it\/staging\/prodotto\/taglia-capelli-regola-barba-basette-impermeabile-ricaricabile-2-velocita-gemei-gm-792\/","og_site_name":"Doctor Quality - Staging","article_modified_time":"2026-05-14T05:55:49+00:00","og_image":[{"width":800,"height":800,"url":"https:\/\/doctorquality.it\/staging\/wp-content\/uploads\/2025\/09\/gemei_gm-792_1.jpg","type":"image\/jpeg"}],"twitter_card":"summary_large_image","schema":{"@context":"https:\/\/schema.org","@graph":[{"@type":"WebPage","@id":"https:\/\/doctorquality.it\/staging\/prodotto\/taglia-capelli-regola-barba-basette-impermeabile-ricaricabile-2-velocita-gemei-gm-792\/","url":"https:\/\/doctorquality.it\/staging\/prodotto\/taglia-capelli-regola-barba-basette-impermeabile-ricaricabile-2-velocita-gemei-gm-792\/","name":"Taglia Capelli Regola Barba Basette Impermeabile Ricaricabile 2 Velocit\u00e0 Gemei GM-792 - Doctor Quality - Staging","isPartOf":{"@id":"https:\/\/doctorquality.it\/staging\/#website"},"primaryImageOfPage":{"@id":"https:\/\/doctorquality.it\/staging\/prodotto\/taglia-capelli-regola-barba-basette-impermeabile-ricaricabile-2-velocita-gemei-gm-792\/#primaryimage"},"image":{"@id":"https:\/\/doctorquality.it\/staging\/prodotto\/taglia-capelli-regola-barba-basette-impermeabile-ricaricabile-2-velocita-gemei-gm-792\/#primaryimage"},"thumbnailUrl":"https:\/\/doctorquality.it\/staging\/wp-content\/uploads\/2025\/09\/gemei_gm-792_1.jpg","datePublished":"2025-09-28T07:50:27+00:00","dateModified":"2026-05-14T05:55:49+00:00","breadcrumb":{"@id":"https:\/\/doctorquality.it\/staging\/prodotto\/taglia-capelli-regola-barba-basette-impermeabile-ricaricabile-2-velocita-gemei-gm-792\/#breadcrumb"},"inLanguage":"it-IT","potentialAction":[{"@type":"ReadAction","target":["https:\/\/doctorquality.it\/staging\/prodotto\/taglia-capelli-regola-barba-basette-impermeabile-ricaricabile-2-velocita-gemei-gm-792\/"]}]},{"@type":"ImageObject","inLanguage":"it-IT","@id":"https:\/\/doctorquality.it\/staging\/prodotto\/taglia-capelli-regola-barba-basette-impermeabile-ricaricabile-2-velocita-gemei-gm-792\/#primaryimage","url":"https:\/\/doctorquality.it\/staging\/wp-content\/uploads\/2025\/09\/gemei_gm-792_1.jpg","contentUrl":"https:\/\/doctorquality.it\/staging\/wp-content\/uploads\/2025\/09\/gemei_gm-792_1.jpg","width":800,"height":800},{"@type":"BreadcrumbList","@id":"https:\/\/doctorquality.it\/staging\/prodotto\/taglia-capelli-regola-barba-basette-impermeabile-ricaricabile-2-velocita-gemei-gm-792\/#breadcrumb","itemListElement":[{"@type":"ListItem","position":1,"name":"Home","item":"https:\/\/doctorquality.it\/staging\/"},{"@type":"ListItem","position":2,"name":"Shop","item":"https:\/\/doctorquality.it\/staging\/shop\/"},{"@type":"ListItem","position":3,"name":"Taglia Capelli Regola Barba Basette Impermeabile Ricaricabile 2 Velocit\u00e0 Gemei GM-792"}]},{"@type":"WebSite","@id":"https:\/\/doctorquality.it\/staging\/#website","url":"https:\/\/doctorquality.it\/staging\/","name":"Doctor Quality - Staging","description":"I migliori Integratori e Medicinali al miglior prezzo online.","publisher":{"@id":"https:\/\/doctorquality.it\/staging\/#organization"},"potentialAction":[{"@type":"SearchAction","target":{"@type":"EntryPoint","urlTemplate":"https:\/\/doctorquality.it\/staging\/?s={search_term_string}"},"query-input":{"@type":"PropertyValueSpecification","valueRequired":true,"valueName":"search_term_string"}}],"inLanguage":"it-IT"},{"@type":"Organization","@id":"https:\/\/doctorquality.it\/staging\/#organization","name":"Doctor Quality - Staging","url":"https:\/\/doctorquality.it\/staging\/","logo":{"@type":"ImageObject","inLanguage":"it-IT","@id":"https:\/\/doctorquality.it\/staging\/#\/schema\/logo\/image\/","url":"https:\/\/doctorquality.it\/staging\/wp-content\/uploads\/2022\/04\/Doctor-Quality-Logo-1.png","contentUrl":"https:\/\/doctorquality.it\/staging\/wp-content\/uploads\/2022\/04\/Doctor-Quality-Logo-1.png","width":1000,"height":200,"caption":"Doctor Quality - Staging"},"image":{"@id":"https:\/\/doctorquality.it\/staging\/#\/schema\/logo\/image\/"}}]}},"_links":{"self":[{"href":"https:\/\/doctorquality.it\/staging\/wp-json\/wp\/v2\/product\/31283","targetHints":{"allow":["GET"]}}],"collection":[{"href":"https:\/\/doctorquality.it\/staging\/wp-json\/wp\/v2\/product"}],"about":[{"href":"https:\/\/doctorquality.it\/staging\/wp-json\/wp\/v2\/types\/product"}],"replies":[{"embeddable":true,"href":"https:\/\/doctorquality.it\/staging\/wp-json\/wp\/v2\/comments?post=31283"}],"wp:featuredmedia":[{"embeddable":true,"href":"https:\/\/doctorquality.it\/staging\/wp-json\/wp\/v2\/media\/31280"}],"wp:attachment":[{"href":"https:\/\/doctorquality.it\/staging\/wp-json\/wp\/v2\/media?parent=31283"}],"wp:term":[{"taxonomy":"product_cat","embeddable":true,"href":"https:\/\/doctorquality.it\/staging\/wp-json\/wp\/v2\/product_cat?post=31283"},{"taxonomy":"product_tag","embeddable":true,"href":"https:\/\/doctorquality.it\/staging\/wp-json\/wp\/v2\/product_tag?post=31283"}],"curies":[{"name":"wp","href":"https:\/\/api.w.org\/{rel}","templated":true}]}}