{"id":31270,"date":"2025-09-28T09:46:37","date_gmt":"2025-09-28T07:46:37","guid":{"rendered":"https:\/\/doctorquality.it\/staging\/prodotto\/rasoio-elettrico-intelligente-ricaricabile-usb\/"},"modified":"2026-04-28T12:36:52","modified_gmt":"2026-04-28T10:36:52","slug":"rasoio-elettrico-intelligente-ricaricabile-usb","status":"publish","type":"product","link":"https:\/\/doctorquality.it\/staging\/prodotto\/rasoio-elettrico-intelligente-ricaricabile-usb\/","title":{"rendered":"Rasoio Elettrico Intelligente Ricaricabile USB"},"content":{"rendered":"<p>Promemoria luce a LED, carica 8 ore, tempo di lavoro normale 60 minuti<br \/>Supporta il carico UCB, tecnologia di rettifica automatica<br \/>Manuale di istruzioni in sei lingue, rimuovere quando si sostituiscono gli accessori (non ruotare)<br \/>Design impermeabile, pu\u00f2 essere pulito direttamente in acqua, rasatura bagnata o asciutta, \u00e8 possibile utilizzare con la crema da barba<br \/>Voltaggio 100 V-240 V, 50\/60 Hz, design della batteria ricaricabile, il rasoio elettrico non pu\u00f2 tagliare la barba lunga, si prega di utilizzare il tagliabordi prima della rasatura<br \/>Marchio: VGR<br \/>Nome: rasoio \/ detergente multifunzione<br \/>Materiale testa utensile: testa di taglio in acciaio inossidabile<br \/>Tempo di ricarica: 8 ore<br \/>Tempo di utilizzo: 60 minuti<br \/>Potenza: 5 W.<br \/>Modalit\u00e0 di alimentazione: ricarica \/ connessione USB<br \/>Metodo di pulizia: lavabile tutto il corpo<br \/>Tipo di elemento: rasoio elettrico<br \/>Genere: maschio<br \/>Tipo di potere: ricaricabile<br \/>Caratteristica: cinque lame \/ quattro lame \/ lama singola \/ doppia lama \/ tripla lama<br \/>Usa: Viso<br \/>Con dispositivo di regolazione: s\u00ec<br \/>Voltaggio: universale globale (100-240 V)<br \/>L&#8217;ingegnere di fabbrica consiglia la rasatura a umido poich\u00e9 tutti i nuovi rasoi elettrici hanno una leggera irritazione della pelle, ma questo non \u00e8 un problema di qualit\u00e0, si prega di attenersi a 2-3 mesi e la pelle s ci abitueremo<br \/>Design della batteria ricaricabile, uso wireless, si prega di caricare completamente, se il tempo di ricarica \u00e8 troppo breve, il taglio \u00e8 debole<br \/>Tipo di spina: spina europea, si applica a Indonesia, Germania, Francia, Spagna, Italia e cos\u00ec via.<br \/>Colore: nero<br \/>Materiale: plastica<br \/>Dimensioni: 11 * 6 * 7 cm<br \/>Contenuto della confezione:<br \/>1x host<br \/>1x testa di rasoio<br \/>1x spazzola per la pulizia<br \/>1x testa per tagliare i peli del naso<br \/>1x taglierina della testa di taglio<br \/>1x parapolvere<br \/>1x spazzola per la pulizia<br \/>1x istruzioni<br \/>1x scatola<br \/>Pettine 4x limit<\/p>\n","protected":false},"excerpt":{"rendered":"<p>Promemoria luce a LED, carica 8 ore, tempo di lavoro normale 60 minutiSupporta il carico UCB, tecnologia di rettifica automaticaManuale di istruzioni in sei lingue, rimuovere quando si sostituiscono gli accessori (non ruotare)Design impermeabile, pu\u00f2 essere pulito direttamente in acqua, rasatura bagnata o asciutta, \u00e8 possibile utilizzare con la crema da barbaVoltaggio 100 V-240 V, [&hellip;]<\/p>\n","protected":false},"featured_media":31264,"comment_status":"open","ping_status":"closed","template":"","meta":{"_acf_changed":false},"product_cat":[47],"product_tag":[],"class_list":{"0":"post-31270","1":"product","2":"type-product","3":"status-publish","4":"has-post-thumbnail","6":"product_cat-varie","8":"first","9":"instock","10":"taxable","11":"shipping-taxable","12":"purchasable","13":"product-type-simple"},"supplier_id":null,"supplier_sku":"","barcode":null,"atum_controlled":false,"out_stock_date":null,"out_stock_threshold":null,"inheritable":false,"inbound_stock":null,"stock_on_hold":0,"sold_today":0,"sales_last_days":0,"reserved_stock":null,"customer_returns":null,"warehouse_damage":null,"lost_in_post":null,"other_logs":null,"out_stock_days":0,"lost_sales":0,"has_location":null,"update_date":"2026-04-28T10:36:55","atum_locations":[],"atum_stock_status":"instock","restock_status":false,"low_stock_amount":"","sales_update_date":"2026-04-26T01:19:52","calc_backorders":null,"acf":[],"yoast_head":"<!-- This site is optimized with the Yoast SEO plugin v27.4 - https:\/\/yoast.com\/product\/yoast-seo-wordpress\/ -->\n<title>Rasoio Elettrico Intelligente Ricaricabile USB - Doctor Quality - Staging<\/title>\n<meta name=\"robots\" content=\"noindex, follow, max-snippet:-1, max-image-preview:large, max-video-preview:-1\" \/>\n<meta property=\"og:locale\" content=\"it_IT\" \/>\n<meta property=\"og:type\" content=\"article\" \/>\n<meta property=\"og:title\" content=\"Rasoio Elettrico Intelligente Ricaricabile USB - Doctor Quality - Staging\" \/>\n<meta property=\"og:description\" content=\"Promemoria luce a LED, carica 8 ore, tempo di lavoro normale 60 minutiSupporta il carico UCB, tecnologia di rettifica automaticaManuale di istruzioni in sei lingue, rimuovere quando si sostituiscono gli accessori (non ruotare)Design impermeabile, pu\u00f2 essere pulito direttamente in acqua, rasatura bagnata o asciutta, \u00e8 possibile utilizzare con la crema da barbaVoltaggio 100 V-240 V, [&hellip;]\" \/>\n<meta property=\"og:url\" content=\"https:\/\/doctorquality.it\/staging\/prodotto\/rasoio-elettrico-intelligente-ricaricabile-usb\/\" \/>\n<meta property=\"og:site_name\" content=\"Doctor Quality - Staging\" \/>\n<meta property=\"article:modified_time\" content=\"2026-04-28T10:36:52+00:00\" \/>\n<meta property=\"og:image\" content=\"https:\/\/doctorquality.it\/staging\/wp-content\/uploads\/2025\/09\/schermata_2020-01-14_alle_12.51.57.png\" \/>\n\t<meta property=\"og:image:width\" content=\"396\" \/>\n\t<meta property=\"og:image:height\" content=\"428\" \/>\n\t<meta property=\"og:image:type\" content=\"image\/png\" \/>\n<meta name=\"twitter:card\" content=\"summary_large_image\" \/>\n<meta name=\"twitter:label1\" content=\"Tempo di lettura stimato\" \/>\n\t<meta name=\"twitter:data1\" content=\"1 minuto\" \/>\n<script type=\"application\/ld+json\" class=\"yoast-schema-graph\">{\"@context\":\"https:\\\/\\\/schema.org\",\"@graph\":[{\"@type\":\"WebPage\",\"@id\":\"https:\\\/\\\/doctorquality.it\\\/staging\\\/prodotto\\\/rasoio-elettrico-intelligente-ricaricabile-usb\\\/\",\"url\":\"https:\\\/\\\/doctorquality.it\\\/staging\\\/prodotto\\\/rasoio-elettrico-intelligente-ricaricabile-usb\\\/\",\"name\":\"Rasoio Elettrico Intelligente Ricaricabile USB - Doctor Quality - Staging\",\"isPartOf\":{\"@id\":\"https:\\\/\\\/doctorquality.it\\\/staging\\\/#website\"},\"primaryImageOfPage\":{\"@id\":\"https:\\\/\\\/doctorquality.it\\\/staging\\\/prodotto\\\/rasoio-elettrico-intelligente-ricaricabile-usb\\\/#primaryimage\"},\"image\":{\"@id\":\"https:\\\/\\\/doctorquality.it\\\/staging\\\/prodotto\\\/rasoio-elettrico-intelligente-ricaricabile-usb\\\/#primaryimage\"},\"thumbnailUrl\":\"https:\\\/\\\/doctorquality.it\\\/staging\\\/wp-content\\\/uploads\\\/2025\\\/09\\\/schermata_2020-01-14_alle_12.51.57.png\",\"datePublished\":\"2025-09-28T07:46:37+00:00\",\"dateModified\":\"2026-04-28T10:36:52+00:00\",\"breadcrumb\":{\"@id\":\"https:\\\/\\\/doctorquality.it\\\/staging\\\/prodotto\\\/rasoio-elettrico-intelligente-ricaricabile-usb\\\/#breadcrumb\"},\"inLanguage\":\"it-IT\",\"potentialAction\":[{\"@type\":\"ReadAction\",\"target\":[\"https:\\\/\\\/doctorquality.it\\\/staging\\\/prodotto\\\/rasoio-elettrico-intelligente-ricaricabile-usb\\\/\"]}]},{\"@type\":\"ImageObject\",\"inLanguage\":\"it-IT\",\"@id\":\"https:\\\/\\\/doctorquality.it\\\/staging\\\/prodotto\\\/rasoio-elettrico-intelligente-ricaricabile-usb\\\/#primaryimage\",\"url\":\"https:\\\/\\\/doctorquality.it\\\/staging\\\/wp-content\\\/uploads\\\/2025\\\/09\\\/schermata_2020-01-14_alle_12.51.57.png\",\"contentUrl\":\"https:\\\/\\\/doctorquality.it\\\/staging\\\/wp-content\\\/uploads\\\/2025\\\/09\\\/schermata_2020-01-14_alle_12.51.57.png\",\"width\":396,\"height\":428},{\"@type\":\"BreadcrumbList\",\"@id\":\"https:\\\/\\\/doctorquality.it\\\/staging\\\/prodotto\\\/rasoio-elettrico-intelligente-ricaricabile-usb\\\/#breadcrumb\",\"itemListElement\":[{\"@type\":\"ListItem\",\"position\":1,\"name\":\"Home\",\"item\":\"https:\\\/\\\/doctorquality.it\\\/staging\\\/\"},{\"@type\":\"ListItem\",\"position\":2,\"name\":\"Shop\",\"item\":\"https:\\\/\\\/doctorquality.it\\\/staging\\\/shop\\\/\"},{\"@type\":\"ListItem\",\"position\":3,\"name\":\"Rasoio Elettrico Intelligente Ricaricabile USB\"}]},{\"@type\":\"WebSite\",\"@id\":\"https:\\\/\\\/doctorquality.it\\\/staging\\\/#website\",\"url\":\"https:\\\/\\\/doctorquality.it\\\/staging\\\/\",\"name\":\"Doctor Quality - Staging\",\"description\":\"I migliori Integratori e Medicinali al miglior prezzo online.\",\"publisher\":{\"@id\":\"https:\\\/\\\/doctorquality.it\\\/staging\\\/#organization\"},\"potentialAction\":[{\"@type\":\"SearchAction\",\"target\":{\"@type\":\"EntryPoint\",\"urlTemplate\":\"https:\\\/\\\/doctorquality.it\\\/staging\\\/?s={search_term_string}\"},\"query-input\":{\"@type\":\"PropertyValueSpecification\",\"valueRequired\":true,\"valueName\":\"search_term_string\"}}],\"inLanguage\":\"it-IT\"},{\"@type\":\"Organization\",\"@id\":\"https:\\\/\\\/doctorquality.it\\\/staging\\\/#organization\",\"name\":\"Doctor Quality - Staging\",\"url\":\"https:\\\/\\\/doctorquality.it\\\/staging\\\/\",\"logo\":{\"@type\":\"ImageObject\",\"inLanguage\":\"it-IT\",\"@id\":\"https:\\\/\\\/doctorquality.it\\\/staging\\\/#\\\/schema\\\/logo\\\/image\\\/\",\"url\":\"https:\\\/\\\/doctorquality.it\\\/staging\\\/wp-content\\\/uploads\\\/2022\\\/04\\\/Doctor-Quality-Logo-1.png\",\"contentUrl\":\"https:\\\/\\\/doctorquality.it\\\/staging\\\/wp-content\\\/uploads\\\/2022\\\/04\\\/Doctor-Quality-Logo-1.png\",\"width\":1000,\"height\":200,\"caption\":\"Doctor Quality - Staging\"},\"image\":{\"@id\":\"https:\\\/\\\/doctorquality.it\\\/staging\\\/#\\\/schema\\\/logo\\\/image\\\/\"}}]}<\/script>\n<!-- \/ Yoast SEO plugin. -->","yoast_head_json":{"title":"Rasoio Elettrico Intelligente Ricaricabile USB - Doctor Quality - Staging","robots":{"index":"noindex","follow":"follow","max-snippet":"max-snippet:-1","max-image-preview":"max-image-preview:large","max-video-preview":"max-video-preview:-1"},"og_locale":"it_IT","og_type":"article","og_title":"Rasoio Elettrico Intelligente Ricaricabile USB - Doctor Quality - Staging","og_description":"Promemoria luce a LED, carica 8 ore, tempo di lavoro normale 60 minutiSupporta il carico UCB, tecnologia di rettifica automaticaManuale di istruzioni in sei lingue, rimuovere quando si sostituiscono gli accessori (non ruotare)Design impermeabile, pu\u00f2 essere pulito direttamente in acqua, rasatura bagnata o asciutta, \u00e8 possibile utilizzare con la crema da barbaVoltaggio 100 V-240 V, [&hellip;]","og_url":"https:\/\/doctorquality.it\/staging\/prodotto\/rasoio-elettrico-intelligente-ricaricabile-usb\/","og_site_name":"Doctor Quality - Staging","article_modified_time":"2026-04-28T10:36:52+00:00","og_image":[{"width":396,"height":428,"url":"https:\/\/doctorquality.it\/staging\/wp-content\/uploads\/2025\/09\/schermata_2020-01-14_alle_12.51.57.png","type":"image\/png"}],"twitter_card":"summary_large_image","twitter_misc":{"Tempo di lettura stimato":"1 minuto"},"schema":{"@context":"https:\/\/schema.org","@graph":[{"@type":"WebPage","@id":"https:\/\/doctorquality.it\/staging\/prodotto\/rasoio-elettrico-intelligente-ricaricabile-usb\/","url":"https:\/\/doctorquality.it\/staging\/prodotto\/rasoio-elettrico-intelligente-ricaricabile-usb\/","name":"Rasoio Elettrico Intelligente Ricaricabile USB - Doctor Quality - Staging","isPartOf":{"@id":"https:\/\/doctorquality.it\/staging\/#website"},"primaryImageOfPage":{"@id":"https:\/\/doctorquality.it\/staging\/prodotto\/rasoio-elettrico-intelligente-ricaricabile-usb\/#primaryimage"},"image":{"@id":"https:\/\/doctorquality.it\/staging\/prodotto\/rasoio-elettrico-intelligente-ricaricabile-usb\/#primaryimage"},"thumbnailUrl":"https:\/\/doctorquality.it\/staging\/wp-content\/uploads\/2025\/09\/schermata_2020-01-14_alle_12.51.57.png","datePublished":"2025-09-28T07:46:37+00:00","dateModified":"2026-04-28T10:36:52+00:00","breadcrumb":{"@id":"https:\/\/doctorquality.it\/staging\/prodotto\/rasoio-elettrico-intelligente-ricaricabile-usb\/#breadcrumb"},"inLanguage":"it-IT","potentialAction":[{"@type":"ReadAction","target":["https:\/\/doctorquality.it\/staging\/prodotto\/rasoio-elettrico-intelligente-ricaricabile-usb\/"]}]},{"@type":"ImageObject","inLanguage":"it-IT","@id":"https:\/\/doctorquality.it\/staging\/prodotto\/rasoio-elettrico-intelligente-ricaricabile-usb\/#primaryimage","url":"https:\/\/doctorquality.it\/staging\/wp-content\/uploads\/2025\/09\/schermata_2020-01-14_alle_12.51.57.png","contentUrl":"https:\/\/doctorquality.it\/staging\/wp-content\/uploads\/2025\/09\/schermata_2020-01-14_alle_12.51.57.png","width":396,"height":428},{"@type":"BreadcrumbList","@id":"https:\/\/doctorquality.it\/staging\/prodotto\/rasoio-elettrico-intelligente-ricaricabile-usb\/#breadcrumb","itemListElement":[{"@type":"ListItem","position":1,"name":"Home","item":"https:\/\/doctorquality.it\/staging\/"},{"@type":"ListItem","position":2,"name":"Shop","item":"https:\/\/doctorquality.it\/staging\/shop\/"},{"@type":"ListItem","position":3,"name":"Rasoio Elettrico Intelligente Ricaricabile USB"}]},{"@type":"WebSite","@id":"https:\/\/doctorquality.it\/staging\/#website","url":"https:\/\/doctorquality.it\/staging\/","name":"Doctor Quality - Staging","description":"I migliori Integratori e Medicinali al miglior prezzo online.","publisher":{"@id":"https:\/\/doctorquality.it\/staging\/#organization"},"potentialAction":[{"@type":"SearchAction","target":{"@type":"EntryPoint","urlTemplate":"https:\/\/doctorquality.it\/staging\/?s={search_term_string}"},"query-input":{"@type":"PropertyValueSpecification","valueRequired":true,"valueName":"search_term_string"}}],"inLanguage":"it-IT"},{"@type":"Organization","@id":"https:\/\/doctorquality.it\/staging\/#organization","name":"Doctor Quality - Staging","url":"https:\/\/doctorquality.it\/staging\/","logo":{"@type":"ImageObject","inLanguage":"it-IT","@id":"https:\/\/doctorquality.it\/staging\/#\/schema\/logo\/image\/","url":"https:\/\/doctorquality.it\/staging\/wp-content\/uploads\/2022\/04\/Doctor-Quality-Logo-1.png","contentUrl":"https:\/\/doctorquality.it\/staging\/wp-content\/uploads\/2022\/04\/Doctor-Quality-Logo-1.png","width":1000,"height":200,"caption":"Doctor Quality - Staging"},"image":{"@id":"https:\/\/doctorquality.it\/staging\/#\/schema\/logo\/image\/"}}]}},"tiered_pricing_type":"fixed","tiered_pricing_fixed_rules":[],"tiered_pricing_product_settings":{"layout":"default","base_unit_name":{"singular":null,"plural":null},"default_variation":null},"tiered_pricing_minimum_quantity":null,"tiered_pricing_roles_data":[],"tiered_pricing_percentage_rules":[],"_links":{"self":[{"href":"https:\/\/doctorquality.it\/staging\/wp-json\/wp\/v2\/product\/31270","targetHints":{"allow":["GET"]}}],"collection":[{"href":"https:\/\/doctorquality.it\/staging\/wp-json\/wp\/v2\/product"}],"about":[{"href":"https:\/\/doctorquality.it\/staging\/wp-json\/wp\/v2\/types\/product"}],"replies":[{"embeddable":true,"href":"https:\/\/doctorquality.it\/staging\/wp-json\/wp\/v2\/comments?post=31270"}],"wp:featuredmedia":[{"embeddable":true,"href":"https:\/\/doctorquality.it\/staging\/wp-json\/wp\/v2\/media\/31264"}],"wp:attachment":[{"href":"https:\/\/doctorquality.it\/staging\/wp-json\/wp\/v2\/media?parent=31270"}],"wp:term":[{"taxonomy":"product_cat","embeddable":true,"href":"https:\/\/doctorquality.it\/staging\/wp-json\/wp\/v2\/product_cat?post=31270"},{"taxonomy":"product_tag","embeddable":true,"href":"https:\/\/doctorquality.it\/staging\/wp-json\/wp\/v2\/product_tag?post=31270"}],"curies":[{"name":"wp","href":"https:\/\/api.w.org\/{rel}","templated":true}]}}