{"id":31203,"date":"2025-09-28T09:12:09","date_gmt":"2025-09-28T07:12:09","guid":{"rendered":"https:\/\/doctorquality.it\/staging\/prodotto\/base-top-semipermanente-2in1-color-it-silcare-15ml\/"},"modified":"2026-04-28T12:36:18","modified_gmt":"2026-04-28T10:36:18","slug":"base-top-semipermanente-2in1-color-it-silcare-15ml","status":"publish","type":"product","link":"https:\/\/doctorquality.it\/staging\/prodotto\/base-top-semipermanente-2in1-color-it-silcare-15ml\/","title":{"rendered":"Base &amp; Top Semipermanente 2in1 Color it Silcare 15ml"},"content":{"rendered":"<p>La Formula Speciale Dello Smalto Gel Vanish Offre Aderenza E Protezione Del Colore In Un Unico Prodotto Che Pu\u00f2 Essere Utilizzato Come Base Bonder E Come Sigillante Finale.<br \/>Ha Un Pennellino Appositamente Sagomato In Setole Di Nylon Di Alta Qualit\u00e0, Tecnologia Tynex \u00ae, Inoltre Grazie Alla Sua Forma Facilita La Distribuzione Del Prodotto Sull&#8217;Unghia E Riduce Il Tempo Di Applicazione. <br \/>Il Finish Top Vanich Color It Silcare \u00e8 Autolivellante Ed Ha Una Densit\u00e0 Medio-Bassa, Ci\u00f2 Facilita L&#8217;Applicazione E La Stesura Del Prodotto Evitando Avvallamenti Sulle Unghie.<br \/>Caratteristiche<br \/>2 In 1: Base E Top Coat Semipermanente<br \/>Non Si Scioglie Con Il Remover O Acetone<br \/>Densit\u00e0 Medio-Bassa<br \/>Autolivellante<br \/>Con Dispersione<br \/>Pigmento Anti-Ingiallimento<br \/>Catalizzazione: 120Sec Uv, 60Sec Uvled Diodi<br \/>Istruzioni<br \/>Dopo Aver Preparato Correttamente L&#8217;Unghia Applicare La Base Smalto Gel Vanish In Maniera Sottile E Omogenea E Catalizzare In Lampada.<br \/>Applicare Il Colore Semipermanente E Catalizzare. Ripetere Se Necessario.<br \/>Applicare Uno Strato A Smalto Un Po&#8217; Pi\u00f9 Corposo Di Semipermanente Vanish Come Lucido E Catalizzare. <br \/>Far Raffreddare Almeno 1 Min E Sgrassare Con Cleaner O Olio Cuticole.<\/p>\n","protected":false},"excerpt":{"rendered":"<p>La Formula Speciale Dello Smalto Gel Vanish Offre Aderenza E Protezione Del Colore In Un Unico Prodotto Che Pu\u00f2 Essere Utilizzato Come Base Bonder E Come Sigillante Finale.Ha Un Pennellino Appositamente Sagomato In Setole Di Nylon Di Alta Qualit\u00e0, Tecnologia Tynex \u00ae, Inoltre Grazie Alla Sua Forma Facilita La Distribuzione Del Prodotto Sull&#8217;Unghia E Riduce [&hellip;]<\/p>\n","protected":false},"featured_media":31202,"comment_status":"open","ping_status":"closed","template":"","meta":{"_acf_changed":false},"product_cat":[47],"product_tag":[],"class_list":{"0":"post-31203","1":"product","2":"type-product","3":"status-publish","4":"has-post-thumbnail","6":"product_cat-varie","8":"first","9":"instock","10":"taxable","11":"shipping-taxable","12":"purchasable","13":"product-type-simple"},"supplier_id":null,"supplier_sku":"","barcode":null,"atum_controlled":false,"out_stock_date":null,"out_stock_threshold":null,"inheritable":false,"inbound_stock":null,"stock_on_hold":0,"sold_today":0,"sales_last_days":0,"reserved_stock":null,"customer_returns":null,"warehouse_damage":null,"lost_in_post":null,"other_logs":null,"out_stock_days":0,"lost_sales":0,"has_location":null,"update_date":"2026-04-28T10:36:22","atum_locations":[],"atum_stock_status":"instock","restock_status":false,"low_stock_amount":"","sales_update_date":"2026-04-26T01:19:51","calc_backorders":null,"acf":[],"yoast_head":"<!-- This site is optimized with the Yoast SEO plugin v27.4 - https:\/\/yoast.com\/product\/yoast-seo-wordpress\/ -->\n<title>Base &amp; Top Semipermanente 2in1 Color it Silcare 15ml - Doctor Quality - Staging<\/title>\n<meta name=\"robots\" content=\"noindex, follow, max-snippet:-1, max-image-preview:large, max-video-preview:-1\" \/>\n<meta property=\"og:locale\" content=\"it_IT\" \/>\n<meta property=\"og:type\" content=\"article\" \/>\n<meta property=\"og:title\" content=\"Base &amp; Top Semipermanente 2in1 Color it Silcare 15ml - Doctor Quality - Staging\" \/>\n<meta property=\"og:description\" content=\"La Formula Speciale Dello Smalto Gel Vanish Offre Aderenza E Protezione Del Colore In Un Unico Prodotto Che Pu\u00f2 Essere Utilizzato Come Base Bonder E Come Sigillante Finale.Ha Un Pennellino Appositamente Sagomato In Setole Di Nylon Di Alta Qualit\u00e0, Tecnologia Tynex \u00ae, Inoltre Grazie Alla Sua Forma Facilita La Distribuzione Del Prodotto Sull&#8217;Unghia E Riduce [&hellip;]\" \/>\n<meta property=\"og:url\" content=\"https:\/\/doctorquality.it\/staging\/prodotto\/base-top-semipermanente-2in1-color-it-silcare-15ml\/\" \/>\n<meta property=\"og:site_name\" content=\"Doctor Quality - Staging\" \/>\n<meta property=\"article:modified_time\" content=\"2026-04-28T10:36:18+00:00\" \/>\n<meta property=\"og:image\" content=\"https:\/\/doctorquality.it\/staging\/wp-content\/uploads\/2025\/09\/semipermanente-base-top-vanish.jpg\" \/>\n\t<meta property=\"og:image:width\" content=\"800\" \/>\n\t<meta property=\"og:image:height\" content=\"800\" \/>\n\t<meta property=\"og:image:type\" content=\"image\/jpeg\" \/>\n<meta name=\"twitter:card\" content=\"summary_large_image\" \/>\n<meta name=\"twitter:label1\" content=\"Tempo di lettura stimato\" \/>\n\t<meta name=\"twitter:data1\" content=\"1 minuto\" \/>\n<script type=\"application\/ld+json\" class=\"yoast-schema-graph\">{\"@context\":\"https:\\\/\\\/schema.org\",\"@graph\":[{\"@type\":\"WebPage\",\"@id\":\"https:\\\/\\\/doctorquality.it\\\/staging\\\/prodotto\\\/base-top-semipermanente-2in1-color-it-silcare-15ml\\\/\",\"url\":\"https:\\\/\\\/doctorquality.it\\\/staging\\\/prodotto\\\/base-top-semipermanente-2in1-color-it-silcare-15ml\\\/\",\"name\":\"Base &amp; Top Semipermanente 2in1 Color it Silcare 15ml - Doctor Quality - Staging\",\"isPartOf\":{\"@id\":\"https:\\\/\\\/doctorquality.it\\\/staging\\\/#website\"},\"primaryImageOfPage\":{\"@id\":\"https:\\\/\\\/doctorquality.it\\\/staging\\\/prodotto\\\/base-top-semipermanente-2in1-color-it-silcare-15ml\\\/#primaryimage\"},\"image\":{\"@id\":\"https:\\\/\\\/doctorquality.it\\\/staging\\\/prodotto\\\/base-top-semipermanente-2in1-color-it-silcare-15ml\\\/#primaryimage\"},\"thumbnailUrl\":\"https:\\\/\\\/doctorquality.it\\\/staging\\\/wp-content\\\/uploads\\\/2025\\\/09\\\/semipermanente-base-top-vanish.jpg\",\"datePublished\":\"2025-09-28T07:12:09+00:00\",\"dateModified\":\"2026-04-28T10:36:18+00:00\",\"breadcrumb\":{\"@id\":\"https:\\\/\\\/doctorquality.it\\\/staging\\\/prodotto\\\/base-top-semipermanente-2in1-color-it-silcare-15ml\\\/#breadcrumb\"},\"inLanguage\":\"it-IT\",\"potentialAction\":[{\"@type\":\"ReadAction\",\"target\":[\"https:\\\/\\\/doctorquality.it\\\/staging\\\/prodotto\\\/base-top-semipermanente-2in1-color-it-silcare-15ml\\\/\"]}]},{\"@type\":\"ImageObject\",\"inLanguage\":\"it-IT\",\"@id\":\"https:\\\/\\\/doctorquality.it\\\/staging\\\/prodotto\\\/base-top-semipermanente-2in1-color-it-silcare-15ml\\\/#primaryimage\",\"url\":\"https:\\\/\\\/doctorquality.it\\\/staging\\\/wp-content\\\/uploads\\\/2025\\\/09\\\/semipermanente-base-top-vanish.jpg\",\"contentUrl\":\"https:\\\/\\\/doctorquality.it\\\/staging\\\/wp-content\\\/uploads\\\/2025\\\/09\\\/semipermanente-base-top-vanish.jpg\",\"width\":800,\"height\":800},{\"@type\":\"BreadcrumbList\",\"@id\":\"https:\\\/\\\/doctorquality.it\\\/staging\\\/prodotto\\\/base-top-semipermanente-2in1-color-it-silcare-15ml\\\/#breadcrumb\",\"itemListElement\":[{\"@type\":\"ListItem\",\"position\":1,\"name\":\"Home\",\"item\":\"https:\\\/\\\/doctorquality.it\\\/staging\\\/\"},{\"@type\":\"ListItem\",\"position\":2,\"name\":\"Shop\",\"item\":\"https:\\\/\\\/doctorquality.it\\\/staging\\\/shop\\\/\"},{\"@type\":\"ListItem\",\"position\":3,\"name\":\"Base &amp; Top Semipermanente 2in1 Color it Silcare 15ml\"}]},{\"@type\":\"WebSite\",\"@id\":\"https:\\\/\\\/doctorquality.it\\\/staging\\\/#website\",\"url\":\"https:\\\/\\\/doctorquality.it\\\/staging\\\/\",\"name\":\"Doctor Quality - Staging\",\"description\":\"I migliori Integratori e Medicinali al miglior prezzo online.\",\"publisher\":{\"@id\":\"https:\\\/\\\/doctorquality.it\\\/staging\\\/#organization\"},\"potentialAction\":[{\"@type\":\"SearchAction\",\"target\":{\"@type\":\"EntryPoint\",\"urlTemplate\":\"https:\\\/\\\/doctorquality.it\\\/staging\\\/?s={search_term_string}\"},\"query-input\":{\"@type\":\"PropertyValueSpecification\",\"valueRequired\":true,\"valueName\":\"search_term_string\"}}],\"inLanguage\":\"it-IT\"},{\"@type\":\"Organization\",\"@id\":\"https:\\\/\\\/doctorquality.it\\\/staging\\\/#organization\",\"name\":\"Doctor Quality - Staging\",\"url\":\"https:\\\/\\\/doctorquality.it\\\/staging\\\/\",\"logo\":{\"@type\":\"ImageObject\",\"inLanguage\":\"it-IT\",\"@id\":\"https:\\\/\\\/doctorquality.it\\\/staging\\\/#\\\/schema\\\/logo\\\/image\\\/\",\"url\":\"https:\\\/\\\/doctorquality.it\\\/staging\\\/wp-content\\\/uploads\\\/2022\\\/04\\\/Doctor-Quality-Logo-1.png\",\"contentUrl\":\"https:\\\/\\\/doctorquality.it\\\/staging\\\/wp-content\\\/uploads\\\/2022\\\/04\\\/Doctor-Quality-Logo-1.png\",\"width\":1000,\"height\":200,\"caption\":\"Doctor Quality - Staging\"},\"image\":{\"@id\":\"https:\\\/\\\/doctorquality.it\\\/staging\\\/#\\\/schema\\\/logo\\\/image\\\/\"}}]}<\/script>\n<!-- \/ Yoast SEO plugin. -->","yoast_head_json":{"title":"Base &amp; Top Semipermanente 2in1 Color it Silcare 15ml - Doctor Quality - Staging","robots":{"index":"noindex","follow":"follow","max-snippet":"max-snippet:-1","max-image-preview":"max-image-preview:large","max-video-preview":"max-video-preview:-1"},"og_locale":"it_IT","og_type":"article","og_title":"Base &amp; Top Semipermanente 2in1 Color it Silcare 15ml - Doctor Quality - Staging","og_description":"La Formula Speciale Dello Smalto Gel Vanish Offre Aderenza E Protezione Del Colore In Un Unico Prodotto Che Pu\u00f2 Essere Utilizzato Come Base Bonder E Come Sigillante Finale.Ha Un Pennellino Appositamente Sagomato In Setole Di Nylon Di Alta Qualit\u00e0, Tecnologia Tynex \u00ae, Inoltre Grazie Alla Sua Forma Facilita La Distribuzione Del Prodotto Sull&#8217;Unghia E Riduce [&hellip;]","og_url":"https:\/\/doctorquality.it\/staging\/prodotto\/base-top-semipermanente-2in1-color-it-silcare-15ml\/","og_site_name":"Doctor Quality - Staging","article_modified_time":"2026-04-28T10:36:18+00:00","og_image":[{"width":800,"height":800,"url":"https:\/\/doctorquality.it\/staging\/wp-content\/uploads\/2025\/09\/semipermanente-base-top-vanish.jpg","type":"image\/jpeg"}],"twitter_card":"summary_large_image","twitter_misc":{"Tempo di lettura stimato":"1 minuto"},"schema":{"@context":"https:\/\/schema.org","@graph":[{"@type":"WebPage","@id":"https:\/\/doctorquality.it\/staging\/prodotto\/base-top-semipermanente-2in1-color-it-silcare-15ml\/","url":"https:\/\/doctorquality.it\/staging\/prodotto\/base-top-semipermanente-2in1-color-it-silcare-15ml\/","name":"Base &amp; Top Semipermanente 2in1 Color it Silcare 15ml - Doctor Quality - Staging","isPartOf":{"@id":"https:\/\/doctorquality.it\/staging\/#website"},"primaryImageOfPage":{"@id":"https:\/\/doctorquality.it\/staging\/prodotto\/base-top-semipermanente-2in1-color-it-silcare-15ml\/#primaryimage"},"image":{"@id":"https:\/\/doctorquality.it\/staging\/prodotto\/base-top-semipermanente-2in1-color-it-silcare-15ml\/#primaryimage"},"thumbnailUrl":"https:\/\/doctorquality.it\/staging\/wp-content\/uploads\/2025\/09\/semipermanente-base-top-vanish.jpg","datePublished":"2025-09-28T07:12:09+00:00","dateModified":"2026-04-28T10:36:18+00:00","breadcrumb":{"@id":"https:\/\/doctorquality.it\/staging\/prodotto\/base-top-semipermanente-2in1-color-it-silcare-15ml\/#breadcrumb"},"inLanguage":"it-IT","potentialAction":[{"@type":"ReadAction","target":["https:\/\/doctorquality.it\/staging\/prodotto\/base-top-semipermanente-2in1-color-it-silcare-15ml\/"]}]},{"@type":"ImageObject","inLanguage":"it-IT","@id":"https:\/\/doctorquality.it\/staging\/prodotto\/base-top-semipermanente-2in1-color-it-silcare-15ml\/#primaryimage","url":"https:\/\/doctorquality.it\/staging\/wp-content\/uploads\/2025\/09\/semipermanente-base-top-vanish.jpg","contentUrl":"https:\/\/doctorquality.it\/staging\/wp-content\/uploads\/2025\/09\/semipermanente-base-top-vanish.jpg","width":800,"height":800},{"@type":"BreadcrumbList","@id":"https:\/\/doctorquality.it\/staging\/prodotto\/base-top-semipermanente-2in1-color-it-silcare-15ml\/#breadcrumb","itemListElement":[{"@type":"ListItem","position":1,"name":"Home","item":"https:\/\/doctorquality.it\/staging\/"},{"@type":"ListItem","position":2,"name":"Shop","item":"https:\/\/doctorquality.it\/staging\/shop\/"},{"@type":"ListItem","position":3,"name":"Base &amp; Top Semipermanente 2in1 Color it Silcare 15ml"}]},{"@type":"WebSite","@id":"https:\/\/doctorquality.it\/staging\/#website","url":"https:\/\/doctorquality.it\/staging\/","name":"Doctor Quality - Staging","description":"I migliori Integratori e Medicinali al miglior prezzo online.","publisher":{"@id":"https:\/\/doctorquality.it\/staging\/#organization"},"potentialAction":[{"@type":"SearchAction","target":{"@type":"EntryPoint","urlTemplate":"https:\/\/doctorquality.it\/staging\/?s={search_term_string}"},"query-input":{"@type":"PropertyValueSpecification","valueRequired":true,"valueName":"search_term_string"}}],"inLanguage":"it-IT"},{"@type":"Organization","@id":"https:\/\/doctorquality.it\/staging\/#organization","name":"Doctor Quality - Staging","url":"https:\/\/doctorquality.it\/staging\/","logo":{"@type":"ImageObject","inLanguage":"it-IT","@id":"https:\/\/doctorquality.it\/staging\/#\/schema\/logo\/image\/","url":"https:\/\/doctorquality.it\/staging\/wp-content\/uploads\/2022\/04\/Doctor-Quality-Logo-1.png","contentUrl":"https:\/\/doctorquality.it\/staging\/wp-content\/uploads\/2022\/04\/Doctor-Quality-Logo-1.png","width":1000,"height":200,"caption":"Doctor Quality - Staging"},"image":{"@id":"https:\/\/doctorquality.it\/staging\/#\/schema\/logo\/image\/"}}]}},"tiered_pricing_type":"fixed","tiered_pricing_fixed_rules":[],"tiered_pricing_product_settings":{"layout":"default","base_unit_name":{"singular":null,"plural":null},"default_variation":null},"tiered_pricing_minimum_quantity":null,"tiered_pricing_roles_data":[],"tiered_pricing_percentage_rules":[],"_links":{"self":[{"href":"https:\/\/doctorquality.it\/staging\/wp-json\/wp\/v2\/product\/31203","targetHints":{"allow":["GET"]}}],"collection":[{"href":"https:\/\/doctorquality.it\/staging\/wp-json\/wp\/v2\/product"}],"about":[{"href":"https:\/\/doctorquality.it\/staging\/wp-json\/wp\/v2\/types\/product"}],"replies":[{"embeddable":true,"href":"https:\/\/doctorquality.it\/staging\/wp-json\/wp\/v2\/comments?post=31203"}],"wp:featuredmedia":[{"embeddable":true,"href":"https:\/\/doctorquality.it\/staging\/wp-json\/wp\/v2\/media\/31202"}],"wp:attachment":[{"href":"https:\/\/doctorquality.it\/staging\/wp-json\/wp\/v2\/media?parent=31203"}],"wp:term":[{"taxonomy":"product_cat","embeddable":true,"href":"https:\/\/doctorquality.it\/staging\/wp-json\/wp\/v2\/product_cat?post=31203"},{"taxonomy":"product_tag","embeddable":true,"href":"https:\/\/doctorquality.it\/staging\/wp-json\/wp\/v2\/product_tag?post=31203"}],"curies":[{"name":"wp","href":"https:\/\/api.w.org\/{rel}","templated":true}]}}