{"id":31201,"date":"2025-09-28T09:10:33","date_gmt":"2025-09-28T07:10:33","guid":{"rendered":"https:\/\/doctorquality.it\/staging\/prodotto\/spingi-cuticole-per-manicure-100-pezzi\/"},"modified":"2026-04-28T12:36:13","modified_gmt":"2026-04-28T10:36:13","slug":"spingi-cuticole-per-manicure-100-pezzi","status":"publish","type":"product","link":"https:\/\/doctorquality.it\/staging\/prodotto\/spingi-cuticole-per-manicure-100-pezzi\/","title":{"rendered":"Spingi cuticole per manicure 100 pezzi"},"content":{"rendered":"<p>Quantit\u00e0: 100 pezzi di legno arancio, grande quantit\u00e0 per l&#8217;utilizzo con un tempo lungo; Colore: colore di legno<br \/>Ogni bastoncino ha doppia estremit\u00e0, un&#8217;estremit\u00e0 appuntita e un&#8217;estremit\u00e0 piana, l&#8217;estremit\u00e0 appuntita pu\u00f2 essere applicata per pulire lo smalto fuoriuscito dalle\u00a0 unghie. I\u00a0bastoncini di legno arancio sono leggeri, facili da trasportare quando si ha un viaggio, possono essere usati a casa e in negozio, adatti per manicure e pedicure.<\/p>\n<p>Contenuto della confezione: 1 x\u00a0Spingi cuticole per manicure 100 pezzi<\/p>\n","protected":false},"excerpt":{"rendered":"<p>Quantit\u00e0: 100 pezzi di legno arancio, grande quantit\u00e0 per l&#8217;utilizzo con un tempo lungo; Colore: colore di legnoOgni bastoncino ha doppia estremit\u00e0, un&#8217;estremit\u00e0 appuntita e un&#8217;estremit\u00e0 piana, l&#8217;estremit\u00e0 appuntita pu\u00f2 essere applicata per pulire lo smalto fuoriuscito dalle\u00a0 unghie. I\u00a0bastoncini di legno arancio sono leggeri, facili da trasportare quando si ha un viaggio, possono essere [&hellip;]<\/p>\n","protected":false},"featured_media":31200,"comment_status":"open","ping_status":"closed","template":"","meta":{"_acf_changed":false},"product_cat":[47],"product_tag":[],"class_list":{"0":"post-31201","1":"product","2":"type-product","3":"status-publish","4":"has-post-thumbnail","6":"product_cat-varie","8":"first","9":"instock","10":"taxable","11":"shipping-taxable","12":"purchasable","13":"product-type-simple"},"supplier_id":null,"supplier_sku":"","barcode":null,"atum_controlled":false,"out_stock_date":null,"out_stock_threshold":null,"inheritable":false,"inbound_stock":null,"stock_on_hold":0,"sold_today":0,"sales_last_days":0,"reserved_stock":null,"customer_returns":null,"warehouse_damage":null,"lost_in_post":null,"other_logs":null,"out_stock_days":0,"lost_sales":0,"has_location":null,"update_date":"2026-04-28T10:36:20","atum_locations":[],"atum_stock_status":"instock","restock_status":false,"low_stock_amount":"","sales_update_date":"2026-04-26T01:19:51","calc_backorders":null,"acf":[],"yoast_head":"<!-- This site is optimized with the Yoast SEO plugin v27.4 - https:\/\/yoast.com\/product\/yoast-seo-wordpress\/ -->\n<title>Spingi cuticole per manicure 100 pezzi - Doctor Quality - Staging<\/title>\n<meta name=\"robots\" content=\"noindex, follow, max-snippet:-1, max-image-preview:large, max-video-preview:-1\" \/>\n<meta property=\"og:locale\" content=\"it_IT\" \/>\n<meta property=\"og:type\" content=\"article\" \/>\n<meta property=\"og:title\" content=\"Spingi cuticole per manicure 100 pezzi - Doctor Quality - Staging\" \/>\n<meta property=\"og:description\" content=\"Quantit\u00e0: 100 pezzi di legno arancio, grande quantit\u00e0 per l&#8217;utilizzo con un tempo lungo; Colore: colore di legnoOgni bastoncino ha doppia estremit\u00e0, un&#8217;estremit\u00e0 appuntita e un&#8217;estremit\u00e0 piana, l&#8217;estremit\u00e0 appuntita pu\u00f2 essere applicata per pulire lo smalto fuoriuscito dalle\u00a0 unghie. I\u00a0bastoncini di legno arancio sono leggeri, facili da trasportare quando si ha un viaggio, possono essere [&hellip;]\" \/>\n<meta property=\"og:url\" content=\"https:\/\/doctorquality.it\/staging\/prodotto\/spingi-cuticole-per-manicure-100-pezzi\/\" \/>\n<meta property=\"og:site_name\" content=\"Doctor Quality - Staging\" \/>\n<meta property=\"article:modified_time\" content=\"2026-04-28T10:36:13+00:00\" \/>\n<meta property=\"og:image\" content=\"https:\/\/doctorquality.it\/staging\/wp-content\/uploads\/2025\/09\/819gg43mgql._sl1500_.jpg\" \/>\n\t<meta property=\"og:image:width\" content=\"1200\" \/>\n\t<meta property=\"og:image:height\" content=\"1200\" \/>\n\t<meta property=\"og:image:type\" content=\"image\/jpeg\" \/>\n<meta name=\"twitter:card\" content=\"summary_large_image\" \/>\n<script type=\"application\/ld+json\" class=\"yoast-schema-graph\">{\"@context\":\"https:\\\/\\\/schema.org\",\"@graph\":[{\"@type\":\"WebPage\",\"@id\":\"https:\\\/\\\/doctorquality.it\\\/staging\\\/prodotto\\\/spingi-cuticole-per-manicure-100-pezzi\\\/\",\"url\":\"https:\\\/\\\/doctorquality.it\\\/staging\\\/prodotto\\\/spingi-cuticole-per-manicure-100-pezzi\\\/\",\"name\":\"Spingi cuticole per manicure 100 pezzi - Doctor Quality - Staging\",\"isPartOf\":{\"@id\":\"https:\\\/\\\/doctorquality.it\\\/staging\\\/#website\"},\"primaryImageOfPage\":{\"@id\":\"https:\\\/\\\/doctorquality.it\\\/staging\\\/prodotto\\\/spingi-cuticole-per-manicure-100-pezzi\\\/#primaryimage\"},\"image\":{\"@id\":\"https:\\\/\\\/doctorquality.it\\\/staging\\\/prodotto\\\/spingi-cuticole-per-manicure-100-pezzi\\\/#primaryimage\"},\"thumbnailUrl\":\"https:\\\/\\\/doctorquality.it\\\/staging\\\/wp-content\\\/uploads\\\/2025\\\/09\\\/819gg43mgql._sl1500_.jpg\",\"datePublished\":\"2025-09-28T07:10:33+00:00\",\"dateModified\":\"2026-04-28T10:36:13+00:00\",\"breadcrumb\":{\"@id\":\"https:\\\/\\\/doctorquality.it\\\/staging\\\/prodotto\\\/spingi-cuticole-per-manicure-100-pezzi\\\/#breadcrumb\"},\"inLanguage\":\"it-IT\",\"potentialAction\":[{\"@type\":\"ReadAction\",\"target\":[\"https:\\\/\\\/doctorquality.it\\\/staging\\\/prodotto\\\/spingi-cuticole-per-manicure-100-pezzi\\\/\"]}]},{\"@type\":\"ImageObject\",\"inLanguage\":\"it-IT\",\"@id\":\"https:\\\/\\\/doctorquality.it\\\/staging\\\/prodotto\\\/spingi-cuticole-per-manicure-100-pezzi\\\/#primaryimage\",\"url\":\"https:\\\/\\\/doctorquality.it\\\/staging\\\/wp-content\\\/uploads\\\/2025\\\/09\\\/819gg43mgql._sl1500_.jpg\",\"contentUrl\":\"https:\\\/\\\/doctorquality.it\\\/staging\\\/wp-content\\\/uploads\\\/2025\\\/09\\\/819gg43mgql._sl1500_.jpg\",\"width\":1200,\"height\":1200},{\"@type\":\"BreadcrumbList\",\"@id\":\"https:\\\/\\\/doctorquality.it\\\/staging\\\/prodotto\\\/spingi-cuticole-per-manicure-100-pezzi\\\/#breadcrumb\",\"itemListElement\":[{\"@type\":\"ListItem\",\"position\":1,\"name\":\"Home\",\"item\":\"https:\\\/\\\/doctorquality.it\\\/staging\\\/\"},{\"@type\":\"ListItem\",\"position\":2,\"name\":\"Shop\",\"item\":\"https:\\\/\\\/doctorquality.it\\\/staging\\\/shop\\\/\"},{\"@type\":\"ListItem\",\"position\":3,\"name\":\"Spingi cuticole per manicure 100 pezzi\"}]},{\"@type\":\"WebSite\",\"@id\":\"https:\\\/\\\/doctorquality.it\\\/staging\\\/#website\",\"url\":\"https:\\\/\\\/doctorquality.it\\\/staging\\\/\",\"name\":\"Doctor Quality - Staging\",\"description\":\"I migliori Integratori e Medicinali al miglior prezzo online.\",\"publisher\":{\"@id\":\"https:\\\/\\\/doctorquality.it\\\/staging\\\/#organization\"},\"potentialAction\":[{\"@type\":\"SearchAction\",\"target\":{\"@type\":\"EntryPoint\",\"urlTemplate\":\"https:\\\/\\\/doctorquality.it\\\/staging\\\/?s={search_term_string}\"},\"query-input\":{\"@type\":\"PropertyValueSpecification\",\"valueRequired\":true,\"valueName\":\"search_term_string\"}}],\"inLanguage\":\"it-IT\"},{\"@type\":\"Organization\",\"@id\":\"https:\\\/\\\/doctorquality.it\\\/staging\\\/#organization\",\"name\":\"Doctor Quality - Staging\",\"url\":\"https:\\\/\\\/doctorquality.it\\\/staging\\\/\",\"logo\":{\"@type\":\"ImageObject\",\"inLanguage\":\"it-IT\",\"@id\":\"https:\\\/\\\/doctorquality.it\\\/staging\\\/#\\\/schema\\\/logo\\\/image\\\/\",\"url\":\"https:\\\/\\\/doctorquality.it\\\/staging\\\/wp-content\\\/uploads\\\/2022\\\/04\\\/Doctor-Quality-Logo-1.png\",\"contentUrl\":\"https:\\\/\\\/doctorquality.it\\\/staging\\\/wp-content\\\/uploads\\\/2022\\\/04\\\/Doctor-Quality-Logo-1.png\",\"width\":1000,\"height\":200,\"caption\":\"Doctor Quality - Staging\"},\"image\":{\"@id\":\"https:\\\/\\\/doctorquality.it\\\/staging\\\/#\\\/schema\\\/logo\\\/image\\\/\"}}]}<\/script>\n<!-- \/ Yoast SEO plugin. -->","yoast_head_json":{"title":"Spingi cuticole per manicure 100 pezzi - Doctor Quality - Staging","robots":{"index":"noindex","follow":"follow","max-snippet":"max-snippet:-1","max-image-preview":"max-image-preview:large","max-video-preview":"max-video-preview:-1"},"og_locale":"it_IT","og_type":"article","og_title":"Spingi cuticole per manicure 100 pezzi - Doctor Quality - Staging","og_description":"Quantit\u00e0: 100 pezzi di legno arancio, grande quantit\u00e0 per l&#8217;utilizzo con un tempo lungo; Colore: colore di legnoOgni bastoncino ha doppia estremit\u00e0, un&#8217;estremit\u00e0 appuntita e un&#8217;estremit\u00e0 piana, l&#8217;estremit\u00e0 appuntita pu\u00f2 essere applicata per pulire lo smalto fuoriuscito dalle\u00a0 unghie. I\u00a0bastoncini di legno arancio sono leggeri, facili da trasportare quando si ha un viaggio, possono essere [&hellip;]","og_url":"https:\/\/doctorquality.it\/staging\/prodotto\/spingi-cuticole-per-manicure-100-pezzi\/","og_site_name":"Doctor Quality - Staging","article_modified_time":"2026-04-28T10:36:13+00:00","og_image":[{"width":1200,"height":1200,"url":"https:\/\/doctorquality.it\/staging\/wp-content\/uploads\/2025\/09\/819gg43mgql._sl1500_.jpg","type":"image\/jpeg"}],"twitter_card":"summary_large_image","schema":{"@context":"https:\/\/schema.org","@graph":[{"@type":"WebPage","@id":"https:\/\/doctorquality.it\/staging\/prodotto\/spingi-cuticole-per-manicure-100-pezzi\/","url":"https:\/\/doctorquality.it\/staging\/prodotto\/spingi-cuticole-per-manicure-100-pezzi\/","name":"Spingi cuticole per manicure 100 pezzi - Doctor Quality - Staging","isPartOf":{"@id":"https:\/\/doctorquality.it\/staging\/#website"},"primaryImageOfPage":{"@id":"https:\/\/doctorquality.it\/staging\/prodotto\/spingi-cuticole-per-manicure-100-pezzi\/#primaryimage"},"image":{"@id":"https:\/\/doctorquality.it\/staging\/prodotto\/spingi-cuticole-per-manicure-100-pezzi\/#primaryimage"},"thumbnailUrl":"https:\/\/doctorquality.it\/staging\/wp-content\/uploads\/2025\/09\/819gg43mgql._sl1500_.jpg","datePublished":"2025-09-28T07:10:33+00:00","dateModified":"2026-04-28T10:36:13+00:00","breadcrumb":{"@id":"https:\/\/doctorquality.it\/staging\/prodotto\/spingi-cuticole-per-manicure-100-pezzi\/#breadcrumb"},"inLanguage":"it-IT","potentialAction":[{"@type":"ReadAction","target":["https:\/\/doctorquality.it\/staging\/prodotto\/spingi-cuticole-per-manicure-100-pezzi\/"]}]},{"@type":"ImageObject","inLanguage":"it-IT","@id":"https:\/\/doctorquality.it\/staging\/prodotto\/spingi-cuticole-per-manicure-100-pezzi\/#primaryimage","url":"https:\/\/doctorquality.it\/staging\/wp-content\/uploads\/2025\/09\/819gg43mgql._sl1500_.jpg","contentUrl":"https:\/\/doctorquality.it\/staging\/wp-content\/uploads\/2025\/09\/819gg43mgql._sl1500_.jpg","width":1200,"height":1200},{"@type":"BreadcrumbList","@id":"https:\/\/doctorquality.it\/staging\/prodotto\/spingi-cuticole-per-manicure-100-pezzi\/#breadcrumb","itemListElement":[{"@type":"ListItem","position":1,"name":"Home","item":"https:\/\/doctorquality.it\/staging\/"},{"@type":"ListItem","position":2,"name":"Shop","item":"https:\/\/doctorquality.it\/staging\/shop\/"},{"@type":"ListItem","position":3,"name":"Spingi cuticole per manicure 100 pezzi"}]},{"@type":"WebSite","@id":"https:\/\/doctorquality.it\/staging\/#website","url":"https:\/\/doctorquality.it\/staging\/","name":"Doctor Quality - Staging","description":"I migliori Integratori e Medicinali al miglior prezzo online.","publisher":{"@id":"https:\/\/doctorquality.it\/staging\/#organization"},"potentialAction":[{"@type":"SearchAction","target":{"@type":"EntryPoint","urlTemplate":"https:\/\/doctorquality.it\/staging\/?s={search_term_string}"},"query-input":{"@type":"PropertyValueSpecification","valueRequired":true,"valueName":"search_term_string"}}],"inLanguage":"it-IT"},{"@type":"Organization","@id":"https:\/\/doctorquality.it\/staging\/#organization","name":"Doctor Quality - Staging","url":"https:\/\/doctorquality.it\/staging\/","logo":{"@type":"ImageObject","inLanguage":"it-IT","@id":"https:\/\/doctorquality.it\/staging\/#\/schema\/logo\/image\/","url":"https:\/\/doctorquality.it\/staging\/wp-content\/uploads\/2022\/04\/Doctor-Quality-Logo-1.png","contentUrl":"https:\/\/doctorquality.it\/staging\/wp-content\/uploads\/2022\/04\/Doctor-Quality-Logo-1.png","width":1000,"height":200,"caption":"Doctor Quality - Staging"},"image":{"@id":"https:\/\/doctorquality.it\/staging\/#\/schema\/logo\/image\/"}}]}},"tiered_pricing_type":"fixed","tiered_pricing_fixed_rules":[],"tiered_pricing_product_settings":{"layout":"default","base_unit_name":{"singular":null,"plural":null},"default_variation":null},"tiered_pricing_minimum_quantity":null,"tiered_pricing_roles_data":[],"tiered_pricing_percentage_rules":[],"_links":{"self":[{"href":"https:\/\/doctorquality.it\/staging\/wp-json\/wp\/v2\/product\/31201","targetHints":{"allow":["GET"]}}],"collection":[{"href":"https:\/\/doctorquality.it\/staging\/wp-json\/wp\/v2\/product"}],"about":[{"href":"https:\/\/doctorquality.it\/staging\/wp-json\/wp\/v2\/types\/product"}],"replies":[{"embeddable":true,"href":"https:\/\/doctorquality.it\/staging\/wp-json\/wp\/v2\/comments?post=31201"}],"wp:featuredmedia":[{"embeddable":true,"href":"https:\/\/doctorquality.it\/staging\/wp-json\/wp\/v2\/media\/31200"}],"wp:attachment":[{"href":"https:\/\/doctorquality.it\/staging\/wp-json\/wp\/v2\/media?parent=31201"}],"wp:term":[{"taxonomy":"product_cat","embeddable":true,"href":"https:\/\/doctorquality.it\/staging\/wp-json\/wp\/v2\/product_cat?post=31201"},{"taxonomy":"product_tag","embeddable":true,"href":"https:\/\/doctorquality.it\/staging\/wp-json\/wp\/v2\/product_tag?post=31201"}],"curies":[{"name":"wp","href":"https:\/\/api.w.org\/{rel}","templated":true}]}}