{"id":31146,"date":"2025-09-27T16:18:16","date_gmt":"2025-09-27T14:18:16","guid":{"rendered":"https:\/\/doctorquality.it\/staging\/prodotto\/auricolare-singolo-hbq-i7-bluetooth-v4-1edr-per-android-ios\/"},"modified":"2026-04-28T12:35:23","modified_gmt":"2026-04-28T10:35:23","slug":"auricolare-singolo-hbq-i7-bluetooth-v4-1edr-per-android-ios","status":"publish","type":"product","link":"https:\/\/doctorquality.it\/staging\/prodotto\/auricolare-singolo-hbq-i7-bluetooth-v4-1edr-per-android-ios\/","title":{"rendered":"Auricolare Singolo Hbq-i7 Bluetooth V4.1+edr Per Android iOS"},"content":{"rendered":"<p>EDR=Tecnologia per la riduzione del rumore per una migliore qualit\u00e0 del suono e dello streaming wireless.<\/p>\n<p>Microfono integrato per essere liberi di chiamare anche durante l&#8217;attivit\u00e0 fisica.<br \/>Design ergonomico, comodo e stabile progettato per lo sport.<br \/>La semplicit\u00e0 dei suoi comandi ti consentir\u00e0 di continuare l&#8217;allenamento con il massimo del controllo di musica e chiamate.<br \/>Pairing semplicissimo.<br \/>Batteria interna fino a 4 ore di conversazione continua e 120 ore in standby.<br \/>Non adatto al funzionamento TWS (doppie cuffie)<\/p>\n<p>Caratteristiche:<\/p>\n<p>Modello: HBQ-i7 (MODELLO INVIATO SECONDO DISPONIBILITA&#8217; TRA I7S E I7)<br \/>Versione wireless: V4.1 + EDR<br \/>Impedenza altoparlante: 32 OHM<br \/>Sensibilit\u00e0 dei microfoni: -42Db<br \/>Frequenza: 2.4026GHz-2.480GHz<br \/>Batteria: batteria ricaricabile Li 3.7 \/ 60mah<br \/>Temperatura di funzionamento: -10-55 \u00b0 C<br \/>Ingresso: DC5V<br \/>Formati di file supportati: A2DP11.3 \/ HFP1.6 \/ HSP1.2 \/ AVRCP1.6 \/ D11.3<br \/>Distanza wireless: 10metri in spazio libero<br \/>Tempo di riproduzione: 3-4 ore<br \/>Tempo di ricarica: 1-2 ore<br \/>Tempo di standby: 120 ore<br \/>Contenuto della confezione:<\/p>\n<p>1 Auricolare bluetooth HBQ I7<br \/>1 Cavetto USB per la ricarica<br \/>1 Foglietto istruzioni in Inglese<\/p>\n<p>COLORE INVIATO SECONDO DISPONIBILITA&#8217; MAGAZZINO<\/p>\n","protected":false},"excerpt":{"rendered":"<p>EDR=Tecnologia per la riduzione del rumore per una migliore qualit\u00e0 del suono e dello streaming wireless. Microfono integrato per essere liberi di chiamare anche durante l&#8217;attivit\u00e0 fisica.Design ergonomico, comodo e stabile progettato per lo sport.La semplicit\u00e0 dei suoi comandi ti consentir\u00e0 di continuare l&#8217;allenamento con il massimo del controllo di musica e chiamate.Pairing semplicissimo.Batteria interna [&hellip;]<\/p>\n","protected":false},"featured_media":31137,"comment_status":"open","ping_status":"closed","template":"","meta":{"_acf_changed":false},"product_cat":[47],"product_tag":[],"class_list":{"0":"post-31146","1":"product","2":"type-product","3":"status-publish","4":"has-post-thumbnail","6":"product_cat-varie","8":"first","9":"instock","10":"taxable","11":"shipping-taxable","12":"purchasable","13":"product-type-simple"},"supplier_id":null,"supplier_sku":"","barcode":null,"atum_controlled":false,"out_stock_date":null,"out_stock_threshold":null,"inheritable":false,"inbound_stock":null,"stock_on_hold":0,"sold_today":0,"sales_last_days":0,"reserved_stock":null,"customer_returns":null,"warehouse_damage":null,"lost_in_post":null,"other_logs":null,"out_stock_days":0,"lost_sales":0,"has_location":null,"update_date":"2026-04-28T10:35:24","atum_locations":[],"atum_stock_status":"instock","restock_status":false,"low_stock_amount":"","sales_update_date":"2026-04-26T01:19:49","calc_backorders":null,"acf":[],"yoast_head":"<!-- This site is optimized with the Yoast SEO plugin v27.4 - https:\/\/yoast.com\/product\/yoast-seo-wordpress\/ -->\n<title>Auricolare Singolo Hbq-i7 Bluetooth V4.1+edr Per Android iOS - Doctor Quality - Staging<\/title>\n<meta name=\"robots\" content=\"noindex, follow, max-snippet:-1, max-image-preview:large, max-video-preview:-1\" \/>\n<meta property=\"og:locale\" content=\"it_IT\" \/>\n<meta property=\"og:type\" content=\"article\" \/>\n<meta property=\"og:title\" content=\"Auricolare Singolo Hbq-i7 Bluetooth V4.1+edr Per Android iOS - Doctor Quality - Staging\" \/>\n<meta property=\"og:description\" content=\"EDR=Tecnologia per la riduzione del rumore per una migliore qualit\u00e0 del suono e dello streaming wireless. Microfono integrato per essere liberi di chiamare anche durante l&#8217;attivit\u00e0 fisica.Design ergonomico, comodo e stabile progettato per lo sport.La semplicit\u00e0 dei suoi comandi ti consentir\u00e0 di continuare l&#8217;allenamento con il massimo del controllo di musica e chiamate.Pairing semplicissimo.Batteria interna [&hellip;]\" \/>\n<meta property=\"og:url\" content=\"https:\/\/doctorquality.it\/staging\/prodotto\/auricolare-singolo-hbq-i7-bluetooth-v4-1edr-per-android-ios\/\" \/>\n<meta property=\"og:site_name\" content=\"Doctor Quality - Staging\" \/>\n<meta property=\"article:modified_time\" content=\"2026-04-28T10:35:23+00:00\" \/>\n<meta property=\"og:image\" content=\"https:\/\/doctorquality.it\/staging\/wp-content\/uploads\/2025\/09\/auricolare-singolo-hbq-i7r-bluetooth-v41edr-per-android-ios-cuffie-sport_1_.jpg\" \/>\n\t<meta property=\"og:image:width\" content=\"1000\" \/>\n\t<meta property=\"og:image:height\" content=\"1000\" \/>\n\t<meta property=\"og:image:type\" content=\"image\/jpeg\" \/>\n<meta name=\"twitter:card\" content=\"summary_large_image\" \/>\n<meta name=\"twitter:label1\" content=\"Tempo di lettura stimato\" \/>\n\t<meta name=\"twitter:data1\" content=\"1 minuto\" \/>\n<script type=\"application\/ld+json\" class=\"yoast-schema-graph\">{\"@context\":\"https:\\\/\\\/schema.org\",\"@graph\":[{\"@type\":\"WebPage\",\"@id\":\"https:\\\/\\\/doctorquality.it\\\/staging\\\/prodotto\\\/auricolare-singolo-hbq-i7-bluetooth-v4-1edr-per-android-ios\\\/\",\"url\":\"https:\\\/\\\/doctorquality.it\\\/staging\\\/prodotto\\\/auricolare-singolo-hbq-i7-bluetooth-v4-1edr-per-android-ios\\\/\",\"name\":\"Auricolare Singolo Hbq-i7 Bluetooth V4.1+edr Per Android iOS - Doctor Quality - Staging\",\"isPartOf\":{\"@id\":\"https:\\\/\\\/doctorquality.it\\\/staging\\\/#website\"},\"primaryImageOfPage\":{\"@id\":\"https:\\\/\\\/doctorquality.it\\\/staging\\\/prodotto\\\/auricolare-singolo-hbq-i7-bluetooth-v4-1edr-per-android-ios\\\/#primaryimage\"},\"image\":{\"@id\":\"https:\\\/\\\/doctorquality.it\\\/staging\\\/prodotto\\\/auricolare-singolo-hbq-i7-bluetooth-v4-1edr-per-android-ios\\\/#primaryimage\"},\"thumbnailUrl\":\"https:\\\/\\\/doctorquality.it\\\/staging\\\/wp-content\\\/uploads\\\/2025\\\/09\\\/auricolare-singolo-hbq-i7r-bluetooth-v41edr-per-android-ios-cuffie-sport_1_.jpg\",\"datePublished\":\"2025-09-27T14:18:16+00:00\",\"dateModified\":\"2026-04-28T10:35:23+00:00\",\"breadcrumb\":{\"@id\":\"https:\\\/\\\/doctorquality.it\\\/staging\\\/prodotto\\\/auricolare-singolo-hbq-i7-bluetooth-v4-1edr-per-android-ios\\\/#breadcrumb\"},\"inLanguage\":\"it-IT\",\"potentialAction\":[{\"@type\":\"ReadAction\",\"target\":[\"https:\\\/\\\/doctorquality.it\\\/staging\\\/prodotto\\\/auricolare-singolo-hbq-i7-bluetooth-v4-1edr-per-android-ios\\\/\"]}]},{\"@type\":\"ImageObject\",\"inLanguage\":\"it-IT\",\"@id\":\"https:\\\/\\\/doctorquality.it\\\/staging\\\/prodotto\\\/auricolare-singolo-hbq-i7-bluetooth-v4-1edr-per-android-ios\\\/#primaryimage\",\"url\":\"https:\\\/\\\/doctorquality.it\\\/staging\\\/wp-content\\\/uploads\\\/2025\\\/09\\\/auricolare-singolo-hbq-i7r-bluetooth-v41edr-per-android-ios-cuffie-sport_1_.jpg\",\"contentUrl\":\"https:\\\/\\\/doctorquality.it\\\/staging\\\/wp-content\\\/uploads\\\/2025\\\/09\\\/auricolare-singolo-hbq-i7r-bluetooth-v41edr-per-android-ios-cuffie-sport_1_.jpg\",\"width\":1000,\"height\":1000},{\"@type\":\"BreadcrumbList\",\"@id\":\"https:\\\/\\\/doctorquality.it\\\/staging\\\/prodotto\\\/auricolare-singolo-hbq-i7-bluetooth-v4-1edr-per-android-ios\\\/#breadcrumb\",\"itemListElement\":[{\"@type\":\"ListItem\",\"position\":1,\"name\":\"Home\",\"item\":\"https:\\\/\\\/doctorquality.it\\\/staging\\\/\"},{\"@type\":\"ListItem\",\"position\":2,\"name\":\"Shop\",\"item\":\"https:\\\/\\\/doctorquality.it\\\/staging\\\/shop\\\/\"},{\"@type\":\"ListItem\",\"position\":3,\"name\":\"Auricolare Singolo Hbq-i7 Bluetooth V4.1+edr Per Android iOS\"}]},{\"@type\":\"WebSite\",\"@id\":\"https:\\\/\\\/doctorquality.it\\\/staging\\\/#website\",\"url\":\"https:\\\/\\\/doctorquality.it\\\/staging\\\/\",\"name\":\"Doctor Quality - Staging\",\"description\":\"I migliori Integratori e Medicinali al miglior prezzo online.\",\"publisher\":{\"@id\":\"https:\\\/\\\/doctorquality.it\\\/staging\\\/#organization\"},\"potentialAction\":[{\"@type\":\"SearchAction\",\"target\":{\"@type\":\"EntryPoint\",\"urlTemplate\":\"https:\\\/\\\/doctorquality.it\\\/staging\\\/?s={search_term_string}\"},\"query-input\":{\"@type\":\"PropertyValueSpecification\",\"valueRequired\":true,\"valueName\":\"search_term_string\"}}],\"inLanguage\":\"it-IT\"},{\"@type\":\"Organization\",\"@id\":\"https:\\\/\\\/doctorquality.it\\\/staging\\\/#organization\",\"name\":\"Doctor Quality - Staging\",\"url\":\"https:\\\/\\\/doctorquality.it\\\/staging\\\/\",\"logo\":{\"@type\":\"ImageObject\",\"inLanguage\":\"it-IT\",\"@id\":\"https:\\\/\\\/doctorquality.it\\\/staging\\\/#\\\/schema\\\/logo\\\/image\\\/\",\"url\":\"https:\\\/\\\/doctorquality.it\\\/staging\\\/wp-content\\\/uploads\\\/2022\\\/04\\\/Doctor-Quality-Logo-1.png\",\"contentUrl\":\"https:\\\/\\\/doctorquality.it\\\/staging\\\/wp-content\\\/uploads\\\/2022\\\/04\\\/Doctor-Quality-Logo-1.png\",\"width\":1000,\"height\":200,\"caption\":\"Doctor Quality - Staging\"},\"image\":{\"@id\":\"https:\\\/\\\/doctorquality.it\\\/staging\\\/#\\\/schema\\\/logo\\\/image\\\/\"}}]}<\/script>\n<!-- \/ Yoast SEO plugin. -->","yoast_head_json":{"title":"Auricolare Singolo Hbq-i7 Bluetooth V4.1+edr Per Android iOS - Doctor Quality - Staging","robots":{"index":"noindex","follow":"follow","max-snippet":"max-snippet:-1","max-image-preview":"max-image-preview:large","max-video-preview":"max-video-preview:-1"},"og_locale":"it_IT","og_type":"article","og_title":"Auricolare Singolo Hbq-i7 Bluetooth V4.1+edr Per Android iOS - Doctor Quality - Staging","og_description":"EDR=Tecnologia per la riduzione del rumore per una migliore qualit\u00e0 del suono e dello streaming wireless. Microfono integrato per essere liberi di chiamare anche durante l&#8217;attivit\u00e0 fisica.Design ergonomico, comodo e stabile progettato per lo sport.La semplicit\u00e0 dei suoi comandi ti consentir\u00e0 di continuare l&#8217;allenamento con il massimo del controllo di musica e chiamate.Pairing semplicissimo.Batteria interna [&hellip;]","og_url":"https:\/\/doctorquality.it\/staging\/prodotto\/auricolare-singolo-hbq-i7-bluetooth-v4-1edr-per-android-ios\/","og_site_name":"Doctor Quality - Staging","article_modified_time":"2026-04-28T10:35:23+00:00","og_image":[{"width":1000,"height":1000,"url":"https:\/\/doctorquality.it\/staging\/wp-content\/uploads\/2025\/09\/auricolare-singolo-hbq-i7r-bluetooth-v41edr-per-android-ios-cuffie-sport_1_.jpg","type":"image\/jpeg"}],"twitter_card":"summary_large_image","twitter_misc":{"Tempo di lettura stimato":"1 minuto"},"schema":{"@context":"https:\/\/schema.org","@graph":[{"@type":"WebPage","@id":"https:\/\/doctorquality.it\/staging\/prodotto\/auricolare-singolo-hbq-i7-bluetooth-v4-1edr-per-android-ios\/","url":"https:\/\/doctorquality.it\/staging\/prodotto\/auricolare-singolo-hbq-i7-bluetooth-v4-1edr-per-android-ios\/","name":"Auricolare Singolo Hbq-i7 Bluetooth V4.1+edr Per Android iOS - Doctor Quality - Staging","isPartOf":{"@id":"https:\/\/doctorquality.it\/staging\/#website"},"primaryImageOfPage":{"@id":"https:\/\/doctorquality.it\/staging\/prodotto\/auricolare-singolo-hbq-i7-bluetooth-v4-1edr-per-android-ios\/#primaryimage"},"image":{"@id":"https:\/\/doctorquality.it\/staging\/prodotto\/auricolare-singolo-hbq-i7-bluetooth-v4-1edr-per-android-ios\/#primaryimage"},"thumbnailUrl":"https:\/\/doctorquality.it\/staging\/wp-content\/uploads\/2025\/09\/auricolare-singolo-hbq-i7r-bluetooth-v41edr-per-android-ios-cuffie-sport_1_.jpg","datePublished":"2025-09-27T14:18:16+00:00","dateModified":"2026-04-28T10:35:23+00:00","breadcrumb":{"@id":"https:\/\/doctorquality.it\/staging\/prodotto\/auricolare-singolo-hbq-i7-bluetooth-v4-1edr-per-android-ios\/#breadcrumb"},"inLanguage":"it-IT","potentialAction":[{"@type":"ReadAction","target":["https:\/\/doctorquality.it\/staging\/prodotto\/auricolare-singolo-hbq-i7-bluetooth-v4-1edr-per-android-ios\/"]}]},{"@type":"ImageObject","inLanguage":"it-IT","@id":"https:\/\/doctorquality.it\/staging\/prodotto\/auricolare-singolo-hbq-i7-bluetooth-v4-1edr-per-android-ios\/#primaryimage","url":"https:\/\/doctorquality.it\/staging\/wp-content\/uploads\/2025\/09\/auricolare-singolo-hbq-i7r-bluetooth-v41edr-per-android-ios-cuffie-sport_1_.jpg","contentUrl":"https:\/\/doctorquality.it\/staging\/wp-content\/uploads\/2025\/09\/auricolare-singolo-hbq-i7r-bluetooth-v41edr-per-android-ios-cuffie-sport_1_.jpg","width":1000,"height":1000},{"@type":"BreadcrumbList","@id":"https:\/\/doctorquality.it\/staging\/prodotto\/auricolare-singolo-hbq-i7-bluetooth-v4-1edr-per-android-ios\/#breadcrumb","itemListElement":[{"@type":"ListItem","position":1,"name":"Home","item":"https:\/\/doctorquality.it\/staging\/"},{"@type":"ListItem","position":2,"name":"Shop","item":"https:\/\/doctorquality.it\/staging\/shop\/"},{"@type":"ListItem","position":3,"name":"Auricolare Singolo Hbq-i7 Bluetooth V4.1+edr Per Android iOS"}]},{"@type":"WebSite","@id":"https:\/\/doctorquality.it\/staging\/#website","url":"https:\/\/doctorquality.it\/staging\/","name":"Doctor Quality - Staging","description":"I migliori Integratori e Medicinali al miglior prezzo online.","publisher":{"@id":"https:\/\/doctorquality.it\/staging\/#organization"},"potentialAction":[{"@type":"SearchAction","target":{"@type":"EntryPoint","urlTemplate":"https:\/\/doctorquality.it\/staging\/?s={search_term_string}"},"query-input":{"@type":"PropertyValueSpecification","valueRequired":true,"valueName":"search_term_string"}}],"inLanguage":"it-IT"},{"@type":"Organization","@id":"https:\/\/doctorquality.it\/staging\/#organization","name":"Doctor Quality - Staging","url":"https:\/\/doctorquality.it\/staging\/","logo":{"@type":"ImageObject","inLanguage":"it-IT","@id":"https:\/\/doctorquality.it\/staging\/#\/schema\/logo\/image\/","url":"https:\/\/doctorquality.it\/staging\/wp-content\/uploads\/2022\/04\/Doctor-Quality-Logo-1.png","contentUrl":"https:\/\/doctorquality.it\/staging\/wp-content\/uploads\/2022\/04\/Doctor-Quality-Logo-1.png","width":1000,"height":200,"caption":"Doctor Quality - Staging"},"image":{"@id":"https:\/\/doctorquality.it\/staging\/#\/schema\/logo\/image\/"}}]}},"tiered_pricing_type":"fixed","tiered_pricing_fixed_rules":[],"tiered_pricing_product_settings":{"layout":"default","base_unit_name":{"singular":null,"plural":null},"default_variation":null},"tiered_pricing_minimum_quantity":null,"tiered_pricing_roles_data":[],"tiered_pricing_percentage_rules":[],"_links":{"self":[{"href":"https:\/\/doctorquality.it\/staging\/wp-json\/wp\/v2\/product\/31146","targetHints":{"allow":["GET"]}}],"collection":[{"href":"https:\/\/doctorquality.it\/staging\/wp-json\/wp\/v2\/product"}],"about":[{"href":"https:\/\/doctorquality.it\/staging\/wp-json\/wp\/v2\/types\/product"}],"replies":[{"embeddable":true,"href":"https:\/\/doctorquality.it\/staging\/wp-json\/wp\/v2\/comments?post=31146"}],"wp:featuredmedia":[{"embeddable":true,"href":"https:\/\/doctorquality.it\/staging\/wp-json\/wp\/v2\/media\/31137"}],"wp:attachment":[{"href":"https:\/\/doctorquality.it\/staging\/wp-json\/wp\/v2\/media?parent=31146"}],"wp:term":[{"taxonomy":"product_cat","embeddable":true,"href":"https:\/\/doctorquality.it\/staging\/wp-json\/wp\/v2\/product_cat?post=31146"},{"taxonomy":"product_tag","embeddable":true,"href":"https:\/\/doctorquality.it\/staging\/wp-json\/wp\/v2\/product_tag?post=31146"}],"curies":[{"name":"wp","href":"https:\/\/api.w.org\/{rel}","templated":true}]}}