{"id":31085,"date":"2025-09-27T16:08:02","date_gmt":"2025-09-27T14:08:02","guid":{"rendered":"https:\/\/doctorquality.it\/staging\/prodotto\/cassa-speaker-wireless-portatile-ricaricabile-micro-sd-usb-bluetooth-radio-fm\/"},"modified":"2026-04-28T12:34:56","modified_gmt":"2026-04-28T10:34:56","slug":"cassa-speaker-wireless-portatile-ricaricabile-micro-sd-usb-bluetooth-radio-fm","status":"publish","type":"product","link":"https:\/\/doctorquality.it\/staging\/prodotto\/cassa-speaker-wireless-portatile-ricaricabile-micro-sd-usb-bluetooth-radio-fm\/","title":{"rendered":"Cassa speaker wireless portatile ricaricabile micro sd usb bluetooth radio fm"},"content":{"rendered":"<p>CASSA SPEAKER WIRELESS PORTATILE RICARICABILE MICRO SD USB BLUETOOTH RADIO FM<br \/>Questa Cassa Bluetooth usufruisce della tecnologia Bluetooth ed \u00e8 dotata di una grande potenza audio. Grazie alla batteria interna ricaricabile, potrete portarla dovunque e con l\u2019ausilio del bluetooth potrete collegarci ogni dispositivo compatibile oppure potrete collegare una pennetta USB o una scheda TF\/MicroSD. Utilissima quindi in ufficio, in auto o ovunque vogliate! La cassa inoltre ha un microfono incorporato che quindi la rende utilizzabile anche come vivavoce se state usando il vostro Smartphone o Tablet. Ha una qualit\u00e0 audio superiore ad altre grazie alle sue due casse da 5W di potenza, che permette di avere sia un volume alto che dei bassi di alta qualit\u00e0.. IL COLORE VERR\u00c0 INVIATO IN BASE LA DISPONIBILIT\u00c0&#8217; DI MAGAZZINO<\/p>\n<p>MAGGIORI INFORMAZIONI<br \/>Caratteristiche principali:<br \/>Ingresso USB e TF Card Aux<br \/>Alimentazione USB<br \/>Distanza di trasmissione: 10mt MAX<br \/>Microfono Incorporato<br \/>Potenza Cassa: 2 altoparlanti da 5W<br \/>Batteria: Ricaricabile da 1500mAh<\/p>\n","protected":false},"excerpt":{"rendered":"<p>CASSA SPEAKER WIRELESS PORTATILE RICARICABILE MICRO SD USB BLUETOOTH RADIO FMQuesta Cassa Bluetooth usufruisce della tecnologia Bluetooth ed \u00e8 dotata di una grande potenza audio. Grazie alla batteria interna ricaricabile, potrete portarla dovunque e con l\u2019ausilio del bluetooth potrete collegarci ogni dispositivo compatibile oppure potrete collegare una pennetta USB o una scheda TF\/MicroSD. Utilissima quindi [&hellip;]<\/p>\n","protected":false},"featured_media":31084,"comment_status":"open","ping_status":"closed","template":"","meta":{"_acf_changed":false},"product_cat":[47],"product_tag":[],"class_list":{"0":"post-31085","1":"product","2":"type-product","3":"status-publish","4":"has-post-thumbnail","6":"product_cat-varie","8":"first","9":"instock","10":"taxable","11":"shipping-taxable","12":"purchasable","13":"product-type-simple"},"supplier_id":null,"supplier_sku":"","barcode":null,"atum_controlled":false,"out_stock_date":null,"out_stock_threshold":null,"inheritable":false,"inbound_stock":null,"stock_on_hold":0,"sold_today":0,"sales_last_days":0,"reserved_stock":null,"customer_returns":null,"warehouse_damage":null,"lost_in_post":null,"other_logs":null,"out_stock_days":0,"lost_sales":0,"has_location":null,"update_date":"2026-04-28T10:34:58","atum_locations":[],"atum_stock_status":"instock","restock_status":false,"low_stock_amount":"","sales_update_date":"2026-04-26T01:19:48","calc_backorders":null,"acf":[],"yoast_head":"<!-- This site is optimized with the Yoast SEO plugin v27.4 - https:\/\/yoast.com\/product\/yoast-seo-wordpress\/ -->\n<title>Cassa speaker wireless portatile ricaricabile micro sd usb bluetooth radio fm - Doctor Quality - Staging<\/title>\n<meta name=\"robots\" content=\"noindex, follow, max-snippet:-1, max-image-preview:large, max-video-preview:-1\" \/>\n<meta property=\"og:locale\" content=\"it_IT\" \/>\n<meta property=\"og:type\" content=\"article\" \/>\n<meta property=\"og:title\" content=\"Cassa speaker wireless portatile ricaricabile micro sd usb bluetooth radio fm - Doctor Quality - Staging\" \/>\n<meta property=\"og:description\" content=\"CASSA SPEAKER WIRELESS PORTATILE RICARICABILE MICRO SD USB BLUETOOTH RADIO FMQuesta Cassa Bluetooth usufruisce della tecnologia Bluetooth ed \u00e8 dotata di una grande potenza audio. Grazie alla batteria interna ricaricabile, potrete portarla dovunque e con l\u2019ausilio del bluetooth potrete collegarci ogni dispositivo compatibile oppure potrete collegare una pennetta USB o una scheda TF\/MicroSD. Utilissima quindi [&hellip;]\" \/>\n<meta property=\"og:url\" content=\"https:\/\/doctorquality.it\/staging\/prodotto\/cassa-speaker-wireless-portatile-ricaricabile-micro-sd-usb-bluetooth-radio-fm\/\" \/>\n<meta property=\"og:site_name\" content=\"Doctor Quality - Staging\" \/>\n<meta property=\"article:modified_time\" content=\"2026-04-28T10:34:56+00:00\" \/>\n<meta property=\"og:image\" content=\"https:\/\/doctorquality.it\/staging\/wp-content\/uploads\/2025\/09\/andowl_qy-h69.jpg\" \/>\n\t<meta property=\"og:image:width\" content=\"1200\" \/>\n\t<meta property=\"og:image:height\" content=\"1200\" \/>\n\t<meta property=\"og:image:type\" content=\"image\/jpeg\" \/>\n<meta name=\"twitter:card\" content=\"summary_large_image\" \/>\n<meta name=\"twitter:label1\" content=\"Tempo di lettura stimato\" \/>\n\t<meta name=\"twitter:data1\" content=\"1 minuto\" \/>\n<script type=\"application\/ld+json\" class=\"yoast-schema-graph\">{\"@context\":\"https:\\\/\\\/schema.org\",\"@graph\":[{\"@type\":\"WebPage\",\"@id\":\"https:\\\/\\\/doctorquality.it\\\/staging\\\/prodotto\\\/cassa-speaker-wireless-portatile-ricaricabile-micro-sd-usb-bluetooth-radio-fm\\\/\",\"url\":\"https:\\\/\\\/doctorquality.it\\\/staging\\\/prodotto\\\/cassa-speaker-wireless-portatile-ricaricabile-micro-sd-usb-bluetooth-radio-fm\\\/\",\"name\":\"Cassa speaker wireless portatile ricaricabile micro sd usb bluetooth radio fm - Doctor Quality - Staging\",\"isPartOf\":{\"@id\":\"https:\\\/\\\/doctorquality.it\\\/staging\\\/#website\"},\"primaryImageOfPage\":{\"@id\":\"https:\\\/\\\/doctorquality.it\\\/staging\\\/prodotto\\\/cassa-speaker-wireless-portatile-ricaricabile-micro-sd-usb-bluetooth-radio-fm\\\/#primaryimage\"},\"image\":{\"@id\":\"https:\\\/\\\/doctorquality.it\\\/staging\\\/prodotto\\\/cassa-speaker-wireless-portatile-ricaricabile-micro-sd-usb-bluetooth-radio-fm\\\/#primaryimage\"},\"thumbnailUrl\":\"https:\\\/\\\/doctorquality.it\\\/staging\\\/wp-content\\\/uploads\\\/2025\\\/09\\\/andowl_qy-h69.jpg\",\"datePublished\":\"2025-09-27T14:08:02+00:00\",\"dateModified\":\"2026-04-28T10:34:56+00:00\",\"breadcrumb\":{\"@id\":\"https:\\\/\\\/doctorquality.it\\\/staging\\\/prodotto\\\/cassa-speaker-wireless-portatile-ricaricabile-micro-sd-usb-bluetooth-radio-fm\\\/#breadcrumb\"},\"inLanguage\":\"it-IT\",\"potentialAction\":[{\"@type\":\"ReadAction\",\"target\":[\"https:\\\/\\\/doctorquality.it\\\/staging\\\/prodotto\\\/cassa-speaker-wireless-portatile-ricaricabile-micro-sd-usb-bluetooth-radio-fm\\\/\"]}]},{\"@type\":\"ImageObject\",\"inLanguage\":\"it-IT\",\"@id\":\"https:\\\/\\\/doctorquality.it\\\/staging\\\/prodotto\\\/cassa-speaker-wireless-portatile-ricaricabile-micro-sd-usb-bluetooth-radio-fm\\\/#primaryimage\",\"url\":\"https:\\\/\\\/doctorquality.it\\\/staging\\\/wp-content\\\/uploads\\\/2025\\\/09\\\/andowl_qy-h69.jpg\",\"contentUrl\":\"https:\\\/\\\/doctorquality.it\\\/staging\\\/wp-content\\\/uploads\\\/2025\\\/09\\\/andowl_qy-h69.jpg\",\"width\":1200,\"height\":1200},{\"@type\":\"BreadcrumbList\",\"@id\":\"https:\\\/\\\/doctorquality.it\\\/staging\\\/prodotto\\\/cassa-speaker-wireless-portatile-ricaricabile-micro-sd-usb-bluetooth-radio-fm\\\/#breadcrumb\",\"itemListElement\":[{\"@type\":\"ListItem\",\"position\":1,\"name\":\"Home\",\"item\":\"https:\\\/\\\/doctorquality.it\\\/staging\\\/\"},{\"@type\":\"ListItem\",\"position\":2,\"name\":\"Shop\",\"item\":\"https:\\\/\\\/doctorquality.it\\\/staging\\\/shop\\\/\"},{\"@type\":\"ListItem\",\"position\":3,\"name\":\"Cassa speaker wireless portatile ricaricabile micro sd usb bluetooth radio fm\"}]},{\"@type\":\"WebSite\",\"@id\":\"https:\\\/\\\/doctorquality.it\\\/staging\\\/#website\",\"url\":\"https:\\\/\\\/doctorquality.it\\\/staging\\\/\",\"name\":\"Doctor Quality - Staging\",\"description\":\"I migliori Integratori e Medicinali al miglior prezzo online.\",\"publisher\":{\"@id\":\"https:\\\/\\\/doctorquality.it\\\/staging\\\/#organization\"},\"potentialAction\":[{\"@type\":\"SearchAction\",\"target\":{\"@type\":\"EntryPoint\",\"urlTemplate\":\"https:\\\/\\\/doctorquality.it\\\/staging\\\/?s={search_term_string}\"},\"query-input\":{\"@type\":\"PropertyValueSpecification\",\"valueRequired\":true,\"valueName\":\"search_term_string\"}}],\"inLanguage\":\"it-IT\"},{\"@type\":\"Organization\",\"@id\":\"https:\\\/\\\/doctorquality.it\\\/staging\\\/#organization\",\"name\":\"Doctor Quality - Staging\",\"url\":\"https:\\\/\\\/doctorquality.it\\\/staging\\\/\",\"logo\":{\"@type\":\"ImageObject\",\"inLanguage\":\"it-IT\",\"@id\":\"https:\\\/\\\/doctorquality.it\\\/staging\\\/#\\\/schema\\\/logo\\\/image\\\/\",\"url\":\"https:\\\/\\\/doctorquality.it\\\/staging\\\/wp-content\\\/uploads\\\/2022\\\/04\\\/Doctor-Quality-Logo-1.png\",\"contentUrl\":\"https:\\\/\\\/doctorquality.it\\\/staging\\\/wp-content\\\/uploads\\\/2022\\\/04\\\/Doctor-Quality-Logo-1.png\",\"width\":1000,\"height\":200,\"caption\":\"Doctor Quality - Staging\"},\"image\":{\"@id\":\"https:\\\/\\\/doctorquality.it\\\/staging\\\/#\\\/schema\\\/logo\\\/image\\\/\"}}]}<\/script>\n<!-- \/ Yoast SEO plugin. -->","yoast_head_json":{"title":"Cassa speaker wireless portatile ricaricabile micro sd usb bluetooth radio fm - Doctor Quality - Staging","robots":{"index":"noindex","follow":"follow","max-snippet":"max-snippet:-1","max-image-preview":"max-image-preview:large","max-video-preview":"max-video-preview:-1"},"og_locale":"it_IT","og_type":"article","og_title":"Cassa speaker wireless portatile ricaricabile micro sd usb bluetooth radio fm - Doctor Quality - Staging","og_description":"CASSA SPEAKER WIRELESS PORTATILE RICARICABILE MICRO SD USB BLUETOOTH RADIO FMQuesta Cassa Bluetooth usufruisce della tecnologia Bluetooth ed \u00e8 dotata di una grande potenza audio. Grazie alla batteria interna ricaricabile, potrete portarla dovunque e con l\u2019ausilio del bluetooth potrete collegarci ogni dispositivo compatibile oppure potrete collegare una pennetta USB o una scheda TF\/MicroSD. Utilissima quindi [&hellip;]","og_url":"https:\/\/doctorquality.it\/staging\/prodotto\/cassa-speaker-wireless-portatile-ricaricabile-micro-sd-usb-bluetooth-radio-fm\/","og_site_name":"Doctor Quality - Staging","article_modified_time":"2026-04-28T10:34:56+00:00","og_image":[{"width":1200,"height":1200,"url":"https:\/\/doctorquality.it\/staging\/wp-content\/uploads\/2025\/09\/andowl_qy-h69.jpg","type":"image\/jpeg"}],"twitter_card":"summary_large_image","twitter_misc":{"Tempo di lettura stimato":"1 minuto"},"schema":{"@context":"https:\/\/schema.org","@graph":[{"@type":"WebPage","@id":"https:\/\/doctorquality.it\/staging\/prodotto\/cassa-speaker-wireless-portatile-ricaricabile-micro-sd-usb-bluetooth-radio-fm\/","url":"https:\/\/doctorquality.it\/staging\/prodotto\/cassa-speaker-wireless-portatile-ricaricabile-micro-sd-usb-bluetooth-radio-fm\/","name":"Cassa speaker wireless portatile ricaricabile micro sd usb bluetooth radio fm - Doctor Quality - Staging","isPartOf":{"@id":"https:\/\/doctorquality.it\/staging\/#website"},"primaryImageOfPage":{"@id":"https:\/\/doctorquality.it\/staging\/prodotto\/cassa-speaker-wireless-portatile-ricaricabile-micro-sd-usb-bluetooth-radio-fm\/#primaryimage"},"image":{"@id":"https:\/\/doctorquality.it\/staging\/prodotto\/cassa-speaker-wireless-portatile-ricaricabile-micro-sd-usb-bluetooth-radio-fm\/#primaryimage"},"thumbnailUrl":"https:\/\/doctorquality.it\/staging\/wp-content\/uploads\/2025\/09\/andowl_qy-h69.jpg","datePublished":"2025-09-27T14:08:02+00:00","dateModified":"2026-04-28T10:34:56+00:00","breadcrumb":{"@id":"https:\/\/doctorquality.it\/staging\/prodotto\/cassa-speaker-wireless-portatile-ricaricabile-micro-sd-usb-bluetooth-radio-fm\/#breadcrumb"},"inLanguage":"it-IT","potentialAction":[{"@type":"ReadAction","target":["https:\/\/doctorquality.it\/staging\/prodotto\/cassa-speaker-wireless-portatile-ricaricabile-micro-sd-usb-bluetooth-radio-fm\/"]}]},{"@type":"ImageObject","inLanguage":"it-IT","@id":"https:\/\/doctorquality.it\/staging\/prodotto\/cassa-speaker-wireless-portatile-ricaricabile-micro-sd-usb-bluetooth-radio-fm\/#primaryimage","url":"https:\/\/doctorquality.it\/staging\/wp-content\/uploads\/2025\/09\/andowl_qy-h69.jpg","contentUrl":"https:\/\/doctorquality.it\/staging\/wp-content\/uploads\/2025\/09\/andowl_qy-h69.jpg","width":1200,"height":1200},{"@type":"BreadcrumbList","@id":"https:\/\/doctorquality.it\/staging\/prodotto\/cassa-speaker-wireless-portatile-ricaricabile-micro-sd-usb-bluetooth-radio-fm\/#breadcrumb","itemListElement":[{"@type":"ListItem","position":1,"name":"Home","item":"https:\/\/doctorquality.it\/staging\/"},{"@type":"ListItem","position":2,"name":"Shop","item":"https:\/\/doctorquality.it\/staging\/shop\/"},{"@type":"ListItem","position":3,"name":"Cassa speaker wireless portatile ricaricabile micro sd usb bluetooth radio fm"}]},{"@type":"WebSite","@id":"https:\/\/doctorquality.it\/staging\/#website","url":"https:\/\/doctorquality.it\/staging\/","name":"Doctor Quality - Staging","description":"I migliori Integratori e Medicinali al miglior prezzo online.","publisher":{"@id":"https:\/\/doctorquality.it\/staging\/#organization"},"potentialAction":[{"@type":"SearchAction","target":{"@type":"EntryPoint","urlTemplate":"https:\/\/doctorquality.it\/staging\/?s={search_term_string}"},"query-input":{"@type":"PropertyValueSpecification","valueRequired":true,"valueName":"search_term_string"}}],"inLanguage":"it-IT"},{"@type":"Organization","@id":"https:\/\/doctorquality.it\/staging\/#organization","name":"Doctor Quality - Staging","url":"https:\/\/doctorquality.it\/staging\/","logo":{"@type":"ImageObject","inLanguage":"it-IT","@id":"https:\/\/doctorquality.it\/staging\/#\/schema\/logo\/image\/","url":"https:\/\/doctorquality.it\/staging\/wp-content\/uploads\/2022\/04\/Doctor-Quality-Logo-1.png","contentUrl":"https:\/\/doctorquality.it\/staging\/wp-content\/uploads\/2022\/04\/Doctor-Quality-Logo-1.png","width":1000,"height":200,"caption":"Doctor Quality - Staging"},"image":{"@id":"https:\/\/doctorquality.it\/staging\/#\/schema\/logo\/image\/"}}]}},"tiered_pricing_type":"fixed","tiered_pricing_fixed_rules":[],"tiered_pricing_product_settings":{"layout":"default","base_unit_name":{"singular":null,"plural":null},"default_variation":null},"tiered_pricing_minimum_quantity":null,"tiered_pricing_roles_data":[],"tiered_pricing_percentage_rules":[],"_links":{"self":[{"href":"https:\/\/doctorquality.it\/staging\/wp-json\/wp\/v2\/product\/31085","targetHints":{"allow":["GET"]}}],"collection":[{"href":"https:\/\/doctorquality.it\/staging\/wp-json\/wp\/v2\/product"}],"about":[{"href":"https:\/\/doctorquality.it\/staging\/wp-json\/wp\/v2\/types\/product"}],"replies":[{"embeddable":true,"href":"https:\/\/doctorquality.it\/staging\/wp-json\/wp\/v2\/comments?post=31085"}],"wp:featuredmedia":[{"embeddable":true,"href":"https:\/\/doctorquality.it\/staging\/wp-json\/wp\/v2\/media\/31084"}],"wp:attachment":[{"href":"https:\/\/doctorquality.it\/staging\/wp-json\/wp\/v2\/media?parent=31085"}],"wp:term":[{"taxonomy":"product_cat","embeddable":true,"href":"https:\/\/doctorquality.it\/staging\/wp-json\/wp\/v2\/product_cat?post=31085"},{"taxonomy":"product_tag","embeddable":true,"href":"https:\/\/doctorquality.it\/staging\/wp-json\/wp\/v2\/product_tag?post=31085"}],"curies":[{"name":"wp","href":"https:\/\/api.w.org\/{rel}","templated":true}]}}