{"id":30390,"date":"2025-09-26T16:17:33","date_gmt":"2025-09-26T14:17:33","guid":{"rendered":"https:\/\/doctorquality.it\/staging\/prodotto\/livella-laser-professionale-4-x-360\/"},"modified":"2026-01-05T14:58:40","modified_gmt":"2026-01-05T13:58:40","slug":"livella-laser-professionale-4-x-360","status":"publish","type":"product","link":"https:\/\/doctorquality.it\/staging\/prodotto\/livella-laser-professionale-4-x-360\/","title":{"rendered":"Livella laser professionale  4 x 360\u00b0"},"content":{"rendered":"<p>Due linee orizzontali a 360\u00b0 e due verticali a 360\u00b0 forniscono una copertura completa e piatta di pavimenti, pareti e soffitti intorno alla stanza. Il livello laser 4D fornisce una copertura di livellamento omnidirezionale con una precisione di \u00b12 mm\/10 m, il raggio di lavoro interno massimo \u00e8 di circa 25 m di diametro<\/p>\n<p>Modalit\u00e0 di livellamento automatico: dopo l\u2019accensione, la modalit\u00e0 di livellamento automatico \u00e8 attivata per impostazione predefinita. Quando il dispositivo ha superato i 3 gradi, i raggi laser lampeggeranno rapidamente. Modalit\u00e0 manuale\/inclinazione: dopo l\u2019accensione, tenere premuto il pulsante di apertura per 3 secondi per accedere alla modalit\u00e0 manuale, \u00e8 possibile bloccare le linee da qualsiasi angolazione.<\/p>\n<p>Viene fornito con un telecomando, puoi regolare facilmente la luminosit\u00e0 della luce laser premendo a lungo il pulsante V\/H. Scansione del codice QR sul retro del telecomando per scaricare l\u2019APP del cellulare, livello laser controllato dal cellulare tramite connessione BT.<\/p>\n<p>La batteria \u00e8 divisa in 3 griglie da visualizzare, \u00e8 facilmente possibile controllare la carica residua della batteria. La livella laser \u00e8 dotata di 2 batterie che possono prolungare il tempo di lavoro fino a 8 ore.<\/p>\n<p>Il laser verde \u00e8 tre volte pi\u00f9 luminoso del rosso e garantisce una migliore visibilit\u00e0; il telecomando pu\u00f2 accendere\/spegnere le linee laser, selezionare i piani laser e regolare la luminosit\u00e0<\/p>\n<p>Tre altezze regolabili per adattarsi facilmente alle vostre esigenze.<br \/>Dotato di una livella a bolla d\u2019aria per controllare se il treppiede \u00e8 orizzontale o meno.<br \/>Dotato di una barra oscillante per regolare l\u2019altezza del treppiede, in modo fluido e senza sforzo.<br \/>Con il plettro fisso controllare di estendere la lunghezza per bloccarlo saldamente.<br \/>Si adatta alla maggior parte delle livelle laser con interfaccia da 5\/8\u2033.<\/p>\n<p><strong>Contenuto del pacco:<\/strong><\/p>\n<p>Nr.1 Livella<br \/>Nr.1 piattaforma elevatrice<br \/>Nr.1 ferro<br \/>Nr.1 valigetta ultra resistente<br \/>Nr.1 manuale di istruzioni<\/p>\n","protected":false},"excerpt":{"rendered":"<p>Due linee orizzontali a 360\u00b0 e due verticali a 360\u00b0 forniscono una copertura completa e piatta di pavimenti, pareti e soffitti intorno alla stanza. Il livello laser 4D fornisce una copertura di livellamento omnidirezionale con una precisione di \u00b12 mm\/10 m, il raggio di lavoro interno massimo \u00e8 di circa 25 m di diametro Modalit\u00e0 [&hellip;]<\/p>\n","protected":false},"featured_media":30381,"comment_status":"open","ping_status":"closed","template":"","meta":{"_acf_changed":false},"product_cat":[47],"product_tag":[],"class_list":{"0":"post-30390","1":"product","2":"type-product","3":"status-publish","4":"has-post-thumbnail","6":"product_cat-varie","8":"first","9":"instock","10":"taxable","11":"shipping-taxable","12":"purchasable","13":"product-type-simple"},"supplier_id":null,"supplier_sku":"","barcode":null,"atum_controlled":false,"out_stock_date":null,"out_stock_threshold":null,"inheritable":false,"inbound_stock":null,"stock_on_hold":0,"sold_today":0,"sales_last_days":0,"reserved_stock":null,"customer_returns":null,"warehouse_damage":null,"lost_in_post":null,"other_logs":null,"out_stock_days":0,"lost_sales":0,"has_location":null,"update_date":"2026-04-27T01:14:31","atum_locations":[],"atum_stock_status":"instock","restock_status":false,"low_stock_amount":"","sales_update_date":"2026-04-27T01:14:31","calc_backorders":null,"acf":[],"yoast_head":"<!-- This site is optimized with the Yoast SEO plugin v27.4 - https:\/\/yoast.com\/product\/yoast-seo-wordpress\/ -->\n<title>Livella laser professionale 4 x 360\u00b0 - Doctor Quality - Staging<\/title>\n<meta name=\"robots\" content=\"noindex, follow, max-snippet:-1, max-image-preview:large, max-video-preview:-1\" \/>\n<meta property=\"og:locale\" content=\"it_IT\" \/>\n<meta property=\"og:type\" content=\"article\" \/>\n<meta property=\"og:title\" content=\"Livella laser professionale 4 x 360\u00b0 - Doctor Quality - Staging\" \/>\n<meta property=\"og:description\" content=\"Due linee orizzontali a 360\u00b0 e due verticali a 360\u00b0 forniscono una copertura completa e piatta di pavimenti, pareti e soffitti intorno alla stanza. Il livello laser 4D fornisce una copertura di livellamento omnidirezionale con una precisione di \u00b12 mm\/10 m, il raggio di lavoro interno massimo \u00e8 di circa 25 m di diametro Modalit\u00e0 [&hellip;]\" \/>\n<meta property=\"og:url\" content=\"https:\/\/doctorquality.it\/staging\/prodotto\/livella-laser-professionale-4-x-360\/\" \/>\n<meta property=\"og:site_name\" content=\"Doctor Quality - Staging\" \/>\n<meta property=\"article:modified_time\" content=\"2026-01-05T13:58:40+00:00\" \/>\n<meta property=\"og:image\" content=\"https:\/\/doctorquality.it\/staging\/wp-content\/uploads\/2025\/09\/livella-laser-1017x1024_1_.jpg\" \/>\n\t<meta property=\"og:image:width\" content=\"1017\" \/>\n\t<meta property=\"og:image:height\" content=\"1024\" \/>\n\t<meta property=\"og:image:type\" content=\"image\/jpeg\" \/>\n<meta name=\"twitter:card\" content=\"summary_large_image\" \/>\n<meta name=\"twitter:label1\" content=\"Tempo di lettura stimato\" \/>\n\t<meta name=\"twitter:data1\" content=\"1 minuto\" \/>\n<script type=\"application\/ld+json\" class=\"yoast-schema-graph\">{\"@context\":\"https:\\\/\\\/schema.org\",\"@graph\":[{\"@type\":\"WebPage\",\"@id\":\"https:\\\/\\\/doctorquality.it\\\/staging\\\/prodotto\\\/livella-laser-professionale-4-x-360\\\/\",\"url\":\"https:\\\/\\\/doctorquality.it\\\/staging\\\/prodotto\\\/livella-laser-professionale-4-x-360\\\/\",\"name\":\"Livella laser professionale 4 x 360\u00b0 - Doctor Quality - Staging\",\"isPartOf\":{\"@id\":\"https:\\\/\\\/doctorquality.it\\\/staging\\\/#website\"},\"primaryImageOfPage\":{\"@id\":\"https:\\\/\\\/doctorquality.it\\\/staging\\\/prodotto\\\/livella-laser-professionale-4-x-360\\\/#primaryimage\"},\"image\":{\"@id\":\"https:\\\/\\\/doctorquality.it\\\/staging\\\/prodotto\\\/livella-laser-professionale-4-x-360\\\/#primaryimage\"},\"thumbnailUrl\":\"https:\\\/\\\/doctorquality.it\\\/staging\\\/wp-content\\\/uploads\\\/2025\\\/09\\\/livella-laser-1017x1024_1_.jpg\",\"datePublished\":\"2025-09-26T14:17:33+00:00\",\"dateModified\":\"2026-01-05T13:58:40+00:00\",\"breadcrumb\":{\"@id\":\"https:\\\/\\\/doctorquality.it\\\/staging\\\/prodotto\\\/livella-laser-professionale-4-x-360\\\/#breadcrumb\"},\"inLanguage\":\"it-IT\",\"potentialAction\":[{\"@type\":\"ReadAction\",\"target\":[\"https:\\\/\\\/doctorquality.it\\\/staging\\\/prodotto\\\/livella-laser-professionale-4-x-360\\\/\"]}]},{\"@type\":\"ImageObject\",\"inLanguage\":\"it-IT\",\"@id\":\"https:\\\/\\\/doctorquality.it\\\/staging\\\/prodotto\\\/livella-laser-professionale-4-x-360\\\/#primaryimage\",\"url\":\"https:\\\/\\\/doctorquality.it\\\/staging\\\/wp-content\\\/uploads\\\/2025\\\/09\\\/livella-laser-1017x1024_1_.jpg\",\"contentUrl\":\"https:\\\/\\\/doctorquality.it\\\/staging\\\/wp-content\\\/uploads\\\/2025\\\/09\\\/livella-laser-1017x1024_1_.jpg\",\"width\":1017,\"height\":1024},{\"@type\":\"BreadcrumbList\",\"@id\":\"https:\\\/\\\/doctorquality.it\\\/staging\\\/prodotto\\\/livella-laser-professionale-4-x-360\\\/#breadcrumb\",\"itemListElement\":[{\"@type\":\"ListItem\",\"position\":1,\"name\":\"Home\",\"item\":\"https:\\\/\\\/doctorquality.it\\\/staging\\\/\"},{\"@type\":\"ListItem\",\"position\":2,\"name\":\"Shop\",\"item\":\"https:\\\/\\\/doctorquality.it\\\/staging\\\/shop\\\/\"},{\"@type\":\"ListItem\",\"position\":3,\"name\":\"Livella laser professionale 4 x 360\u00b0\"}]},{\"@type\":\"WebSite\",\"@id\":\"https:\\\/\\\/doctorquality.it\\\/staging\\\/#website\",\"url\":\"https:\\\/\\\/doctorquality.it\\\/staging\\\/\",\"name\":\"Doctor Quality - Staging\",\"description\":\"I migliori Integratori e Medicinali al miglior prezzo online.\",\"publisher\":{\"@id\":\"https:\\\/\\\/doctorquality.it\\\/staging\\\/#organization\"},\"potentialAction\":[{\"@type\":\"SearchAction\",\"target\":{\"@type\":\"EntryPoint\",\"urlTemplate\":\"https:\\\/\\\/doctorquality.it\\\/staging\\\/?s={search_term_string}\"},\"query-input\":{\"@type\":\"PropertyValueSpecification\",\"valueRequired\":true,\"valueName\":\"search_term_string\"}}],\"inLanguage\":\"it-IT\"},{\"@type\":\"Organization\",\"@id\":\"https:\\\/\\\/doctorquality.it\\\/staging\\\/#organization\",\"name\":\"Doctor Quality - Staging\",\"url\":\"https:\\\/\\\/doctorquality.it\\\/staging\\\/\",\"logo\":{\"@type\":\"ImageObject\",\"inLanguage\":\"it-IT\",\"@id\":\"https:\\\/\\\/doctorquality.it\\\/staging\\\/#\\\/schema\\\/logo\\\/image\\\/\",\"url\":\"https:\\\/\\\/doctorquality.it\\\/staging\\\/wp-content\\\/uploads\\\/2022\\\/04\\\/Doctor-Quality-Logo-1.png\",\"contentUrl\":\"https:\\\/\\\/doctorquality.it\\\/staging\\\/wp-content\\\/uploads\\\/2022\\\/04\\\/Doctor-Quality-Logo-1.png\",\"width\":1000,\"height\":200,\"caption\":\"Doctor Quality - Staging\"},\"image\":{\"@id\":\"https:\\\/\\\/doctorquality.it\\\/staging\\\/#\\\/schema\\\/logo\\\/image\\\/\"}}]}<\/script>\n<!-- \/ Yoast SEO plugin. -->","yoast_head_json":{"title":"Livella laser professionale 4 x 360\u00b0 - Doctor Quality - Staging","robots":{"index":"noindex","follow":"follow","max-snippet":"max-snippet:-1","max-image-preview":"max-image-preview:large","max-video-preview":"max-video-preview:-1"},"og_locale":"it_IT","og_type":"article","og_title":"Livella laser professionale 4 x 360\u00b0 - Doctor Quality - Staging","og_description":"Due linee orizzontali a 360\u00b0 e due verticali a 360\u00b0 forniscono una copertura completa e piatta di pavimenti, pareti e soffitti intorno alla stanza. Il livello laser 4D fornisce una copertura di livellamento omnidirezionale con una precisione di \u00b12 mm\/10 m, il raggio di lavoro interno massimo \u00e8 di circa 25 m di diametro Modalit\u00e0 [&hellip;]","og_url":"https:\/\/doctorquality.it\/staging\/prodotto\/livella-laser-professionale-4-x-360\/","og_site_name":"Doctor Quality - Staging","article_modified_time":"2026-01-05T13:58:40+00:00","og_image":[{"width":1017,"height":1024,"url":"https:\/\/doctorquality.it\/staging\/wp-content\/uploads\/2025\/09\/livella-laser-1017x1024_1_.jpg","type":"image\/jpeg"}],"twitter_card":"summary_large_image","twitter_misc":{"Tempo di lettura stimato":"1 minuto"},"schema":{"@context":"https:\/\/schema.org","@graph":[{"@type":"WebPage","@id":"https:\/\/doctorquality.it\/staging\/prodotto\/livella-laser-professionale-4-x-360\/","url":"https:\/\/doctorquality.it\/staging\/prodotto\/livella-laser-professionale-4-x-360\/","name":"Livella laser professionale 4 x 360\u00b0 - Doctor Quality - Staging","isPartOf":{"@id":"https:\/\/doctorquality.it\/staging\/#website"},"primaryImageOfPage":{"@id":"https:\/\/doctorquality.it\/staging\/prodotto\/livella-laser-professionale-4-x-360\/#primaryimage"},"image":{"@id":"https:\/\/doctorquality.it\/staging\/prodotto\/livella-laser-professionale-4-x-360\/#primaryimage"},"thumbnailUrl":"https:\/\/doctorquality.it\/staging\/wp-content\/uploads\/2025\/09\/livella-laser-1017x1024_1_.jpg","datePublished":"2025-09-26T14:17:33+00:00","dateModified":"2026-01-05T13:58:40+00:00","breadcrumb":{"@id":"https:\/\/doctorquality.it\/staging\/prodotto\/livella-laser-professionale-4-x-360\/#breadcrumb"},"inLanguage":"it-IT","potentialAction":[{"@type":"ReadAction","target":["https:\/\/doctorquality.it\/staging\/prodotto\/livella-laser-professionale-4-x-360\/"]}]},{"@type":"ImageObject","inLanguage":"it-IT","@id":"https:\/\/doctorquality.it\/staging\/prodotto\/livella-laser-professionale-4-x-360\/#primaryimage","url":"https:\/\/doctorquality.it\/staging\/wp-content\/uploads\/2025\/09\/livella-laser-1017x1024_1_.jpg","contentUrl":"https:\/\/doctorquality.it\/staging\/wp-content\/uploads\/2025\/09\/livella-laser-1017x1024_1_.jpg","width":1017,"height":1024},{"@type":"BreadcrumbList","@id":"https:\/\/doctorquality.it\/staging\/prodotto\/livella-laser-professionale-4-x-360\/#breadcrumb","itemListElement":[{"@type":"ListItem","position":1,"name":"Home","item":"https:\/\/doctorquality.it\/staging\/"},{"@type":"ListItem","position":2,"name":"Shop","item":"https:\/\/doctorquality.it\/staging\/shop\/"},{"@type":"ListItem","position":3,"name":"Livella laser professionale 4 x 360\u00b0"}]},{"@type":"WebSite","@id":"https:\/\/doctorquality.it\/staging\/#website","url":"https:\/\/doctorquality.it\/staging\/","name":"Doctor Quality - Staging","description":"I migliori Integratori e Medicinali al miglior prezzo online.","publisher":{"@id":"https:\/\/doctorquality.it\/staging\/#organization"},"potentialAction":[{"@type":"SearchAction","target":{"@type":"EntryPoint","urlTemplate":"https:\/\/doctorquality.it\/staging\/?s={search_term_string}"},"query-input":{"@type":"PropertyValueSpecification","valueRequired":true,"valueName":"search_term_string"}}],"inLanguage":"it-IT"},{"@type":"Organization","@id":"https:\/\/doctorquality.it\/staging\/#organization","name":"Doctor Quality - Staging","url":"https:\/\/doctorquality.it\/staging\/","logo":{"@type":"ImageObject","inLanguage":"it-IT","@id":"https:\/\/doctorquality.it\/staging\/#\/schema\/logo\/image\/","url":"https:\/\/doctorquality.it\/staging\/wp-content\/uploads\/2022\/04\/Doctor-Quality-Logo-1.png","contentUrl":"https:\/\/doctorquality.it\/staging\/wp-content\/uploads\/2022\/04\/Doctor-Quality-Logo-1.png","width":1000,"height":200,"caption":"Doctor Quality - Staging"},"image":{"@id":"https:\/\/doctorquality.it\/staging\/#\/schema\/logo\/image\/"}}]}},"tiered_pricing_type":"fixed","tiered_pricing_fixed_rules":[],"tiered_pricing_product_settings":{"layout":"default","base_unit_name":{"singular":null,"plural":null},"default_variation":null},"tiered_pricing_minimum_quantity":null,"tiered_pricing_roles_data":[],"tiered_pricing_percentage_rules":[],"_links":{"self":[{"href":"https:\/\/doctorquality.it\/staging\/wp-json\/wp\/v2\/product\/30390","targetHints":{"allow":["GET"]}}],"collection":[{"href":"https:\/\/doctorquality.it\/staging\/wp-json\/wp\/v2\/product"}],"about":[{"href":"https:\/\/doctorquality.it\/staging\/wp-json\/wp\/v2\/types\/product"}],"replies":[{"embeddable":true,"href":"https:\/\/doctorquality.it\/staging\/wp-json\/wp\/v2\/comments?post=30390"}],"wp:featuredmedia":[{"embeddable":true,"href":"https:\/\/doctorquality.it\/staging\/wp-json\/wp\/v2\/media\/30381"}],"wp:attachment":[{"href":"https:\/\/doctorquality.it\/staging\/wp-json\/wp\/v2\/media?parent=30390"}],"wp:term":[{"taxonomy":"product_cat","embeddable":true,"href":"https:\/\/doctorquality.it\/staging\/wp-json\/wp\/v2\/product_cat?post=30390"},{"taxonomy":"product_tag","embeddable":true,"href":"https:\/\/doctorquality.it\/staging\/wp-json\/wp\/v2\/product_tag?post=30390"}],"curies":[{"name":"wp","href":"https:\/\/api.w.org\/{rel}","templated":true}]}}