{"id":30277,"date":"2025-09-26T15:41:25","date_gmt":"2025-09-26T13:41:25","guid":{"rendered":"https:\/\/doctorquality.it\/staging\/prodotto\/applique-da-parete-vintage-rustico-canapa-corda-legno-ferro-e70\/"},"modified":"2026-04-28T12:25:17","modified_gmt":"2026-04-28T10:25:17","slug":"applique-da-parete-vintage-rustico-canapa-corda-legno-ferro-e70","status":"publish","type":"product","link":"https:\/\/doctorquality.it\/staging\/prodotto\/applique-da-parete-vintage-rustico-canapa-corda-legno-ferro-e70\/","title":{"rendered":"Applique da parete  Vintage, Rustico Canapa Corda Legno Ferro E70"},"content":{"rendered":"<p>Lampada da parete vintage retr\u00f2 Lampada industriale American Rope Iron Loft Restaurant Corridor Living Room Balcony Corridor Wall Lights<br \/>Il moderno mix di materiali travi in legno massiccio e legno chiaro e corda conferisce a questa lampada un aspetto vintage.<br \/>Dimensioni: 180MM x 320mm cm; Specifiche di collegamento della lampada: E27 X 1 (esclusa la lampadina); 60W<br \/>L&#8217;arte del concetto di design moderno. Stile retr\u00f2 ed elegante, d\u00e0 un senso di elegante semplicit\u00e0. Questa lampada da parete \u00e8 adatta per la tua decorazione domestica anche per la decorazione in alcuni luoghi come caff\u00e8, festa, appartamento, bar, studio, sala da pranzo, cantina ecc.<\/p>\n<p><strong>Contenuto del pacco:<\/strong><\/p>\n<p>1 applique da parete vintage- esclusa lampadina E27<\/p>\n","protected":false},"excerpt":{"rendered":"<p>Lampada da parete vintage retr\u00f2 Lampada industriale American Rope Iron Loft Restaurant Corridor Living Room Balcony Corridor Wall LightsIl moderno mix di materiali travi in legno massiccio e legno chiaro e corda conferisce a questa lampada un aspetto vintage.Dimensioni: 180MM x 320mm cm; Specifiche di collegamento della lampada: E27 X 1 (esclusa la lampadina); 60WL&#8217;arte [&hellip;]<\/p>\n","protected":false},"featured_media":30270,"comment_status":"open","ping_status":"closed","template":"","meta":{"_acf_changed":false},"product_cat":[47],"product_tag":[],"class_list":{"0":"post-30277","1":"product","2":"type-product","3":"status-publish","4":"has-post-thumbnail","6":"product_cat-varie","8":"first","9":"instock","10":"taxable","11":"shipping-taxable","12":"purchasable","13":"product-type-simple"},"supplier_id":null,"supplier_sku":"","barcode":null,"atum_controlled":false,"out_stock_date":null,"out_stock_threshold":null,"inheritable":false,"inbound_stock":null,"stock_on_hold":0,"sold_today":0,"sales_last_days":0,"reserved_stock":null,"customer_returns":null,"warehouse_damage":null,"lost_in_post":null,"other_logs":null,"out_stock_days":0,"lost_sales":0,"has_location":null,"update_date":"2026-04-28T10:25:18","atum_locations":[],"atum_stock_status":"instock","restock_status":false,"low_stock_amount":"","sales_update_date":"2026-04-26T01:19:33","calc_backorders":null,"acf":[],"yoast_head":"<!-- This site is optimized with the Yoast SEO plugin v27.4 - https:\/\/yoast.com\/product\/yoast-seo-wordpress\/ -->\n<title>Applique da parete Vintage, Rustico Canapa Corda Legno Ferro E70 - Doctor Quality - Staging<\/title>\n<meta name=\"robots\" content=\"noindex, follow, max-snippet:-1, max-image-preview:large, max-video-preview:-1\" \/>\n<meta property=\"og:locale\" content=\"it_IT\" \/>\n<meta property=\"og:type\" content=\"article\" \/>\n<meta property=\"og:title\" content=\"Applique da parete Vintage, Rustico Canapa Corda Legno Ferro E70 - Doctor Quality - Staging\" \/>\n<meta property=\"og:description\" content=\"Lampada da parete vintage retr\u00f2 Lampada industriale American Rope Iron Loft Restaurant Corridor Living Room Balcony Corridor Wall LightsIl moderno mix di materiali travi in legno massiccio e legno chiaro e corda conferisce a questa lampada un aspetto vintage.Dimensioni: 180MM x 320mm cm; Specifiche di collegamento della lampada: E27 X 1 (esclusa la lampadina); 60WL&#8217;arte [&hellip;]\" \/>\n<meta property=\"og:url\" content=\"https:\/\/doctorquality.it\/staging\/prodotto\/applique-da-parete-vintage-rustico-canapa-corda-legno-ferro-e70\/\" \/>\n<meta property=\"og:site_name\" content=\"Doctor Quality - Staging\" \/>\n<meta property=\"article:modified_time\" content=\"2026-04-28T10:25:17+00:00\" \/>\n<meta property=\"og:image\" content=\"https:\/\/doctorquality.it\/staging\/wp-content\/uploads\/2025\/09\/uiuiu.jpg\" \/>\n\t<meta property=\"og:image:width\" content=\"680\" \/>\n\t<meta property=\"og:image:height\" content=\"1007\" \/>\n\t<meta property=\"og:image:type\" content=\"image\/jpeg\" \/>\n<meta name=\"twitter:card\" content=\"summary_large_image\" \/>\n<meta name=\"twitter:label1\" content=\"Tempo di lettura stimato\" \/>\n\t<meta name=\"twitter:data1\" content=\"1 minuto\" \/>\n<script type=\"application\/ld+json\" class=\"yoast-schema-graph\">{\"@context\":\"https:\\\/\\\/schema.org\",\"@graph\":[{\"@type\":\"WebPage\",\"@id\":\"https:\\\/\\\/doctorquality.it\\\/staging\\\/prodotto\\\/applique-da-parete-vintage-rustico-canapa-corda-legno-ferro-e70\\\/\",\"url\":\"https:\\\/\\\/doctorquality.it\\\/staging\\\/prodotto\\\/applique-da-parete-vintage-rustico-canapa-corda-legno-ferro-e70\\\/\",\"name\":\"Applique da parete Vintage, Rustico Canapa Corda Legno Ferro E70 - Doctor Quality - Staging\",\"isPartOf\":{\"@id\":\"https:\\\/\\\/doctorquality.it\\\/staging\\\/#website\"},\"primaryImageOfPage\":{\"@id\":\"https:\\\/\\\/doctorquality.it\\\/staging\\\/prodotto\\\/applique-da-parete-vintage-rustico-canapa-corda-legno-ferro-e70\\\/#primaryimage\"},\"image\":{\"@id\":\"https:\\\/\\\/doctorquality.it\\\/staging\\\/prodotto\\\/applique-da-parete-vintage-rustico-canapa-corda-legno-ferro-e70\\\/#primaryimage\"},\"thumbnailUrl\":\"https:\\\/\\\/doctorquality.it\\\/staging\\\/wp-content\\\/uploads\\\/2025\\\/09\\\/uiuiu.jpg\",\"datePublished\":\"2025-09-26T13:41:25+00:00\",\"dateModified\":\"2026-04-28T10:25:17+00:00\",\"breadcrumb\":{\"@id\":\"https:\\\/\\\/doctorquality.it\\\/staging\\\/prodotto\\\/applique-da-parete-vintage-rustico-canapa-corda-legno-ferro-e70\\\/#breadcrumb\"},\"inLanguage\":\"it-IT\",\"potentialAction\":[{\"@type\":\"ReadAction\",\"target\":[\"https:\\\/\\\/doctorquality.it\\\/staging\\\/prodotto\\\/applique-da-parete-vintage-rustico-canapa-corda-legno-ferro-e70\\\/\"]}]},{\"@type\":\"ImageObject\",\"inLanguage\":\"it-IT\",\"@id\":\"https:\\\/\\\/doctorquality.it\\\/staging\\\/prodotto\\\/applique-da-parete-vintage-rustico-canapa-corda-legno-ferro-e70\\\/#primaryimage\",\"url\":\"https:\\\/\\\/doctorquality.it\\\/staging\\\/wp-content\\\/uploads\\\/2025\\\/09\\\/uiuiu.jpg\",\"contentUrl\":\"https:\\\/\\\/doctorquality.it\\\/staging\\\/wp-content\\\/uploads\\\/2025\\\/09\\\/uiuiu.jpg\",\"width\":680,\"height\":1007},{\"@type\":\"BreadcrumbList\",\"@id\":\"https:\\\/\\\/doctorquality.it\\\/staging\\\/prodotto\\\/applique-da-parete-vintage-rustico-canapa-corda-legno-ferro-e70\\\/#breadcrumb\",\"itemListElement\":[{\"@type\":\"ListItem\",\"position\":1,\"name\":\"Home\",\"item\":\"https:\\\/\\\/doctorquality.it\\\/staging\\\/\"},{\"@type\":\"ListItem\",\"position\":2,\"name\":\"Shop\",\"item\":\"https:\\\/\\\/doctorquality.it\\\/staging\\\/shop\\\/\"},{\"@type\":\"ListItem\",\"position\":3,\"name\":\"Applique da parete Vintage, Rustico Canapa Corda Legno Ferro E70\"}]},{\"@type\":\"WebSite\",\"@id\":\"https:\\\/\\\/doctorquality.it\\\/staging\\\/#website\",\"url\":\"https:\\\/\\\/doctorquality.it\\\/staging\\\/\",\"name\":\"Doctor Quality - Staging\",\"description\":\"I migliori Integratori e Medicinali al miglior prezzo online.\",\"publisher\":{\"@id\":\"https:\\\/\\\/doctorquality.it\\\/staging\\\/#organization\"},\"potentialAction\":[{\"@type\":\"SearchAction\",\"target\":{\"@type\":\"EntryPoint\",\"urlTemplate\":\"https:\\\/\\\/doctorquality.it\\\/staging\\\/?s={search_term_string}\"},\"query-input\":{\"@type\":\"PropertyValueSpecification\",\"valueRequired\":true,\"valueName\":\"search_term_string\"}}],\"inLanguage\":\"it-IT\"},{\"@type\":\"Organization\",\"@id\":\"https:\\\/\\\/doctorquality.it\\\/staging\\\/#organization\",\"name\":\"Doctor Quality - Staging\",\"url\":\"https:\\\/\\\/doctorquality.it\\\/staging\\\/\",\"logo\":{\"@type\":\"ImageObject\",\"inLanguage\":\"it-IT\",\"@id\":\"https:\\\/\\\/doctorquality.it\\\/staging\\\/#\\\/schema\\\/logo\\\/image\\\/\",\"url\":\"https:\\\/\\\/doctorquality.it\\\/staging\\\/wp-content\\\/uploads\\\/2022\\\/04\\\/Doctor-Quality-Logo-1.png\",\"contentUrl\":\"https:\\\/\\\/doctorquality.it\\\/staging\\\/wp-content\\\/uploads\\\/2022\\\/04\\\/Doctor-Quality-Logo-1.png\",\"width\":1000,\"height\":200,\"caption\":\"Doctor Quality - Staging\"},\"image\":{\"@id\":\"https:\\\/\\\/doctorquality.it\\\/staging\\\/#\\\/schema\\\/logo\\\/image\\\/\"}}]}<\/script>\n<!-- \/ Yoast SEO plugin. -->","yoast_head_json":{"title":"Applique da parete Vintage, Rustico Canapa Corda Legno Ferro E70 - Doctor Quality - Staging","robots":{"index":"noindex","follow":"follow","max-snippet":"max-snippet:-1","max-image-preview":"max-image-preview:large","max-video-preview":"max-video-preview:-1"},"og_locale":"it_IT","og_type":"article","og_title":"Applique da parete Vintage, Rustico Canapa Corda Legno Ferro E70 - Doctor Quality - Staging","og_description":"Lampada da parete vintage retr\u00f2 Lampada industriale American Rope Iron Loft Restaurant Corridor Living Room Balcony Corridor Wall LightsIl moderno mix di materiali travi in legno massiccio e legno chiaro e corda conferisce a questa lampada un aspetto vintage.Dimensioni: 180MM x 320mm cm; Specifiche di collegamento della lampada: E27 X 1 (esclusa la lampadina); 60WL&#8217;arte [&hellip;]","og_url":"https:\/\/doctorquality.it\/staging\/prodotto\/applique-da-parete-vintage-rustico-canapa-corda-legno-ferro-e70\/","og_site_name":"Doctor Quality - Staging","article_modified_time":"2026-04-28T10:25:17+00:00","og_image":[{"width":680,"height":1007,"url":"https:\/\/doctorquality.it\/staging\/wp-content\/uploads\/2025\/09\/uiuiu.jpg","type":"image\/jpeg"}],"twitter_card":"summary_large_image","twitter_misc":{"Tempo di lettura stimato":"1 minuto"},"schema":{"@context":"https:\/\/schema.org","@graph":[{"@type":"WebPage","@id":"https:\/\/doctorquality.it\/staging\/prodotto\/applique-da-parete-vintage-rustico-canapa-corda-legno-ferro-e70\/","url":"https:\/\/doctorquality.it\/staging\/prodotto\/applique-da-parete-vintage-rustico-canapa-corda-legno-ferro-e70\/","name":"Applique da parete Vintage, Rustico Canapa Corda Legno Ferro E70 - Doctor Quality - Staging","isPartOf":{"@id":"https:\/\/doctorquality.it\/staging\/#website"},"primaryImageOfPage":{"@id":"https:\/\/doctorquality.it\/staging\/prodotto\/applique-da-parete-vintage-rustico-canapa-corda-legno-ferro-e70\/#primaryimage"},"image":{"@id":"https:\/\/doctorquality.it\/staging\/prodotto\/applique-da-parete-vintage-rustico-canapa-corda-legno-ferro-e70\/#primaryimage"},"thumbnailUrl":"https:\/\/doctorquality.it\/staging\/wp-content\/uploads\/2025\/09\/uiuiu.jpg","datePublished":"2025-09-26T13:41:25+00:00","dateModified":"2026-04-28T10:25:17+00:00","breadcrumb":{"@id":"https:\/\/doctorquality.it\/staging\/prodotto\/applique-da-parete-vintage-rustico-canapa-corda-legno-ferro-e70\/#breadcrumb"},"inLanguage":"it-IT","potentialAction":[{"@type":"ReadAction","target":["https:\/\/doctorquality.it\/staging\/prodotto\/applique-da-parete-vintage-rustico-canapa-corda-legno-ferro-e70\/"]}]},{"@type":"ImageObject","inLanguage":"it-IT","@id":"https:\/\/doctorquality.it\/staging\/prodotto\/applique-da-parete-vintage-rustico-canapa-corda-legno-ferro-e70\/#primaryimage","url":"https:\/\/doctorquality.it\/staging\/wp-content\/uploads\/2025\/09\/uiuiu.jpg","contentUrl":"https:\/\/doctorquality.it\/staging\/wp-content\/uploads\/2025\/09\/uiuiu.jpg","width":680,"height":1007},{"@type":"BreadcrumbList","@id":"https:\/\/doctorquality.it\/staging\/prodotto\/applique-da-parete-vintage-rustico-canapa-corda-legno-ferro-e70\/#breadcrumb","itemListElement":[{"@type":"ListItem","position":1,"name":"Home","item":"https:\/\/doctorquality.it\/staging\/"},{"@type":"ListItem","position":2,"name":"Shop","item":"https:\/\/doctorquality.it\/staging\/shop\/"},{"@type":"ListItem","position":3,"name":"Applique da parete Vintage, Rustico Canapa Corda Legno Ferro E70"}]},{"@type":"WebSite","@id":"https:\/\/doctorquality.it\/staging\/#website","url":"https:\/\/doctorquality.it\/staging\/","name":"Doctor Quality - Staging","description":"I migliori Integratori e Medicinali al miglior prezzo online.","publisher":{"@id":"https:\/\/doctorquality.it\/staging\/#organization"},"potentialAction":[{"@type":"SearchAction","target":{"@type":"EntryPoint","urlTemplate":"https:\/\/doctorquality.it\/staging\/?s={search_term_string}"},"query-input":{"@type":"PropertyValueSpecification","valueRequired":true,"valueName":"search_term_string"}}],"inLanguage":"it-IT"},{"@type":"Organization","@id":"https:\/\/doctorquality.it\/staging\/#organization","name":"Doctor Quality - Staging","url":"https:\/\/doctorquality.it\/staging\/","logo":{"@type":"ImageObject","inLanguage":"it-IT","@id":"https:\/\/doctorquality.it\/staging\/#\/schema\/logo\/image\/","url":"https:\/\/doctorquality.it\/staging\/wp-content\/uploads\/2022\/04\/Doctor-Quality-Logo-1.png","contentUrl":"https:\/\/doctorquality.it\/staging\/wp-content\/uploads\/2022\/04\/Doctor-Quality-Logo-1.png","width":1000,"height":200,"caption":"Doctor Quality - Staging"},"image":{"@id":"https:\/\/doctorquality.it\/staging\/#\/schema\/logo\/image\/"}}]}},"tiered_pricing_type":"fixed","tiered_pricing_fixed_rules":[],"tiered_pricing_product_settings":{"layout":"default","base_unit_name":{"singular":null,"plural":null},"default_variation":null},"tiered_pricing_minimum_quantity":null,"tiered_pricing_roles_data":[],"tiered_pricing_percentage_rules":[],"_links":{"self":[{"href":"https:\/\/doctorquality.it\/staging\/wp-json\/wp\/v2\/product\/30277","targetHints":{"allow":["GET"]}}],"collection":[{"href":"https:\/\/doctorquality.it\/staging\/wp-json\/wp\/v2\/product"}],"about":[{"href":"https:\/\/doctorquality.it\/staging\/wp-json\/wp\/v2\/types\/product"}],"replies":[{"embeddable":true,"href":"https:\/\/doctorquality.it\/staging\/wp-json\/wp\/v2\/comments?post=30277"}],"wp:featuredmedia":[{"embeddable":true,"href":"https:\/\/doctorquality.it\/staging\/wp-json\/wp\/v2\/media\/30270"}],"wp:attachment":[{"href":"https:\/\/doctorquality.it\/staging\/wp-json\/wp\/v2\/media?parent=30277"}],"wp:term":[{"taxonomy":"product_cat","embeddable":true,"href":"https:\/\/doctorquality.it\/staging\/wp-json\/wp\/v2\/product_cat?post=30277"},{"taxonomy":"product_tag","embeddable":true,"href":"https:\/\/doctorquality.it\/staging\/wp-json\/wp\/v2\/product_tag?post=30277"}],"curies":[{"name":"wp","href":"https:\/\/api.w.org\/{rel}","templated":true}]}}