{"id":28884,"date":"2025-09-24T09:59:52","date_gmt":"2025-09-24T07:59:52","guid":{"rendered":"https:\/\/doctorquality.it\/staging\/prodotto\/tiragraffi-per-gatti-con-gioco-palla-24x26\/"},"modified":"2026-04-28T12:11:44","modified_gmt":"2026-04-28T10:11:44","slug":"tiragraffi-per-gatti-con-gioco-palla-24x26","status":"publish","type":"product","link":"https:\/\/doctorquality.it\/staging\/prodotto\/tiragraffi-per-gatti-con-gioco-palla-24x26\/","title":{"rendered":"Tiragraffi per gatti con gioco palla 24&#215;26"},"content":{"rendered":"<p>Questo bellissimo albero tiragraffi \u00e8 composto da una base, da 2 piattaforme dove il gatto potr\u00e0 riposarsi in totale tranquillit\u00e0 e da ben due palline con filo con cui il gatto potr\u00e0 giocare.<br \/>Realizzato con una solida struttura in sisal ideale per la cura delle unghie del gatto e foderata in morbido peluche resistente all&#8217;usura e ai graffi<br \/>Facilissimo da montare e doner\u00e0 a voi e al vostro amico a 4 zampe la gioia di avere tutto ci\u00f2 che avete sempre desiderato!<\/p>\n<p><strong>Contenuto del pacco<\/strong><\/p>\n<p>Nr.1 Tiragraffi<\/p>\n","protected":false},"excerpt":{"rendered":"<p>Questo bellissimo albero tiragraffi \u00e8 composto da una base, da 2 piattaforme dove il gatto potr\u00e0 riposarsi in totale tranquillit\u00e0 e da ben due palline con filo con cui il gatto potr\u00e0 giocare.Realizzato con una solida struttura in sisal ideale per la cura delle unghie del gatto e foderata in morbido peluche resistente all&#8217;usura e [&hellip;]<\/p>\n","protected":false},"featured_media":28883,"comment_status":"open","ping_status":"closed","template":"","meta":{"_acf_changed":false},"product_cat":[47],"product_tag":[],"class_list":{"0":"post-28884","1":"product","2":"type-product","3":"status-publish","4":"has-post-thumbnail","6":"product_cat-varie","8":"first","9":"instock","10":"taxable","11":"shipping-taxable","12":"purchasable","13":"product-type-simple"},"supplier_id":null,"supplier_sku":"","barcode":null,"atum_controlled":false,"out_stock_date":null,"out_stock_threshold":null,"inheritable":false,"inbound_stock":null,"stock_on_hold":0,"sold_today":0,"sales_last_days":0,"reserved_stock":null,"customer_returns":null,"warehouse_damage":null,"lost_in_post":null,"other_logs":null,"out_stock_days":0,"lost_sales":0,"has_location":null,"update_date":"2026-04-28T10:11:46","atum_locations":[],"atum_stock_status":"instock","restock_status":false,"low_stock_amount":"","sales_update_date":"2026-04-26T01:19:10","calc_backorders":null,"acf":[],"yoast_head":"<!-- This site is optimized with the Yoast SEO plugin v27.4 - https:\/\/yoast.com\/product\/yoast-seo-wordpress\/ -->\n<title>Tiragraffi per gatti con gioco palla 24x26 - Doctor Quality - Staging<\/title>\n<meta name=\"robots\" content=\"noindex, follow, max-snippet:-1, max-image-preview:large, max-video-preview:-1\" \/>\n<meta property=\"og:locale\" content=\"it_IT\" \/>\n<meta property=\"og:type\" content=\"article\" \/>\n<meta property=\"og:title\" content=\"Tiragraffi per gatti con gioco palla 24x26 - Doctor Quality - Staging\" \/>\n<meta property=\"og:description\" content=\"Questo bellissimo albero tiragraffi \u00e8 composto da una base, da 2 piattaforme dove il gatto potr\u00e0 riposarsi in totale tranquillit\u00e0 e da ben due palline con filo con cui il gatto potr\u00e0 giocare.Realizzato con una solida struttura in sisal ideale per la cura delle unghie del gatto e foderata in morbido peluche resistente all&#8217;usura e [&hellip;]\" \/>\n<meta property=\"og:url\" content=\"https:\/\/doctorquality.it\/staging\/prodotto\/tiragraffi-per-gatti-con-gioco-palla-24x26\/\" \/>\n<meta property=\"og:site_name\" content=\"Doctor Quality - Staging\" \/>\n<meta property=\"article:modified_time\" content=\"2026-04-28T10:11:44+00:00\" \/>\n<meta property=\"og:image\" content=\"https:\/\/doctorquality.it\/staging\/wp-content\/uploads\/2025\/09\/a1991d19-571b-46f8-867f-5b1e2cdc6955.jpeg\" \/>\n\t<meta property=\"og:image:width\" content=\"850\" \/>\n\t<meta property=\"og:image:height\" content=\"877\" \/>\n\t<meta property=\"og:image:type\" content=\"image\/jpeg\" \/>\n<meta name=\"twitter:card\" content=\"summary_large_image\" \/>\n<script type=\"application\/ld+json\" class=\"yoast-schema-graph\">{\"@context\":\"https:\\\/\\\/schema.org\",\"@graph\":[{\"@type\":\"WebPage\",\"@id\":\"https:\\\/\\\/doctorquality.it\\\/staging\\\/prodotto\\\/tiragraffi-per-gatti-con-gioco-palla-24x26\\\/\",\"url\":\"https:\\\/\\\/doctorquality.it\\\/staging\\\/prodotto\\\/tiragraffi-per-gatti-con-gioco-palla-24x26\\\/\",\"name\":\"Tiragraffi per gatti con gioco palla 24x26 - Doctor Quality - Staging\",\"isPartOf\":{\"@id\":\"https:\\\/\\\/doctorquality.it\\\/staging\\\/#website\"},\"primaryImageOfPage\":{\"@id\":\"https:\\\/\\\/doctorquality.it\\\/staging\\\/prodotto\\\/tiragraffi-per-gatti-con-gioco-palla-24x26\\\/#primaryimage\"},\"image\":{\"@id\":\"https:\\\/\\\/doctorquality.it\\\/staging\\\/prodotto\\\/tiragraffi-per-gatti-con-gioco-palla-24x26\\\/#primaryimage\"},\"thumbnailUrl\":\"https:\\\/\\\/doctorquality.it\\\/staging\\\/wp-content\\\/uploads\\\/2025\\\/09\\\/a1991d19-571b-46f8-867f-5b1e2cdc6955.jpeg\",\"datePublished\":\"2025-09-24T07:59:52+00:00\",\"dateModified\":\"2026-04-28T10:11:44+00:00\",\"breadcrumb\":{\"@id\":\"https:\\\/\\\/doctorquality.it\\\/staging\\\/prodotto\\\/tiragraffi-per-gatti-con-gioco-palla-24x26\\\/#breadcrumb\"},\"inLanguage\":\"it-IT\",\"potentialAction\":[{\"@type\":\"ReadAction\",\"target\":[\"https:\\\/\\\/doctorquality.it\\\/staging\\\/prodotto\\\/tiragraffi-per-gatti-con-gioco-palla-24x26\\\/\"]}]},{\"@type\":\"ImageObject\",\"inLanguage\":\"it-IT\",\"@id\":\"https:\\\/\\\/doctorquality.it\\\/staging\\\/prodotto\\\/tiragraffi-per-gatti-con-gioco-palla-24x26\\\/#primaryimage\",\"url\":\"https:\\\/\\\/doctorquality.it\\\/staging\\\/wp-content\\\/uploads\\\/2025\\\/09\\\/a1991d19-571b-46f8-867f-5b1e2cdc6955.jpeg\",\"contentUrl\":\"https:\\\/\\\/doctorquality.it\\\/staging\\\/wp-content\\\/uploads\\\/2025\\\/09\\\/a1991d19-571b-46f8-867f-5b1e2cdc6955.jpeg\",\"width\":850,\"height\":877},{\"@type\":\"BreadcrumbList\",\"@id\":\"https:\\\/\\\/doctorquality.it\\\/staging\\\/prodotto\\\/tiragraffi-per-gatti-con-gioco-palla-24x26\\\/#breadcrumb\",\"itemListElement\":[{\"@type\":\"ListItem\",\"position\":1,\"name\":\"Home\",\"item\":\"https:\\\/\\\/doctorquality.it\\\/staging\\\/\"},{\"@type\":\"ListItem\",\"position\":2,\"name\":\"Shop\",\"item\":\"https:\\\/\\\/doctorquality.it\\\/staging\\\/shop\\\/\"},{\"@type\":\"ListItem\",\"position\":3,\"name\":\"Tiragraffi per gatti con gioco palla 24&#215;26\"}]},{\"@type\":\"WebSite\",\"@id\":\"https:\\\/\\\/doctorquality.it\\\/staging\\\/#website\",\"url\":\"https:\\\/\\\/doctorquality.it\\\/staging\\\/\",\"name\":\"Doctor Quality - Staging\",\"description\":\"I migliori Integratori e Medicinali al miglior prezzo online.\",\"publisher\":{\"@id\":\"https:\\\/\\\/doctorquality.it\\\/staging\\\/#organization\"},\"potentialAction\":[{\"@type\":\"SearchAction\",\"target\":{\"@type\":\"EntryPoint\",\"urlTemplate\":\"https:\\\/\\\/doctorquality.it\\\/staging\\\/?s={search_term_string}\"},\"query-input\":{\"@type\":\"PropertyValueSpecification\",\"valueRequired\":true,\"valueName\":\"search_term_string\"}}],\"inLanguage\":\"it-IT\"},{\"@type\":\"Organization\",\"@id\":\"https:\\\/\\\/doctorquality.it\\\/staging\\\/#organization\",\"name\":\"Doctor Quality - Staging\",\"url\":\"https:\\\/\\\/doctorquality.it\\\/staging\\\/\",\"logo\":{\"@type\":\"ImageObject\",\"inLanguage\":\"it-IT\",\"@id\":\"https:\\\/\\\/doctorquality.it\\\/staging\\\/#\\\/schema\\\/logo\\\/image\\\/\",\"url\":\"https:\\\/\\\/doctorquality.it\\\/staging\\\/wp-content\\\/uploads\\\/2022\\\/04\\\/Doctor-Quality-Logo-1.png\",\"contentUrl\":\"https:\\\/\\\/doctorquality.it\\\/staging\\\/wp-content\\\/uploads\\\/2022\\\/04\\\/Doctor-Quality-Logo-1.png\",\"width\":1000,\"height\":200,\"caption\":\"Doctor Quality - Staging\"},\"image\":{\"@id\":\"https:\\\/\\\/doctorquality.it\\\/staging\\\/#\\\/schema\\\/logo\\\/image\\\/\"}}]}<\/script>\n<!-- \/ Yoast SEO plugin. -->","yoast_head_json":{"title":"Tiragraffi per gatti con gioco palla 24x26 - Doctor Quality - Staging","robots":{"index":"noindex","follow":"follow","max-snippet":"max-snippet:-1","max-image-preview":"max-image-preview:large","max-video-preview":"max-video-preview:-1"},"og_locale":"it_IT","og_type":"article","og_title":"Tiragraffi per gatti con gioco palla 24x26 - Doctor Quality - Staging","og_description":"Questo bellissimo albero tiragraffi \u00e8 composto da una base, da 2 piattaforme dove il gatto potr\u00e0 riposarsi in totale tranquillit\u00e0 e da ben due palline con filo con cui il gatto potr\u00e0 giocare.Realizzato con una solida struttura in sisal ideale per la cura delle unghie del gatto e foderata in morbido peluche resistente all&#8217;usura e [&hellip;]","og_url":"https:\/\/doctorquality.it\/staging\/prodotto\/tiragraffi-per-gatti-con-gioco-palla-24x26\/","og_site_name":"Doctor Quality - Staging","article_modified_time":"2026-04-28T10:11:44+00:00","og_image":[{"width":850,"height":877,"url":"https:\/\/doctorquality.it\/staging\/wp-content\/uploads\/2025\/09\/a1991d19-571b-46f8-867f-5b1e2cdc6955.jpeg","type":"image\/jpeg"}],"twitter_card":"summary_large_image","schema":{"@context":"https:\/\/schema.org","@graph":[{"@type":"WebPage","@id":"https:\/\/doctorquality.it\/staging\/prodotto\/tiragraffi-per-gatti-con-gioco-palla-24x26\/","url":"https:\/\/doctorquality.it\/staging\/prodotto\/tiragraffi-per-gatti-con-gioco-palla-24x26\/","name":"Tiragraffi per gatti con gioco palla 24x26 - Doctor Quality - Staging","isPartOf":{"@id":"https:\/\/doctorquality.it\/staging\/#website"},"primaryImageOfPage":{"@id":"https:\/\/doctorquality.it\/staging\/prodotto\/tiragraffi-per-gatti-con-gioco-palla-24x26\/#primaryimage"},"image":{"@id":"https:\/\/doctorquality.it\/staging\/prodotto\/tiragraffi-per-gatti-con-gioco-palla-24x26\/#primaryimage"},"thumbnailUrl":"https:\/\/doctorquality.it\/staging\/wp-content\/uploads\/2025\/09\/a1991d19-571b-46f8-867f-5b1e2cdc6955.jpeg","datePublished":"2025-09-24T07:59:52+00:00","dateModified":"2026-04-28T10:11:44+00:00","breadcrumb":{"@id":"https:\/\/doctorquality.it\/staging\/prodotto\/tiragraffi-per-gatti-con-gioco-palla-24x26\/#breadcrumb"},"inLanguage":"it-IT","potentialAction":[{"@type":"ReadAction","target":["https:\/\/doctorquality.it\/staging\/prodotto\/tiragraffi-per-gatti-con-gioco-palla-24x26\/"]}]},{"@type":"ImageObject","inLanguage":"it-IT","@id":"https:\/\/doctorquality.it\/staging\/prodotto\/tiragraffi-per-gatti-con-gioco-palla-24x26\/#primaryimage","url":"https:\/\/doctorquality.it\/staging\/wp-content\/uploads\/2025\/09\/a1991d19-571b-46f8-867f-5b1e2cdc6955.jpeg","contentUrl":"https:\/\/doctorquality.it\/staging\/wp-content\/uploads\/2025\/09\/a1991d19-571b-46f8-867f-5b1e2cdc6955.jpeg","width":850,"height":877},{"@type":"BreadcrumbList","@id":"https:\/\/doctorquality.it\/staging\/prodotto\/tiragraffi-per-gatti-con-gioco-palla-24x26\/#breadcrumb","itemListElement":[{"@type":"ListItem","position":1,"name":"Home","item":"https:\/\/doctorquality.it\/staging\/"},{"@type":"ListItem","position":2,"name":"Shop","item":"https:\/\/doctorquality.it\/staging\/shop\/"},{"@type":"ListItem","position":3,"name":"Tiragraffi per gatti con gioco palla 24&#215;26"}]},{"@type":"WebSite","@id":"https:\/\/doctorquality.it\/staging\/#website","url":"https:\/\/doctorquality.it\/staging\/","name":"Doctor Quality - Staging","description":"I migliori Integratori e Medicinali al miglior prezzo online.","publisher":{"@id":"https:\/\/doctorquality.it\/staging\/#organization"},"potentialAction":[{"@type":"SearchAction","target":{"@type":"EntryPoint","urlTemplate":"https:\/\/doctorquality.it\/staging\/?s={search_term_string}"},"query-input":{"@type":"PropertyValueSpecification","valueRequired":true,"valueName":"search_term_string"}}],"inLanguage":"it-IT"},{"@type":"Organization","@id":"https:\/\/doctorquality.it\/staging\/#organization","name":"Doctor Quality - Staging","url":"https:\/\/doctorquality.it\/staging\/","logo":{"@type":"ImageObject","inLanguage":"it-IT","@id":"https:\/\/doctorquality.it\/staging\/#\/schema\/logo\/image\/","url":"https:\/\/doctorquality.it\/staging\/wp-content\/uploads\/2022\/04\/Doctor-Quality-Logo-1.png","contentUrl":"https:\/\/doctorquality.it\/staging\/wp-content\/uploads\/2022\/04\/Doctor-Quality-Logo-1.png","width":1000,"height":200,"caption":"Doctor Quality - Staging"},"image":{"@id":"https:\/\/doctorquality.it\/staging\/#\/schema\/logo\/image\/"}}]}},"tiered_pricing_type":"fixed","tiered_pricing_fixed_rules":[],"tiered_pricing_product_settings":{"layout":"default","base_unit_name":{"singular":null,"plural":null},"default_variation":null},"tiered_pricing_minimum_quantity":null,"tiered_pricing_roles_data":[],"tiered_pricing_percentage_rules":[],"_links":{"self":[{"href":"https:\/\/doctorquality.it\/staging\/wp-json\/wp\/v2\/product\/28884","targetHints":{"allow":["GET"]}}],"collection":[{"href":"https:\/\/doctorquality.it\/staging\/wp-json\/wp\/v2\/product"}],"about":[{"href":"https:\/\/doctorquality.it\/staging\/wp-json\/wp\/v2\/types\/product"}],"replies":[{"embeddable":true,"href":"https:\/\/doctorquality.it\/staging\/wp-json\/wp\/v2\/comments?post=28884"}],"wp:featuredmedia":[{"embeddable":true,"href":"https:\/\/doctorquality.it\/staging\/wp-json\/wp\/v2\/media\/28883"}],"wp:attachment":[{"href":"https:\/\/doctorquality.it\/staging\/wp-json\/wp\/v2\/media?parent=28884"}],"wp:term":[{"taxonomy":"product_cat","embeddable":true,"href":"https:\/\/doctorquality.it\/staging\/wp-json\/wp\/v2\/product_cat?post=28884"},{"taxonomy":"product_tag","embeddable":true,"href":"https:\/\/doctorquality.it\/staging\/wp-json\/wp\/v2\/product_tag?post=28884"}],"curies":[{"name":"wp","href":"https:\/\/api.w.org\/{rel}","templated":true}]}}