{"id":27929,"date":"2025-09-11T18:28:03","date_gmt":"2025-09-11T16:28:03","guid":{"rendered":"https:\/\/doctorquality.it\/staging\/?post_type=product&#038;p=27929"},"modified":"2026-01-23T10:22:48","modified_gmt":"2026-01-23T09:22:48","slug":"veleno-topi-ratto-shock-kit-completo-con-esche-e-trappole-adesive","status":"publish","type":"product","link":"https:\/\/doctorquality.it\/staging\/prodotto\/veleno-topi-ratto-shock-kit-completo-con-esche-e-trappole-adesive\/","title":{"rendered":"Veleno per topi RATTO SHOCK: Kit Completo con Esche e Tavolette Adesive"},"content":{"rendered":"<p>Stai cercando una soluzione definitiva e professionale per liberarti da topi e ratti? Il <b>Veleno Topi RATTO SHOCK<\/b> \u00e8 il <b>kit rodenticida completo<\/b> che ti offre una doppia azione per un controllo efficace degli infestanti. Progettato e <b>Made in Italy<\/b>, questo kit combina l&#8217;estrema attrattiva delle <b>esche in pasta fresca<\/b> con l&#8217;efficacia immediata delle <b>tavolette adesive<\/b>, garantendoti un ambiente domestico o lavorativo libero da ospiti indesiderati.<\/p>\n<p>Il <b>Kit RATTO SHOCK<\/b> include:<\/p>\n<ul>\n<li style=\"list-style-type: none;\">\n<ul>\n<li><b>150 grammi di esche per topi in pasta fresca:<\/b> formulate per essere irresistibili per topi e ratti, agiscono rapidamente e sono facili da posizionare in sicurezza. La pasta fresca \u00e8 particolarmente apprezzata dai roditori, garantendo un&#8217;alta percentuale di accettazione.<\/li>\n<li><b>2 Tavolette Adesive:<\/b> trappole robuste e pronte all&#8217;uso, ideali per catture mirate in aree di passaggio o dove l&#8217;uso di veleno \u00e8 sconsigliato. Catturano i roditori in modo pulito e sicuro, senza l&#8217;uso di sostanze chimiche attive.<\/li>\n<\/ul>\n<\/li>\n<\/ul>\n<p>&nbsp;<\/p>\n<p>Questo <b>veleno per topi professionale<\/b> \u00e8 studiato per un <b>uso sicuro<\/b> ed efficace. Le esche sono pensate per essere inserite in appositi contenitori di sicurezza (non inclusi, ma fortemente raccomandati) per proteggere bambini e animali domestici non target. Che tu debba affrontare un&#8217;infestazione in casa, in cantina, nel garage o in giardino, il <b>Rodenticida RATTO SHOCK<\/b> ti offre la massima affidabilit\u00e0.<\/p>\n<p>Scegli la qualit\u00e0 e l&#8217;esperienza italiana per un&#8217;azione rapida contro i roditori. Con il <b>Kit RATTO SHOCK<\/b>, otterrai una soluzione completa per il <b>controllo dei topi<\/b> e la protezione della tua propriet\u00e0.<\/p>\n<p>&nbsp;<\/p>\n<p>Leggi le recesioni dei clienti che lo hanno gia&#8217; provato e se vuoi acquistalo direttamente su amazon qui\u00a0<a href=\"https:\/\/tinyurl.com\/mr42vs2n\">https:\/\/tinyurl.com\/mr42vs2n<\/a><\/p>\n<p>&nbsp;<\/p>\n<ul>\n<li><b>Veleno Topi RATTO SHOCK<\/b><\/li>\n<li><b>Kit Rodenticida Completo<\/b><\/li>\n<li><b>Esche per topi in pasta fresca<\/b><\/li>\n<li><b>Trappole adesive topi<\/b><\/li>\n<li><b>Rodenticida Made in Italy<\/b><\/li>\n<li><b>Controllo topi professionale<\/b><\/li>\n<li><b>Eliminare topi e ratti<\/b><\/li>\n<li><b>Soluzione anti-topo<\/b><\/li>\n<li><b>Veleno per ratti efficace<\/b><\/li>\n<li><b>Trappole per topi adesive<\/b><\/li>\n<li><b>Esche ratti\u00a0<\/b><\/li>\n<li><b>Prodotti anti-roditori<\/b><\/li>\n<li><b>Disinfestazione topi fai da te<\/b><\/li>\n<li><b>Acquista veleno topi<\/b><\/li>\n<li><b>Kit anti-infestanti<\/b><\/li>\n<li>Acquistalo anche qui : <a href=\"https:\/\/tinyurl.com\/mr42vs2n\">https:\/\/tinyurl.com\/mr42vs2n<\/a><\/li>\n<\/ul>\n","protected":false},"excerpt":{"rendered":"<p>Veleno Topi RATTO SHOCK \u00e8 un kit rodenticida completo, ideato e prodotto in Italia, per la derattizzazione di case e giardini.<\/p>\n<p>La sua formula si basa su un principio attivo anticoagulante che agisce in modo letale sui roditori, ma la sua particolarit\u00e0 \u00e8 la &#8220;sicurezza&#8221;: \u00e8 progettato per essere meno pericoloso per animali domestici e bambini rispetto ad altri veleni per topi.<\/p>\n<p>Il kit include esche pronte all&#8217;uso e contenitori di sicurezza (chiamati &#8220;erogatori di esche&#8221;) per evitare il contatto diretto con il veleno. Questo sistema a prova di manomissione assicura che solo i topi possano accedere all&#8217;esca, riducendo ulteriormente i rischi per gli altri animali e le persone.<\/p>\n<p>In sintesi, Ratto Shock offre una soluzione efficace, ma anche attenta alla sicurezza, per combattere le infestazioni di roditori in ambienti domestici e esterni.<\/p>\n<p>Puoi leggere le recensioni e se vuoi anche acquistarlo su amazon qui :\u00a0<a href=\"https:\/\/tinyurl.com\/mr42vs2n\">https:\/\/tinyurl.com\/mr42vs2n<\/a><\/p>\n","protected":false},"featured_media":27930,"comment_status":"open","ping_status":"closed","template":"","meta":{"_acf_changed":false},"product_cat":[47],"product_tag":[],"class_list":{"0":"post-27929","1":"product","2":"type-product","3":"status-publish","4":"has-post-thumbnail","6":"product_brand-ratto-shock","7":"product_cat-varie","9":"first","10":"instock","11":"taxable","12":"shipping-taxable","13":"purchasable","14":"product-type-simple"},"supplier_id":null,"supplier_sku":"","barcode":null,"atum_controlled":true,"out_stock_date":null,"out_stock_threshold":null,"inheritable":false,"inbound_stock":null,"stock_on_hold":0,"sold_today":0,"sales_last_days":0,"reserved_stock":null,"customer_returns":null,"warehouse_damage":null,"lost_in_post":null,"other_logs":null,"out_stock_days":0,"lost_sales":0,"has_location":false,"update_date":"2026-04-27T01:14:30","atum_locations":[],"atum_stock_status":"instock","restock_status":false,"low_stock_amount":"","sales_update_date":"2026-04-27T01:14:30","calc_backorders":null,"acf":[],"yoast_head":"<!-- This site is optimized with the Yoast SEO plugin v27.4 - https:\/\/yoast.com\/product\/yoast-seo-wordpress\/ -->\n<title>Veleno per topi RATTO SHOCK: Kit Completo con Esche e Tavolette Adesive - Doctor Quality - Staging<\/title>\n<meta name=\"robots\" content=\"noindex, follow, max-snippet:-1, max-image-preview:large, max-video-preview:-1\" \/>\n<meta property=\"og:locale\" content=\"it_IT\" \/>\n<meta property=\"og:type\" content=\"article\" \/>\n<meta property=\"og:title\" content=\"Veleno per topi RATTO SHOCK: Kit Completo con Esche e Tavolette Adesive - Doctor Quality - Staging\" \/>\n<meta property=\"og:description\" content=\"Veleno Topi RATTO SHOCK \u00e8 un kit rodenticida completo, ideato e prodotto in Italia, per la derattizzazione di case e giardini.  La sua formula si basa su un principio attivo anticoagulante che agisce in modo letale sui roditori, ma la sua particolarit\u00e0 \u00e8 la &quot;sicurezza&quot;: \u00e8 progettato per essere meno pericoloso per animali domestici e bambini rispetto ad altri veleni per topi.  Il kit include esche pronte all&#039;uso e contenitori di sicurezza (chiamati &quot;erogatori di esche&quot;) per evitare il contatto diretto con il veleno. Questo sistema a prova di manomissione assicura che solo i topi possano accedere all&#039;esca, riducendo ulteriormente i rischi per gli altri animali e le persone.  In sintesi, Ratto Shock offre una soluzione efficace, ma anche attenta alla sicurezza, per combattere le infestazioni di roditori in ambienti domestici e esterni.  Puoi leggere le recensioni e se vuoi anche acquistarlo su amazon qui :\u00a0https:\/\/tinyurl.com\/mr42vs2n\" \/>\n<meta property=\"og:url\" content=\"https:\/\/doctorquality.it\/staging\/prodotto\/veleno-topi-ratto-shock-kit-completo-con-esche-e-trappole-adesive\/\" \/>\n<meta property=\"og:site_name\" content=\"Doctor Quality - Staging\" \/>\n<meta property=\"article:modified_time\" content=\"2026-01-23T09:22:48+00:00\" \/>\n<meta property=\"og:image\" content=\"https:\/\/doctorquality.it\/staging\/wp-content\/uploads\/2025\/09\/1-1024x1024.png\" \/>\n\t<meta property=\"og:image:width\" content=\"1024\" \/>\n\t<meta property=\"og:image:height\" content=\"1024\" \/>\n\t<meta property=\"og:image:type\" content=\"image\/png\" \/>\n<meta name=\"twitter:card\" content=\"summary_large_image\" \/>\n<meta name=\"twitter:label1\" content=\"Tempo di lettura stimato\" \/>\n\t<meta name=\"twitter:data1\" content=\"2 minuti\" \/>\n<script type=\"application\/ld+json\" class=\"yoast-schema-graph\">{\"@context\":\"https:\\\/\\\/schema.org\",\"@graph\":[{\"@type\":\"WebPage\",\"@id\":\"https:\\\/\\\/doctorquality.it\\\/staging\\\/prodotto\\\/veleno-topi-ratto-shock-kit-completo-con-esche-e-trappole-adesive\\\/\",\"url\":\"https:\\\/\\\/doctorquality.it\\\/staging\\\/prodotto\\\/veleno-topi-ratto-shock-kit-completo-con-esche-e-trappole-adesive\\\/\",\"name\":\"Veleno per topi RATTO SHOCK: Kit Completo con Esche e Tavolette Adesive - Doctor Quality - Staging\",\"isPartOf\":{\"@id\":\"https:\\\/\\\/doctorquality.it\\\/staging\\\/#website\"},\"primaryImageOfPage\":{\"@id\":\"https:\\\/\\\/doctorquality.it\\\/staging\\\/prodotto\\\/veleno-topi-ratto-shock-kit-completo-con-esche-e-trappole-adesive\\\/#primaryimage\"},\"image\":{\"@id\":\"https:\\\/\\\/doctorquality.it\\\/staging\\\/prodotto\\\/veleno-topi-ratto-shock-kit-completo-con-esche-e-trappole-adesive\\\/#primaryimage\"},\"thumbnailUrl\":\"https:\\\/\\\/doctorquality.it\\\/staging\\\/wp-content\\\/uploads\\\/2025\\\/09\\\/1.png\",\"datePublished\":\"2025-09-11T16:28:03+00:00\",\"dateModified\":\"2026-01-23T09:22:48+00:00\",\"breadcrumb\":{\"@id\":\"https:\\\/\\\/doctorquality.it\\\/staging\\\/prodotto\\\/veleno-topi-ratto-shock-kit-completo-con-esche-e-trappole-adesive\\\/#breadcrumb\"},\"inLanguage\":\"it-IT\",\"potentialAction\":[{\"@type\":\"ReadAction\",\"target\":[\"https:\\\/\\\/doctorquality.it\\\/staging\\\/prodotto\\\/veleno-topi-ratto-shock-kit-completo-con-esche-e-trappole-adesive\\\/\"]}]},{\"@type\":\"ImageObject\",\"inLanguage\":\"it-IT\",\"@id\":\"https:\\\/\\\/doctorquality.it\\\/staging\\\/prodotto\\\/veleno-topi-ratto-shock-kit-completo-con-esche-e-trappole-adesive\\\/#primaryimage\",\"url\":\"https:\\\/\\\/doctorquality.it\\\/staging\\\/wp-content\\\/uploads\\\/2025\\\/09\\\/1.png\",\"contentUrl\":\"https:\\\/\\\/doctorquality.it\\\/staging\\\/wp-content\\\/uploads\\\/2025\\\/09\\\/1.png\",\"width\":1500,\"height\":1500},{\"@type\":\"BreadcrumbList\",\"@id\":\"https:\\\/\\\/doctorquality.it\\\/staging\\\/prodotto\\\/veleno-topi-ratto-shock-kit-completo-con-esche-e-trappole-adesive\\\/#breadcrumb\",\"itemListElement\":[{\"@type\":\"ListItem\",\"position\":1,\"name\":\"Home\",\"item\":\"https:\\\/\\\/doctorquality.it\\\/staging\\\/\"},{\"@type\":\"ListItem\",\"position\":2,\"name\":\"Shop\",\"item\":\"https:\\\/\\\/doctorquality.it\\\/staging\\\/shop\\\/\"},{\"@type\":\"ListItem\",\"position\":3,\"name\":\"Veleno per topi RATTO SHOCK: Kit Completo con Esche e Tavolette Adesive\"}]},{\"@type\":\"WebSite\",\"@id\":\"https:\\\/\\\/doctorquality.it\\\/staging\\\/#website\",\"url\":\"https:\\\/\\\/doctorquality.it\\\/staging\\\/\",\"name\":\"Doctor Quality - Staging\",\"description\":\"I migliori Integratori e Medicinali al miglior prezzo online.\",\"publisher\":{\"@id\":\"https:\\\/\\\/doctorquality.it\\\/staging\\\/#organization\"},\"potentialAction\":[{\"@type\":\"SearchAction\",\"target\":{\"@type\":\"EntryPoint\",\"urlTemplate\":\"https:\\\/\\\/doctorquality.it\\\/staging\\\/?s={search_term_string}\"},\"query-input\":{\"@type\":\"PropertyValueSpecification\",\"valueRequired\":true,\"valueName\":\"search_term_string\"}}],\"inLanguage\":\"it-IT\"},{\"@type\":\"Organization\",\"@id\":\"https:\\\/\\\/doctorquality.it\\\/staging\\\/#organization\",\"name\":\"Doctor Quality - Staging\",\"url\":\"https:\\\/\\\/doctorquality.it\\\/staging\\\/\",\"logo\":{\"@type\":\"ImageObject\",\"inLanguage\":\"it-IT\",\"@id\":\"https:\\\/\\\/doctorquality.it\\\/staging\\\/#\\\/schema\\\/logo\\\/image\\\/\",\"url\":\"https:\\\/\\\/doctorquality.it\\\/staging\\\/wp-content\\\/uploads\\\/2022\\\/04\\\/Doctor-Quality-Logo-1.png\",\"contentUrl\":\"https:\\\/\\\/doctorquality.it\\\/staging\\\/wp-content\\\/uploads\\\/2022\\\/04\\\/Doctor-Quality-Logo-1.png\",\"width\":1000,\"height\":200,\"caption\":\"Doctor Quality - Staging\"},\"image\":{\"@id\":\"https:\\\/\\\/doctorquality.it\\\/staging\\\/#\\\/schema\\\/logo\\\/image\\\/\"}}]}<\/script>\n<!-- \/ Yoast SEO plugin. -->","yoast_head_json":{"title":"Veleno per topi RATTO SHOCK: Kit Completo con Esche e Tavolette Adesive - Doctor Quality - Staging","robots":{"index":"noindex","follow":"follow","max-snippet":"max-snippet:-1","max-image-preview":"max-image-preview:large","max-video-preview":"max-video-preview:-1"},"og_locale":"it_IT","og_type":"article","og_title":"Veleno per topi RATTO SHOCK: Kit Completo con Esche e Tavolette Adesive - Doctor Quality - Staging","og_description":"Veleno Topi RATTO SHOCK \u00e8 un kit rodenticida completo, ideato e prodotto in Italia, per la derattizzazione di case e giardini.  La sua formula si basa su un principio attivo anticoagulante che agisce in modo letale sui roditori, ma la sua particolarit\u00e0 \u00e8 la \"sicurezza\": \u00e8 progettato per essere meno pericoloso per animali domestici e bambini rispetto ad altri veleni per topi.  Il kit include esche pronte all'uso e contenitori di sicurezza (chiamati \"erogatori di esche\") per evitare il contatto diretto con il veleno. Questo sistema a prova di manomissione assicura che solo i topi possano accedere all'esca, riducendo ulteriormente i rischi per gli altri animali e le persone.  In sintesi, Ratto Shock offre una soluzione efficace, ma anche attenta alla sicurezza, per combattere le infestazioni di roditori in ambienti domestici e esterni.  Puoi leggere le recensioni e se vuoi anche acquistarlo su amazon qui :\u00a0https:\/\/tinyurl.com\/mr42vs2n","og_url":"https:\/\/doctorquality.it\/staging\/prodotto\/veleno-topi-ratto-shock-kit-completo-con-esche-e-trappole-adesive\/","og_site_name":"Doctor Quality - Staging","article_modified_time":"2026-01-23T09:22:48+00:00","og_image":[{"width":1024,"height":1024,"url":"https:\/\/doctorquality.it\/staging\/wp-content\/uploads\/2025\/09\/1-1024x1024.png","type":"image\/png"}],"twitter_card":"summary_large_image","twitter_misc":{"Tempo di lettura stimato":"2 minuti"},"schema":{"@context":"https:\/\/schema.org","@graph":[{"@type":"WebPage","@id":"https:\/\/doctorquality.it\/staging\/prodotto\/veleno-topi-ratto-shock-kit-completo-con-esche-e-trappole-adesive\/","url":"https:\/\/doctorquality.it\/staging\/prodotto\/veleno-topi-ratto-shock-kit-completo-con-esche-e-trappole-adesive\/","name":"Veleno per topi RATTO SHOCK: Kit Completo con Esche e Tavolette Adesive - Doctor Quality - Staging","isPartOf":{"@id":"https:\/\/doctorquality.it\/staging\/#website"},"primaryImageOfPage":{"@id":"https:\/\/doctorquality.it\/staging\/prodotto\/veleno-topi-ratto-shock-kit-completo-con-esche-e-trappole-adesive\/#primaryimage"},"image":{"@id":"https:\/\/doctorquality.it\/staging\/prodotto\/veleno-topi-ratto-shock-kit-completo-con-esche-e-trappole-adesive\/#primaryimage"},"thumbnailUrl":"https:\/\/doctorquality.it\/staging\/wp-content\/uploads\/2025\/09\/1.png","datePublished":"2025-09-11T16:28:03+00:00","dateModified":"2026-01-23T09:22:48+00:00","breadcrumb":{"@id":"https:\/\/doctorquality.it\/staging\/prodotto\/veleno-topi-ratto-shock-kit-completo-con-esche-e-trappole-adesive\/#breadcrumb"},"inLanguage":"it-IT","potentialAction":[{"@type":"ReadAction","target":["https:\/\/doctorquality.it\/staging\/prodotto\/veleno-topi-ratto-shock-kit-completo-con-esche-e-trappole-adesive\/"]}]},{"@type":"ImageObject","inLanguage":"it-IT","@id":"https:\/\/doctorquality.it\/staging\/prodotto\/veleno-topi-ratto-shock-kit-completo-con-esche-e-trappole-adesive\/#primaryimage","url":"https:\/\/doctorquality.it\/staging\/wp-content\/uploads\/2025\/09\/1.png","contentUrl":"https:\/\/doctorquality.it\/staging\/wp-content\/uploads\/2025\/09\/1.png","width":1500,"height":1500},{"@type":"BreadcrumbList","@id":"https:\/\/doctorquality.it\/staging\/prodotto\/veleno-topi-ratto-shock-kit-completo-con-esche-e-trappole-adesive\/#breadcrumb","itemListElement":[{"@type":"ListItem","position":1,"name":"Home","item":"https:\/\/doctorquality.it\/staging\/"},{"@type":"ListItem","position":2,"name":"Shop","item":"https:\/\/doctorquality.it\/staging\/shop\/"},{"@type":"ListItem","position":3,"name":"Veleno per topi RATTO SHOCK: Kit Completo con Esche e Tavolette Adesive"}]},{"@type":"WebSite","@id":"https:\/\/doctorquality.it\/staging\/#website","url":"https:\/\/doctorquality.it\/staging\/","name":"Doctor Quality - Staging","description":"I migliori Integratori e Medicinali al miglior prezzo online.","publisher":{"@id":"https:\/\/doctorquality.it\/staging\/#organization"},"potentialAction":[{"@type":"SearchAction","target":{"@type":"EntryPoint","urlTemplate":"https:\/\/doctorquality.it\/staging\/?s={search_term_string}"},"query-input":{"@type":"PropertyValueSpecification","valueRequired":true,"valueName":"search_term_string"}}],"inLanguage":"it-IT"},{"@type":"Organization","@id":"https:\/\/doctorquality.it\/staging\/#organization","name":"Doctor Quality - Staging","url":"https:\/\/doctorquality.it\/staging\/","logo":{"@type":"ImageObject","inLanguage":"it-IT","@id":"https:\/\/doctorquality.it\/staging\/#\/schema\/logo\/image\/","url":"https:\/\/doctorquality.it\/staging\/wp-content\/uploads\/2022\/04\/Doctor-Quality-Logo-1.png","contentUrl":"https:\/\/doctorquality.it\/staging\/wp-content\/uploads\/2022\/04\/Doctor-Quality-Logo-1.png","width":1000,"height":200,"caption":"Doctor Quality - Staging"},"image":{"@id":"https:\/\/doctorquality.it\/staging\/#\/schema\/logo\/image\/"}}]}},"tiered_pricing_type":"fixed","tiered_pricing_fixed_rules":[],"tiered_pricing_product_settings":{"layout":"default","base_unit_name":{"singular":null,"plural":null},"default_variation":null},"tiered_pricing_minimum_quantity":null,"tiered_pricing_roles_data":[],"tiered_pricing_percentage_rules":[],"_links":{"self":[{"href":"https:\/\/doctorquality.it\/staging\/wp-json\/wp\/v2\/product\/27929","targetHints":{"allow":["GET"]}}],"collection":[{"href":"https:\/\/doctorquality.it\/staging\/wp-json\/wp\/v2\/product"}],"about":[{"href":"https:\/\/doctorquality.it\/staging\/wp-json\/wp\/v2\/types\/product"}],"replies":[{"embeddable":true,"href":"https:\/\/doctorquality.it\/staging\/wp-json\/wp\/v2\/comments?post=27929"}],"wp:featuredmedia":[{"embeddable":true,"href":"https:\/\/doctorquality.it\/staging\/wp-json\/wp\/v2\/media\/27930"}],"wp:attachment":[{"href":"https:\/\/doctorquality.it\/staging\/wp-json\/wp\/v2\/media?parent=27929"}],"wp:term":[{"taxonomy":"product_cat","embeddable":true,"href":"https:\/\/doctorquality.it\/staging\/wp-json\/wp\/v2\/product_cat?post=27929"},{"taxonomy":"product_tag","embeddable":true,"href":"https:\/\/doctorquality.it\/staging\/wp-json\/wp\/v2\/product_tag?post=27929"}],"curies":[{"name":"wp","href":"https:\/\/api.w.org\/{rel}","templated":true}]}}